{"id":31136,"date":"2025-02-20T23:32:57","date_gmt":"2025-02-20T22:32:57","guid":{"rendered":"http:\/\/olemosaic.com\/producto\/iman-de-resina-madrid-10-cm\/"},"modified":"2025-07-25T20:13:52","modified_gmt":"2025-07-25T18:13:52","slug":"aimant-resine-madrid-10-cm","status":"publish","type":"product","link":"https:\/\/olemosaic.com\/fr\/produit\/aimant-resine-madrid-10-cm\/","title":{"rendered":"Aimant en r\u00e9sine. Madrid. 10 cm."},"content":{"rendered":"<p>Cet aimant en r\u00e9sine en forme de l\u00e9zard est une repr\u00e9sentation vibrante de Madrid, un souvenir id\u00e9al pour ceux qui recherchent un souvenir authentique de leur visite dans la capitale espagnole. Mesurant 10 cm, cet aimant color\u00e9 se distingue par son design complexe, \u00e9voquant le c\u00e9l\u00e8bre art de la mosa\u00efque, si repr\u00e9sentatif de la culture madril\u00e8ne. Le mot \u00ab\u00a0MADRID\u00a0\u00bb appara\u00eet au centre, dans une couleur noire frappante qui ressort sur un fond rempli de motifs g\u00e9om\u00e9triques et de fleurs aux tons vifs tels que le rouge, le bleu, le vert et le jaune, capturant la joie et le dynamisme de la ville.<\/p>\n<p>Cet aimant n&rsquo;est pas seulement une pi\u00e8ce d\u00e9corative dont le design \u00e9l\u00e9gant s&rsquo;int\u00e9grera dans n&rsquo;importe quel foyer, mais aussi un symbole du caract\u00e8re festif de Madrid. La figure du l\u00e9zard, qui occupe une place particuli\u00e8re dans la tradition espagnole, ajoute une touche unique, faisant de ce souvenir un article tr\u00e8s repr\u00e9sentatif. Chez Ol\u00e9 Mosaic, nous sommes fiers de proposer ce produit authentique, parfait pour les boutiques de cadeaux touristiques cherchant \u00e0 \u00e9largir leur offre avec des souvenirs de qualit\u00e9. Cet aimant de Madrid est une excellente option qui permet aux touristes de ramener un morceau de la riche culture et de l&rsquo;esprit de la ville.<\/p>\n","protected":false},"excerpt":{"rendered":"<p>Aimant en forme de l\u00e9zard, repr\u00e9sentant l&rsquo;essence vibrante de Madrid. Il mesure 10 cm et se distingue par ses couleurs vives et ses motifs complexes, \u00e9voquant le c\u00e9l\u00e8bre art de la mosa\u00efque. Le mot \u00ab\u00a0MADRID\u00a0\u00bb appara\u00eet au centre en noir, une couleur frappante, entour\u00e9 d&rsquo;un design rempli de fleurs et de formes g\u00e9om\u00e9triques qui capturent la joie et le dynamisme de la ville. Id\u00e9al pour d\u00e9corer la maison ou comme souvenir.<\/p>\n","protected":false},"featured_media":10579,"template":"","meta":{"_acf_changed":false},"product_brand":[],"product_cat":[697],"product_tag":[],"class_list":{"0":"post-31136","1":"product","2":"type-product","3":"status-publish","4":"has-post-thumbnail","6":"product_cat-aimants","7":"pa_ciudad-madrid","8":"pa_pais-espana","10":"first","11":"instock","12":"shipping-taxable","13":"product-type-simple"},"acf":[],"_links":{"self":[{"href":"https:\/\/olemosaic.com\/fr\/wp-json\/wp\/v2\/product\/31136","targetHints":{"allow":["GET"]}}],"collection":[{"href":"https:\/\/olemosaic.com\/fr\/wp-json\/wp\/v2\/product"}],"about":[{"href":"https:\/\/olemosaic.com\/fr\/wp-json\/wp\/v2\/types\/product"}],"wp:featuredmedia":[{"embeddable":true,"href":"https:\/\/olemosaic.com\/fr\/wp-json\/wp\/v2\/media\/10579"}],"wp:attachment":[{"href":"https:\/\/olemosaic.com\/fr\/wp-json\/wp\/v2\/media?parent=31136"}],"wp:term":[{"taxonomy":"product_brand","embeddable":true,"href":"https:\/\/olemosaic.com\/fr\/wp-json\/wp\/v2\/product_brand?post=31136"},{"taxonomy":"product_cat","embeddable":true,"href":"https:\/\/olemosaic.com\/fr\/wp-json\/wp\/v2\/product_cat?post=31136"},{"taxonomy":"product_tag","embeddable":true,"href":"https:\/\/olemosaic.com\/fr\/wp-json\/wp\/v2\/product_tag?post=31136"}],"curies":[{"name":"wp","href":"https:\/\/api.w.org\/{rel}","templated":true}]}}