{"id":31134,"date":"2025-02-20T23:32:56","date_gmt":"2025-02-20T22:32:56","guid":{"rendered":"http:\/\/olemosaic.com\/producto\/iman-de-resina-punt-de-trobada-barcelona-10-cm\/"},"modified":"2025-07-25T19:47:24","modified_gmt":"2025-07-25T17:47:24","slug":"aimant-resine-point-de-rencontre-barcelone-10-cm","status":"publish","type":"product","link":"https:\/\/olemosaic.com\/fr\/produit\/aimant-resine-point-de-rencontre-barcelone-10-cm\/","title":{"rendered":"Aimant en r\u00e9sine. Point de rencontre. Barcelone. 10 cm."},"content":{"rendered":"<p>Cet aimant en r\u00e9sine en forme de l\u00e9zard est un charmant souvenir qui capture l&rsquo;essence vibrante de Barcelone, inspir\u00e9 par l&#8217;embl\u00e9matique mosa\u00efque de Gaud\u00ed. Avec des dimensions de 10 cm, cet aimant n&rsquo;est pas seulement fonctionnel, mais agit \u00e9galement comme un v\u00e9ritable \u00e9l\u00e9ment d\u00e9coratif qui transporte ses admirateurs vers la majestueuse architecture moderniste de la cit\u00e9 comtale. Son design color\u00e9 pr\u00e9sente une explosion de tons bleus, jaunes et rouges sur un fond blanc, mettant en valeur le mot \u00ab\u00a0Barcelona\u00a0\u00bb au centre avec une typographie joyeuse qui compl\u00e8te l&rsquo;esth\u00e9tique vibrante de l&rsquo;objet.<\/p>\n<p>La figure du l\u00e9zard est un hommage au c\u00e9l\u00e8bre \u00ab\u00a0Dragon\u00a0\u00bb du parc G\u00fcell, qui repr\u00e9sente la cr\u00e9ativit\u00e9 artistique et la singularit\u00e9 du patrimoine culturel de Barcelone. Cet aimant n&rsquo;est pas seulement un compl\u00e9ment id\u00e9al pour la maison, mais symbolise \u00e9galement la riche histoire du modernisme catalan, ce qui en fait une excellente option pour les touristes souhaitant ramener chez eux un petit morceau de la culture catalane. Chez Ol\u00e9 Mosaic, nous distribuons ce souvenir et d&rsquo;autres articles repr\u00e9sentatifs de l&rsquo;Espagne en gros, garantissant l&rsquo;authenticit\u00e9 et la qualit\u00e9 recherch\u00e9es par les boutiques de cadeaux touristiques. Cet aimant de Barcelone est un moyen parfait de se souvenir de l&rsquo;atmosph\u00e8re effervescente de la ville et de son riche patrimoine artistique.<\/p>\n","protected":false},"excerpt":{"rendered":"<p>Aimant en forme de l\u00e9zard, inspir\u00e9 de la c\u00e9l\u00e8bre mosa\u00efque de Gaud\u00ed, repr\u00e9sentant l&rsquo;essence vibrante de Barcelone. Avec un design color\u00e9 combinant des tons bleus, jaunes et rouges sur un fond blanc, cet aimant de 10 cm met en valeur le mot \u00ab\u00a0Barcelona\u00a0\u00bb au centre. Id\u00e9al pour ramener un morceau de l&rsquo;architecture moderniste de la ville chez soi, ce souvenir capture la cr\u00e9ativit\u00e9 artistique qui d\u00e9finit la culture catalane.<\/p>\n","protected":false},"featured_media":9337,"template":"","meta":{"_acf_changed":false},"product_brand":[],"product_cat":[697],"product_tag":[],"class_list":{"0":"post-31134","1":"product","2":"type-product","3":"status-publish","4":"has-post-thumbnail","6":"product_cat-aimants","7":"pa_ciudad-barcelona","8":"pa_motivo-punt-de-trobada","9":"pa_pais-espana","11":"first","12":"instock","13":"shipping-taxable","14":"product-type-simple"},"acf":[],"_links":{"self":[{"href":"https:\/\/olemosaic.com\/fr\/wp-json\/wp\/v2\/product\/31134","targetHints":{"allow":["GET"]}}],"collection":[{"href":"https:\/\/olemosaic.com\/fr\/wp-json\/wp\/v2\/product"}],"about":[{"href":"https:\/\/olemosaic.com\/fr\/wp-json\/wp\/v2\/types\/product"}],"wp:featuredmedia":[{"embeddable":true,"href":"https:\/\/olemosaic.com\/fr\/wp-json\/wp\/v2\/media\/9337"}],"wp:attachment":[{"href":"https:\/\/olemosaic.com\/fr\/wp-json\/wp\/v2\/media?parent=31134"}],"wp:term":[{"taxonomy":"product_brand","embeddable":true,"href":"https:\/\/olemosaic.com\/fr\/wp-json\/wp\/v2\/product_brand?post=31134"},{"taxonomy":"product_cat","embeddable":true,"href":"https:\/\/olemosaic.com\/fr\/wp-json\/wp\/v2\/product_cat?post=31134"},{"taxonomy":"product_tag","embeddable":true,"href":"https:\/\/olemosaic.com\/fr\/wp-json\/wp\/v2\/product_tag?post=31134"}],"curies":[{"name":"wp","href":"https:\/\/api.w.org\/{rel}","templated":true}]}}