{"id":31133,"date":"2025-02-20T23:32:56","date_gmt":"2025-02-20T22:32:56","guid":{"rendered":"http:\/\/olemosaic.com\/producto\/iman-de-resina-isla-lanzarote\/"},"modified":"2025-07-25T19:36:36","modified_gmt":"2025-07-25T17:36:36","slug":"aimant-resine-ile-lanzarote","status":"publish","type":"product","link":"https:\/\/olemosaic.com\/fr\/produit\/aimant-resine-ile-lanzarote\/","title":{"rendered":"Aimant en r\u00e9sine. \u00cele. Lanzarote."},"content":{"rendered":"<p>Cet aimant en r\u00e9sine en forme de l&rsquo;\u00eele de Lanzarote est un souvenir vibrant et plein de caract\u00e8re, id\u00e9al pour ceux qui souhaitent ramener un petit morceau de cette magnifique \u00eele des Canaries chez eux. Avec un design en relief qui capture l&rsquo;essence du paysage volcanique de Lanzarote, cet aimant se distingue par ses couleurs vibrantes, allant du rouge intense au vert \u00e9meraude, le tout sur un fond noir qui rehausse son attrait visuel. Le nom \u00ab\u00a0Lanzarote\u00a0\u00bb appara\u00eet en lettres color\u00e9es, ajoutant une touche joyeuse et distinctive au produit.<\/p>\n<p>L&rsquo;\u00eele de Lanzarote est connue pour sa beaut\u00e9 naturelle unique, domin\u00e9e par ses paysages volcaniques et ses plages de sable dor\u00e9, et cet aimant est une repr\u00e9sentation parfaite de cette richesse. L&rsquo;artisanat de ce souvenir souligne non seulement l&rsquo;authenticit\u00e9 de la culture canarienne, mais en fait \u00e9galement un excellent cadeau pour les touristes \u00e0 la recherche de souvenirs repr\u00e9sentatifs de leur visite. Chez Ol\u00e9 Mosaic, nous sommes des distributeurs de souvenirs de qualit\u00e9 en gros, et cet aimant de Lanzarote est un choix id\u00e9al pour les boutiques de cadeaux touristiques souhaitant proposer des produits c\u00e9l\u00e9brant l&rsquo;h\u00e9ritage culturel espagnol. Avec son design attrayant et sa pertinence culturelle, cet aimant devient le souvenir parfait d&rsquo;une destination inoubliable.<\/p>\n","protected":false},"excerpt":{"rendered":"<p>Aimant en forme de l&rsquo;\u00eele de Lanzarote, d\u00e9cor\u00e9 de couleurs vibrantes \u00e9voquant le paysage volcanique de la r\u00e9gion. Cet aimant se distingue par son design en relief, combinant des tons brillants avec un fond noir qui fait ressortir le nom \u00ab\u00a0Lanzarote\u00a0\u00bb en lettres color\u00e9es. Id\u00e9al pour ceux qui souhaitent ramener un morceau de cette belle \u00eele des Canaries chez eux, c&rsquo;est un excellent souvenir de sa beaut\u00e9 naturelle et culturelle.<\/p>\n","protected":false},"featured_media":10427,"template":"","meta":{"_acf_changed":false},"product_brand":[],"product_cat":[697],"product_tag":[],"class_list":{"0":"post-31133","1":"product","2":"type-product","3":"status-publish","4":"has-post-thumbnail","6":"product_cat-aimants","7":"pa_ciudad-lanzarote","8":"pa_motivo-iles","9":"pa_pais-espana","11":"first","12":"instock","13":"shipping-taxable","14":"product-type-simple"},"acf":[],"_links":{"self":[{"href":"https:\/\/olemosaic.com\/fr\/wp-json\/wp\/v2\/product\/31133","targetHints":{"allow":["GET"]}}],"collection":[{"href":"https:\/\/olemosaic.com\/fr\/wp-json\/wp\/v2\/product"}],"about":[{"href":"https:\/\/olemosaic.com\/fr\/wp-json\/wp\/v2\/types\/product"}],"wp:featuredmedia":[{"embeddable":true,"href":"https:\/\/olemosaic.com\/fr\/wp-json\/wp\/v2\/media\/10427"}],"wp:attachment":[{"href":"https:\/\/olemosaic.com\/fr\/wp-json\/wp\/v2\/media?parent=31133"}],"wp:term":[{"taxonomy":"product_brand","embeddable":true,"href":"https:\/\/olemosaic.com\/fr\/wp-json\/wp\/v2\/product_brand?post=31133"},{"taxonomy":"product_cat","embeddable":true,"href":"https:\/\/olemosaic.com\/fr\/wp-json\/wp\/v2\/product_cat?post=31133"},{"taxonomy":"product_tag","embeddable":true,"href":"https:\/\/olemosaic.com\/fr\/wp-json\/wp\/v2\/product_tag?post=31133"}],"curies":[{"name":"wp","href":"https:\/\/api.w.org\/{rel}","templated":true}]}}