{"id":31125,"date":"2025-02-20T23:32:56","date_gmt":"2025-02-20T22:32:56","guid":{"rendered":"http:\/\/olemosaic.com\/producto\/iman-de-resina-bailaora-marbella-75-cm\/"},"modified":"2025-07-25T18:37:31","modified_gmt":"2025-07-25T16:37:31","slug":"aimant-resine-danseuse-flamenco-marbella-7-5-cm","status":"publish","type":"product","link":"https:\/\/olemosaic.com\/fr\/produit\/aimant-resine-danseuse-flamenco-marbella-7-5-cm\/","title":{"rendered":"Aimant en r\u00e9sine. Danseuse de flamenco. Marbella. 7,5 cm."},"content":{"rendered":"<p>Cet aimant en r\u00e9sine de Marbella est un souvenir vibrant qui capture l&rsquo;essence du folklore andalou \u00e0 travers deux \u00e9l\u00e9gantes danseuses de flamenco. D&rsquo;une taille de 7,5 cm, ce design color\u00e9 pr\u00e9sente les danseuses v\u00eatues de robes \u00e0 volants en rouge et bleu, orn\u00e9es de teintes vives qui \u00e9voquent la joie et l&rsquo;esprit festif de la r\u00e9gion. Le fond en mosa\u00efque souligne la tradition artistique de l&rsquo;Andalousie, tandis que le nom \u00ab\u00a0MARBELLA\u00a0\u00bb s&rsquo;affiche en lettres multicolores, ajoutant une touche de gaiet\u00e9 et de caract\u00e8re \u00e0 cette pi\u00e8ce.<\/p>\n<p>Cet aimant n&rsquo;est pas seulement un \u00e9l\u00e9ment d\u00e9coratif, mais symbolise \u00e9galement le riche h\u00e9ritage culturel de Marbella, une ville connue pour sa sc\u00e8ne flamenca vibrante et son ambiance festive. De plus, il repr\u00e9sente un lien direct avec la tradition andalouse, ce qui en fait le souvenir parfait pour les touristes souhaitant emporter un petit morceau de la culture locale.<\/p>\n<p>Chez Ol\u00e9 Mosaic, nous nous sp\u00e9cialisons dans la distribution de souvenirs en gros, et cet aimant de Marbella est une excellente option pour les boutiques de cadeaux touristiques \u00e0 la recherche d&rsquo;articles authentiques et significatifs. En tant que grossistes en souvenirs, nous proposons des produits qui mettent en valeur la beaut\u00e9 et l&rsquo;art de l&rsquo;Espagne, garantissant qualit\u00e9 et pertinence culturelle dans chaque choix.<\/p>\n","protected":false},"excerpt":{"rendered":"<p>Aimant capturant l&rsquo;essence de Marbella \u00e0 travers deux \u00e9l\u00e9gantes danseuses de flamenco. Il mesure 7,5 cm et pr\u00e9sente un design vibrant avec des robes \u00e0 volants en rouge et bleu, orn\u00e9es de couleurs vives qui \u00e9voquent la joie du folklore andalou. Le fond en mosa\u00efque rehausse le charme de la r\u00e9gion, tandis que le nom \u00ab\u00a0MARBELLA\u00a0\u00bb s&rsquo;affiche en lettres multicolores, faisant de cet aimant un souvenir parfait de la tradition culturelle andalouse.<\/p>\n","protected":false},"featured_media":13811,"template":"","meta":{"_acf_changed":false},"product_brand":[],"product_cat":[697],"product_tag":[],"class_list":{"0":"post-31125","1":"product","2":"type-product","3":"status-publish","4":"has-post-thumbnail","6":"product_cat-aimants","7":"pa_ciudad-marbella","8":"pa_motivo-danseurs","9":"pa_pais-espana","11":"first","12":"instock","13":"shipping-taxable","14":"product-type-simple"},"acf":[],"_links":{"self":[{"href":"https:\/\/olemosaic.com\/fr\/wp-json\/wp\/v2\/product\/31125","targetHints":{"allow":["GET"]}}],"collection":[{"href":"https:\/\/olemosaic.com\/fr\/wp-json\/wp\/v2\/product"}],"about":[{"href":"https:\/\/olemosaic.com\/fr\/wp-json\/wp\/v2\/types\/product"}],"wp:featuredmedia":[{"embeddable":true,"href":"https:\/\/olemosaic.com\/fr\/wp-json\/wp\/v2\/media\/13811"}],"wp:attachment":[{"href":"https:\/\/olemosaic.com\/fr\/wp-json\/wp\/v2\/media?parent=31125"}],"wp:term":[{"taxonomy":"product_brand","embeddable":true,"href":"https:\/\/olemosaic.com\/fr\/wp-json\/wp\/v2\/product_brand?post=31125"},{"taxonomy":"product_cat","embeddable":true,"href":"https:\/\/olemosaic.com\/fr\/wp-json\/wp\/v2\/product_cat?post=31125"},{"taxonomy":"product_tag","embeddable":true,"href":"https:\/\/olemosaic.com\/fr\/wp-json\/wp\/v2\/product_tag?post=31125"}],"curies":[{"name":"wp","href":"https:\/\/api.w.org\/{rel}","templated":true}]}}