{"id":31124,"date":"2025-02-20T23:32:56","date_gmt":"2025-02-20T22:32:56","guid":{"rendered":"http:\/\/olemosaic.com\/producto\/iman-de-resina-sagrada-familia-barcelona\/"},"modified":"2025-07-25T20:26:02","modified_gmt":"2025-07-25T18:26:02","slug":"aimant-resine-sagrada-familia-barcelone","status":"publish","type":"product","link":"https:\/\/olemosaic.com\/fr\/produit\/aimant-resine-sagrada-familia-barcelone\/","title":{"rendered":"Aimant en r\u00e9sine. Sagrada Familia. Barcelone."},"content":{"rendered":"<p>Cet aimant en r\u00e9sine de la Sagrada Familia est un souvenir incontournable pour ceux qui visitent Barcelone et souhaitent emporter un morceau de son histoire architecturale. Il repr\u00e9sente, de mani\u00e8re fid\u00e8le et d\u00e9taill\u00e9e, l&#8217;embl\u00e9matique basilique con\u00e7ue par Antoni Gaud\u00ed, c\u00e9l\u00e8bre pour ses tours iconiques et son impressionnante fa\u00e7ade. Les d\u00e9tails architecturaux \u00e9labor\u00e9s qui ornent l&rsquo;aimant, dans des tons vibrants de dor\u00e9 et de terre cuite, permettent d&rsquo;appr\u00e9cier la grandeur de l&rsquo;\u0153uvre, capturant l&rsquo;essence du modernisme catalan.<\/p>\n<p>Il int\u00e8gre l&rsquo;inscription \u00ab\u00a0Barcelona Sagrada Familia\u00a0\u00bb \u00e0 la base, ce qui ajoute une touche personnelle et significative, parfaite pour \u00eatre expos\u00e9e sur n&rsquo;importe quelle surface m\u00e9tallique, des r\u00e9frig\u00e9rateurs aux tableaux blancs. Cet aimant n&rsquo;est pas seulement un objet d\u00e9coratif, mais aussi un t\u00e9moignage du patrimoine culturel catalan, refl\u00e9tant la d\u00e9votion et la passion que Gaud\u00ed a insuffl\u00e9es dans son \u0153uvre.<\/p>\n<p>Chez Ol\u00e9 Mosaic, nous nous sp\u00e9cialisons dans la distribution de souvenirs en gros, et cet aimant en r\u00e9sine est une excellente option pour les boutiques de cadeaux touristiques \u00e0 la recherche d&rsquo;articles authentiques et repr\u00e9sentatifs de la culture espagnole. Un souvenir id\u00e9al qui capture l&rsquo;essence de Barcelone et enrichit l&rsquo;offre de tout commerce souhaitant attirer les touristes.<\/p>\n","protected":false},"excerpt":{"rendered":"<p>Aimant de la Sagrada Familia, le monument embl\u00e9matique de Barcelone. Cet aimant attrayant pr\u00e9sente une repr\u00e9sentation d\u00e9taill\u00e9e de la c\u00e9l\u00e8bre basilique, mettant en avant ses tours iconiques et ses d\u00e9tails architecturaux \u00e9labor\u00e9s dans des tons vibrants de dor\u00e9 et de terre cuite. La base comprend l&rsquo;inscription \u00ab\u00a0Barcelona Sagrada Familia\u00a0\u00bb, ce qui en fait un souvenir parfait de la ville. Id\u00e9al pour orner toute surface m\u00e9tallique, cet aimant capture l&rsquo;essence du chef-d&rsquo;\u0153uvre de Gaud\u00ed.<\/p>\n","protected":false},"featured_media":6740,"template":"","meta":{"_acf_changed":false},"product_brand":[],"product_cat":[697],"product_tag":[],"class_list":{"0":"post-31124","1":"product","2":"type-product","3":"status-publish","4":"has-post-thumbnail","6":"product_cat-aimants","7":"pa_ciudad-barcelona","8":"pa_motivo-sagrada-familia","9":"pa_pais-espana","11":"first","12":"instock","13":"shipping-taxable","14":"product-type-simple"},"acf":[],"_links":{"self":[{"href":"https:\/\/olemosaic.com\/fr\/wp-json\/wp\/v2\/product\/31124","targetHints":{"allow":["GET"]}}],"collection":[{"href":"https:\/\/olemosaic.com\/fr\/wp-json\/wp\/v2\/product"}],"about":[{"href":"https:\/\/olemosaic.com\/fr\/wp-json\/wp\/v2\/types\/product"}],"wp:featuredmedia":[{"embeddable":true,"href":"https:\/\/olemosaic.com\/fr\/wp-json\/wp\/v2\/media\/6740"}],"wp:attachment":[{"href":"https:\/\/olemosaic.com\/fr\/wp-json\/wp\/v2\/media?parent=31124"}],"wp:term":[{"taxonomy":"product_brand","embeddable":true,"href":"https:\/\/olemosaic.com\/fr\/wp-json\/wp\/v2\/product_brand?post=31124"},{"taxonomy":"product_cat","embeddable":true,"href":"https:\/\/olemosaic.com\/fr\/wp-json\/wp\/v2\/product_cat?post=31124"},{"taxonomy":"product_tag","embeddable":true,"href":"https:\/\/olemosaic.com\/fr\/wp-json\/wp\/v2\/product_tag?post=31124"}],"curies":[{"name":"wp","href":"https:\/\/api.w.org\/{rel}","templated":true}]}}