{"id":31123,"date":"2025-02-20T23:32:55","date_gmt":"2025-02-20T22:32:55","guid":{"rendered":"http:\/\/olemosaic.com\/producto\/iman-de-resina-bailaora-malaga-75-cm\/"},"modified":"2025-07-25T18:45:29","modified_gmt":"2025-07-25T16:45:29","slug":"aimant-resine-danseuse-flamenco-malaga-7-5-cm","status":"publish","type":"product","link":"https:\/\/olemosaic.com\/fr\/produit\/aimant-resine-danseuse-flamenco-malaga-7-5-cm\/","title":{"rendered":"Aimant en r\u00e9sine. Danseuse de flamenco. Malaga. 7,5 cm."},"content":{"rendered":"<p>Cet aimant en r\u00e9sine de 7,5 cm est un bijou artisanal repr\u00e9sentant deux danseuses de flamenco, symbole embl\u00e9matique de Malaga. Avec une palette de couleurs vibrantes, les danseuses portent des robes pleines de volants dans des tons vifs de rouge, bleu et jaune, \u00e9voquant l&rsquo;\u00e9nergie et la passion caract\u00e9ristiques de l&rsquo;art flamenco. L&rsquo;attention port\u00e9e aux d\u00e9tails est impressionnante, capturant des mouvements \u00e9l\u00e9gants et des gestes qui invitent \u00e0 se souvenir de la joie d&rsquo;une f\u00eate flamenca.<\/p>\n<p>Le fond de l&rsquo;aimant, avec son style mosa\u00efque, \u00e9voque la riche culture et tradition andalouse, un clin d&rsquo;\u0153il \u00e0 la c\u00e9l\u00e8bre c\u00e9ramique de la r\u00e9gion et \u00e0 l&rsquo;esth\u00e9tique des rues color\u00e9es de Malaga. Cet \u00e9l\u00e9ment ajoute non seulement une touche artistique, mais connecte \u00e9galement celui qui le poss\u00e8de \u00e0 l&rsquo;h\u00e9ritage culturel de la ville.<\/p>\n<p>En tant que souvenir de Malaga, cet aimant n&rsquo;est pas seulement un rappel visuel de moments sp\u00e9ciaux, mais aussi une excellente option pour les touristes \u00e0 la recherche de souvenirs authentiques et repr\u00e9sentatifs de leur visite. Chez Ol\u00e9 Mosaic, nous sommes fiers de proposer des produits de qualit\u00e9 en gros, et cet aimant de danseuses est parfait pour les boutiques de cadeaux touristiques souhaitant ajouter \u00e0 leur collection des souvenirs de flamenco authentiques et culturels.<\/p>\n","protected":false},"excerpt":{"rendered":"<p>Aimant de 7,5 cm repr\u00e9sentant deux danseuses de flamenco, symbole embl\u00e9matique de Malaga. Cet aimant color\u00e9 montre les danseuses avec des robes vibrantes, orn\u00e9es de volants dans les tons rouges, bleus et jaunes, \u00e9voquant l&rsquo;\u00e9nergie de l&rsquo;art flamenco. Le fond, de style mosa\u00efque, sugg\u00e8re la riche culture et tradition andalouse. Parfait pour se souvenir de moments sp\u00e9ciaux dans la ville.<\/p>\n","protected":false},"featured_media":13810,"template":"","meta":{"_acf_changed":false},"product_brand":[],"product_cat":[697],"product_tag":[],"class_list":{"0":"post-31123","1":"product","2":"type-product","3":"status-publish","4":"has-post-thumbnail","6":"product_cat-aimants","7":"pa_ciudad-malaga","8":"pa_motivo-danseurs","9":"pa_pais-espana","11":"first","12":"instock","13":"shipping-taxable","14":"product-type-simple"},"acf":[],"_links":{"self":[{"href":"https:\/\/olemosaic.com\/fr\/wp-json\/wp\/v2\/product\/31123","targetHints":{"allow":["GET"]}}],"collection":[{"href":"https:\/\/olemosaic.com\/fr\/wp-json\/wp\/v2\/product"}],"about":[{"href":"https:\/\/olemosaic.com\/fr\/wp-json\/wp\/v2\/types\/product"}],"wp:featuredmedia":[{"embeddable":true,"href":"https:\/\/olemosaic.com\/fr\/wp-json\/wp\/v2\/media\/13810"}],"wp:attachment":[{"href":"https:\/\/olemosaic.com\/fr\/wp-json\/wp\/v2\/media?parent=31123"}],"wp:term":[{"taxonomy":"product_brand","embeddable":true,"href":"https:\/\/olemosaic.com\/fr\/wp-json\/wp\/v2\/product_brand?post=31123"},{"taxonomy":"product_cat","embeddable":true,"href":"https:\/\/olemosaic.com\/fr\/wp-json\/wp\/v2\/product_cat?post=31123"},{"taxonomy":"product_tag","embeddable":true,"href":"https:\/\/olemosaic.com\/fr\/wp-json\/wp\/v2\/product_tag?post=31123"}],"curies":[{"name":"wp","href":"https:\/\/api.w.org\/{rel}","templated":true}]}}