{"id":31122,"date":"2025-02-20T23:32:55","date_gmt":"2025-02-20T22:32:55","guid":{"rendered":"http:\/\/olemosaic.com\/producto\/iman-de-resina-bailaora-sevilla-75-cm\/"},"modified":"2025-07-25T20:17:42","modified_gmt":"2025-07-25T18:17:42","slug":"aimant-resine-danseuse-flamenco-seville-7-5-cm","status":"publish","type":"product","link":"https:\/\/olemosaic.com\/fr\/produit\/aimant-resine-danseuse-flamenco-seville-7-5-cm\/","title":{"rendered":"Aimant en r\u00e9sine. Danseuse de flamenco. S\u00e9ville. 7,5 cm."},"content":{"rendered":"<p>Cet aimant en r\u00e9sine de 7,5 cm est un souvenir vibrant de S\u00e9ville qui capture l&rsquo;essence du flamenco. Son design color\u00e9 pr\u00e9sente deux danseuses qui, avec leurs spectaculaires robes \u00e0 volants dans les tons rouges et bleus, semblent prendre vie sur un fond caract\u00e9ristique rappelant une mosa\u00efque andalouse. Les danseuses, orn\u00e9es de fleurs dans leurs cheveux sombres, sont plong\u00e9es dans la danse, transmettant le mouvement, la joie et la passion du flamenco. Le mot \u00ab\u00a0SEVILLA\u00a0\u00bb se d\u00e9tache en lettres frappantes, soulignant le lien culturel de ce souvenir avec la magnifique ville, berceau du flamenco.<\/p>\n<p>Cet aimant ne se distingue pas seulement par son esth\u00e9tique, mais aussi par son authenticit\u00e9 en tant que souvenir repr\u00e9sentatif de la riche tradition andalouse. Id\u00e9al pour les touristes cherchant \u00e0 emporter un petit morceau de S\u00e9ville, ce souvenir est parfait pour se rem\u00e9morer les f\u00eates vibrantes et l&rsquo;ambiance festive de la ville. Ol\u00e9 Mosaic est fier d&rsquo;\u00eatre un distributeur en gros de souvenirs, proposant cet adorable aimant de flamenco qui attirera sans aucun doute l&rsquo;attention des boutiques de cadeaux touristiques. Un aimant en r\u00e9sine qui met en valeur la culture espagnole et son pr\u00e9cieux patrimoine artistique.<\/p>\n","protected":false},"excerpt":{"rendered":"<p>Aimant de 7,5 cm capturant l&rsquo;essence du flamenco s\u00e9villan. Cette repr\u00e9sentation color\u00e9e montre deux danseuses v\u00eatues de robes \u00e0 volants vibrantes, sur un fond simulant une mosa\u00efque. Les danseuses, orn\u00e9es de fleurs dans les cheveux, transmettent le mouvement et la joie de la danse andalouse, tandis que le mot \u00ab\u00a0SEVILLA\u00a0\u00bb, en lettres frappantes, souligne la repr\u00e9sentation culturelle. Un souvenir authentique et joyeux, id\u00e9al pour emporter un petit morceau de S\u00e9ville.<\/p>\n","protected":false},"featured_media":13809,"template":"","meta":{"_acf_changed":false},"product_brand":[],"product_cat":[697],"product_tag":[],"class_list":{"0":"post-31122","1":"product","2":"type-product","3":"status-publish","4":"has-post-thumbnail","6":"product_cat-aimants","7":"pa_ciudad-sevilla","8":"pa_motivo-danseurs","9":"pa_pais-espana","11":"first","12":"instock","13":"shipping-taxable","14":"product-type-simple"},"acf":[],"_links":{"self":[{"href":"https:\/\/olemosaic.com\/fr\/wp-json\/wp\/v2\/product\/31122","targetHints":{"allow":["GET"]}}],"collection":[{"href":"https:\/\/olemosaic.com\/fr\/wp-json\/wp\/v2\/product"}],"about":[{"href":"https:\/\/olemosaic.com\/fr\/wp-json\/wp\/v2\/types\/product"}],"wp:featuredmedia":[{"embeddable":true,"href":"https:\/\/olemosaic.com\/fr\/wp-json\/wp\/v2\/media\/13809"}],"wp:attachment":[{"href":"https:\/\/olemosaic.com\/fr\/wp-json\/wp\/v2\/media?parent=31122"}],"wp:term":[{"taxonomy":"product_brand","embeddable":true,"href":"https:\/\/olemosaic.com\/fr\/wp-json\/wp\/v2\/product_brand?post=31122"},{"taxonomy":"product_cat","embeddable":true,"href":"https:\/\/olemosaic.com\/fr\/wp-json\/wp\/v2\/product_cat?post=31122"},{"taxonomy":"product_tag","embeddable":true,"href":"https:\/\/olemosaic.com\/fr\/wp-json\/wp\/v2\/product_tag?post=31122"}],"curies":[{"name":"wp","href":"https:\/\/api.w.org\/{rel}","templated":true}]}}