{"id":31105,"date":"2025-02-20T23:32:55","date_gmt":"2025-02-20T22:32:55","guid":{"rendered":"http:\/\/olemosaic.com\/producto\/iman-de-resina-flores-madrid-10-cm\/"},"modified":"2025-07-25T18:52:50","modified_gmt":"2025-07-25T16:52:50","slug":"aimant-resine-fleurs-madrid-10-cm","status":"publish","type":"product","link":"https:\/\/olemosaic.com\/fr\/produit\/aimant-resine-fleurs-madrid-10-cm\/","title":{"rendered":"Aimant en r\u00e9sine. Fleurs. Madrid. 10 cm."},"content":{"rendered":"<p>Cet aimant en r\u00e9sine de 10 cm, inspir\u00e9 du style vibrant de Madrid, est une pi\u00e8ce color\u00e9e et joyeuse qui capture l&rsquo;essence festive de la capitale espagnole. En forme de l\u00e9zard, ce souvenir attrayant est peint \u00e0 la main et pr\u00e9sente un design rempli de fleurs et de motifs all\u00e9goriques qui \u00e9voquent la riche diversit\u00e9 culturelle de la ville. La palette de couleurs vives comprend des tons rouges, bleus et verts, cr\u00e9ant un effet visuel percutant et joyeux qui souligne le caract\u00e8re dynamique de Madrid. Le mot \u00ab\u00a0MADRID\u00a0\u00bb est situ\u00e9 au centre, apportant une touche personnelle qui fait de cet aimant un souvenir authentique et repr\u00e9sentatif, parfait pour ceux qui souhaitent emporter un morceau de la ville.<\/p>\n<p>Id\u00e9al pour d\u00e9corer toute surface m\u00e9tallique, cet aimant est plus qu&rsquo;un simple accessoire ; c&rsquo;est un symbole de la vie madril\u00e8ne vibrante et de sa riche tradition. Chez Ol\u00e9 Mosaic, nous sommes sp\u00e9cialis\u00e9s dans la distribution de souvenirs en gros, proposant des articles qui se distinguent par leur qualit\u00e9 et leur pertinence culturelle. Cet aimant \u00e0 fleurs est une excellente option pour les boutiques de cadeaux touristiques \u00e0 la recherche de souvenirs uniques et authentiques de Madrid, capturant l&rsquo;essence de la ville dans un objet petit mais significatif. En tant que grossistes de souvenirs, nous garantissons l&rsquo;authenticit\u00e9 et l&rsquo;attrait de chaque produit, faisant de chaque achat un investissement dans la culture locale.<\/p>\n","protected":false},"excerpt":{"rendered":"<p>Aimant de 10 cm inspir\u00e9 par le style vibrant de Madrid, en forme de l\u00e9zard color\u00e9. Cet aimant attrayant pr\u00e9sente un design artisanal, peint \u00e0 la main, rempli de fleurs et de motifs all\u00e9goriques, mettant en avant une palette de couleurs vives comprenant des rouges, des bleus et des verts. Le mot \u00ab\u00a0MADRID\u00a0\u00bb est situ\u00e9 au centre, offrant une touche personnelle \u00e0 ce souvenir qui capture l&rsquo;essence festive de la ville. Id\u00e9al pour d\u00e9corer toute surface m\u00e9tallique.<\/p>\n","protected":false},"featured_media":10577,"template":"","meta":{"_acf_changed":false},"product_brand":[],"product_cat":[697],"product_tag":[],"class_list":{"0":"post-31105","1":"product","2":"type-product","3":"status-publish","4":"has-post-thumbnail","6":"product_cat-aimants","7":"pa_ciudad-madrid","8":"pa_motivo-fleurs","9":"pa_pais-espana","11":"first","12":"instock","13":"shipping-taxable","14":"product-type-simple"},"acf":[],"_links":{"self":[{"href":"https:\/\/olemosaic.com\/fr\/wp-json\/wp\/v2\/product\/31105","targetHints":{"allow":["GET"]}}],"collection":[{"href":"https:\/\/olemosaic.com\/fr\/wp-json\/wp\/v2\/product"}],"about":[{"href":"https:\/\/olemosaic.com\/fr\/wp-json\/wp\/v2\/types\/product"}],"wp:featuredmedia":[{"embeddable":true,"href":"https:\/\/olemosaic.com\/fr\/wp-json\/wp\/v2\/media\/10577"}],"wp:attachment":[{"href":"https:\/\/olemosaic.com\/fr\/wp-json\/wp\/v2\/media?parent=31105"}],"wp:term":[{"taxonomy":"product_brand","embeddable":true,"href":"https:\/\/olemosaic.com\/fr\/wp-json\/wp\/v2\/product_brand?post=31105"},{"taxonomy":"product_cat","embeddable":true,"href":"https:\/\/olemosaic.com\/fr\/wp-json\/wp\/v2\/product_cat?post=31105"},{"taxonomy":"product_tag","embeddable":true,"href":"https:\/\/olemosaic.com\/fr\/wp-json\/wp\/v2\/product_tag?post=31105"}],"curies":[{"name":"wp","href":"https:\/\/api.w.org\/{rel}","templated":true}]}}