{"id":31104,"date":"2025-02-20T23:32:54","date_gmt":"2025-02-20T22:32:54","guid":{"rendered":"http:\/\/olemosaic.com\/producto\/iman-de-resina-panoramica-barcelona-3\/"},"modified":"2025-07-25T20:42:27","modified_gmt":"2025-07-25T18:42:27","slug":"aimant-resine-panoramique-barcelone-3","status":"publish","type":"product","link":"https:\/\/olemosaic.com\/fr\/produit\/aimant-resine-panoramique-barcelone-3\/","title":{"rendered":"Aimant en r\u00e9sine. Panoramique. Sagrada Familia. Barcelone."},"content":{"rendered":"<p>Cet aimant en r\u00e9sine, avec une vue panoramique vibrante de Barcelone, est le souvenir id\u00e9al pour ceux qui souhaitent emporter un petit morceau unique de la capitale catalane. Con\u00e7u dans un style mosa\u00efque qui \u00e9voque les \u0153uvres du c\u00e9l\u00e8bre architecte Antoni Gaud\u00ed, cet aimant color\u00e9 pr\u00e9sente des ic\u00f4nes embl\u00e9matiques de la ville, telles que la Sagrada Familia, la Casa Batll\u00f3 et le Parc G\u00fcell. Avec une repr\u00e9sentation d\u00e9taill\u00e9e de chaque monument, les couleurs vives et les contours soigneusement trac\u00e9s soulignent la beaut\u00e9 architecturale qui d\u00e9finit Barcelone.<\/p>\n<p>La base de l&rsquo;aimant met en avant le nom \u00ab\u00a0Barcelone\u00a0\u00bb en lettres grandes et frappantes, ce qui fait de ce produit non seulement un article d\u00e9coratif, mais aussi une pi\u00e8ce fonctionnelle pour n&rsquo;importe quel r\u00e9frig\u00e9rateur. La texture de la r\u00e9sine ajoute une finition brillante et durable, garantissant que chaque visite au r\u00e9frig\u00e9rateur rappelle des moments inoubliables dans cette ville pleine d&rsquo;histoire et de modernit\u00e9.<\/p>\n<p>En acqu\u00e9rant cet aimant, on n&rsquo;ach\u00e8te pas seulement un souvenir, mais aussi un fragment de la riche culture catalane, parfait pour les touristes \u00e0 la recherche de souvenirs repr\u00e9sentatifs et authentiques. Chez Ol\u00e9 Mosaic, en tant que grossistes de souvenirs de Barcelone, nous garantissons que chaque pi\u00e8ce \u00e9voque l&rsquo;essence de cette ville magnifique, en faisant une excellente option pour les boutiques de cadeaux touristiques qui recherchent qualit\u00e9 et authenticit\u00e9.<\/p>\n","protected":false},"excerpt":{"rendered":"<p>Aimant avec une vue panoramique vibrante de Barcelone, capturant l&rsquo;essence de la ville moderniste. Cet aimant color\u00e9 pr\u00e9sente des ic\u00f4nes embl\u00e9matiques telles que la Sagrada Familia, la Casa Batll\u00f3 et le Parc G\u00fcell, tous repr\u00e9sent\u00e9s dans un design de style mosa\u00efque rappelant les \u0153uvres de Gaud\u00ed. Avec des d\u00e9tails multicolores et une base qui met en valeur le nom \u00ab\u00a0Barcelone\u00a0\u00bb, ce souvenir est parfait pour se souvenir de la beaut\u00e9 architecturale et culturelle de la ville.<\/p>\n","protected":false},"featured_media":9355,"template":"","meta":{"_acf_changed":false},"product_brand":[],"product_cat":[697],"product_tag":[],"class_list":{"0":"post-31104","1":"product","2":"type-product","3":"status-publish","4":"has-post-thumbnail","6":"product_cat-aimants","7":"pa_ciudad-barcelona","8":"pa_motivo-panoramas","9":"pa_pais-espana","11":"first","12":"instock","13":"shipping-taxable","14":"product-type-simple"},"acf":[],"_links":{"self":[{"href":"https:\/\/olemosaic.com\/fr\/wp-json\/wp\/v2\/product\/31104","targetHints":{"allow":["GET"]}}],"collection":[{"href":"https:\/\/olemosaic.com\/fr\/wp-json\/wp\/v2\/product"}],"about":[{"href":"https:\/\/olemosaic.com\/fr\/wp-json\/wp\/v2\/types\/product"}],"wp:featuredmedia":[{"embeddable":true,"href":"https:\/\/olemosaic.com\/fr\/wp-json\/wp\/v2\/media\/9355"}],"wp:attachment":[{"href":"https:\/\/olemosaic.com\/fr\/wp-json\/wp\/v2\/media?parent=31104"}],"wp:term":[{"taxonomy":"product_brand","embeddable":true,"href":"https:\/\/olemosaic.com\/fr\/wp-json\/wp\/v2\/product_brand?post=31104"},{"taxonomy":"product_cat","embeddable":true,"href":"https:\/\/olemosaic.com\/fr\/wp-json\/wp\/v2\/product_cat?post=31104"},{"taxonomy":"product_tag","embeddable":true,"href":"https:\/\/olemosaic.com\/fr\/wp-json\/wp\/v2\/product_tag?post=31104"}],"curies":[{"name":"wp","href":"https:\/\/api.w.org\/{rel}","templated":true}]}}