{"id":31103,"date":"2025-02-20T23:32:54","date_gmt":"2025-02-20T22:32:54","guid":{"rendered":"http:\/\/olemosaic.com\/producto\/iman-de-resina-panoramica-barcelona-2\/"},"modified":"2025-07-25T18:56:39","modified_gmt":"2025-07-25T16:56:39","slug":"aimant-resine-panoramique-barcelone-2","status":"publish","type":"product","link":"https:\/\/olemosaic.com\/fr\/produit\/aimant-resine-panoramique-barcelone-2\/","title":{"rendered":"Aimant en r\u00e9sine. Panoramique. Mosa\u00efque. Barcelone."},"content":{"rendered":"<p>Cet aimant en r\u00e9sine, avec une vue panoramique color\u00e9e de Barcelone, est le souvenir parfait pour ceux qui souhaitent emporter avec eux l&rsquo;essence de cette vibrante ville catalane. Le design pr\u00e9sente une repr\u00e9sentation iconique de la Sagrada Familia, chef-d&rsquo;\u0153uvre du modernisme architectural, entour\u00e9e d&rsquo;autres \u00e9difices embl\u00e9matiques tels que la Casa Batll\u00f3 et la Torre Gl\u00f2ries, tous illustr\u00e9s dans un style inspir\u00e9 des mosa\u00efques. Cette technique, qui \u00e9voque l&rsquo;h\u00e9ritage du c\u00e9l\u00e8bre architecte Antoni Gaud\u00ed, se traduit par une explosion de couleurs vibrantes, avec des tons rouges, bleus et verts, qui conf\u00e8rent \u00e0 l&rsquo;aimant une apparence dynamique et captivante. De plus, le mot \u00ab\u00a0Barcelone\u00a0\u00bb est pr\u00e9sent\u00e9 en lettres d\u00e9coratives, ajoutant une touche distinctive et personnelle.<\/p>\n<p>Cet aimant n&rsquo;est pas seulement un souvenir pratique, il se distingue \u00e9galement comme une \u0153uvre d&rsquo;art qui capture la magie et la singularit\u00e9 de la capitale catalane. Les visiteurs pourront se souvenir de leur s\u00e9jour \u00e0 Barcelone gr\u00e2ce \u00e0 ce souvenir authentique qui refl\u00e8te la riche histoire culturelle et architecturale de la ville. Chez Ol\u00e9 Mosaic, nous sommes sp\u00e9cialis\u00e9s dans la distribution de souvenirs en gros, proposant cet aimant de Barcelone et d&rsquo;autres produits qui c\u00e9l\u00e8brent la diversit\u00e9 culturelle espagnole. Id\u00e9al pour les boutiques de cadeaux touristiques, cet aimant est un choix m\u00e9morable pour ceux qui recherchent des souvenirs authentiques et de qualit\u00e9 de leur visite.<\/p>\n","protected":false},"excerpt":{"rendered":"<p>Aimant avec une vue panoramique color\u00e9e de Barcelone, mettant en avant l&#8217;embl\u00e9matique Sagrada Familia et le modernisme architectural de la ville. Cet aimant attrayant pr\u00e9sente un design inspir\u00e9 des mosa\u00efques, avec des d\u00e9tails vibrants dans les tons rouges, bleus et verts. Il inclut le mot \u00ab\u00a0Barcelone\u00a0\u00bb en lettres d\u00e9coratives, ce qui lui donne une touche distinctive. Parfait pour se souvenir de l&rsquo;essence de la ville, id\u00e9al comme souvenir ou cadeau.<\/p>\n","protected":false},"featured_media":9345,"template":"","meta":{"_acf_changed":false},"product_brand":[],"product_cat":[697],"product_tag":[],"class_list":{"0":"post-31103","1":"product","2":"type-product","3":"status-publish","4":"has-post-thumbnail","6":"product_cat-aimants","7":"pa_ciudad-barcelona","8":"pa_motivo-panoramas","9":"pa_pais-espana","11":"first","12":"instock","13":"shipping-taxable","14":"product-type-simple"},"acf":[],"_links":{"self":[{"href":"https:\/\/olemosaic.com\/fr\/wp-json\/wp\/v2\/product\/31103","targetHints":{"allow":["GET"]}}],"collection":[{"href":"https:\/\/olemosaic.com\/fr\/wp-json\/wp\/v2\/product"}],"about":[{"href":"https:\/\/olemosaic.com\/fr\/wp-json\/wp\/v2\/types\/product"}],"wp:featuredmedia":[{"embeddable":true,"href":"https:\/\/olemosaic.com\/fr\/wp-json\/wp\/v2\/media\/9345"}],"wp:attachment":[{"href":"https:\/\/olemosaic.com\/fr\/wp-json\/wp\/v2\/media?parent=31103"}],"wp:term":[{"taxonomy":"product_brand","embeddable":true,"href":"https:\/\/olemosaic.com\/fr\/wp-json\/wp\/v2\/product_brand?post=31103"},{"taxonomy":"product_cat","embeddable":true,"href":"https:\/\/olemosaic.com\/fr\/wp-json\/wp\/v2\/product_cat?post=31103"},{"taxonomy":"product_tag","embeddable":true,"href":"https:\/\/olemosaic.com\/fr\/wp-json\/wp\/v2\/product_tag?post=31103"}],"curies":[{"name":"wp","href":"https:\/\/api.w.org\/{rel}","templated":true}]}}