{"id":31102,"date":"2025-02-20T23:32:54","date_gmt":"2025-02-20T22:32:54","guid":{"rendered":"http:\/\/olemosaic.com\/producto\/iman-de-resina-salamandra-y-flores-barcelona\/"},"modified":"2025-07-25T19:22:53","modified_gmt":"2025-07-25T17:22:53","slug":"aimant-resine-salamandre-fleurs-barcelone","status":"publish","type":"product","link":"https:\/\/olemosaic.com\/fr\/produit\/aimant-resine-salamandre-fleurs-barcelone\/","title":{"rendered":"Aimant en r\u00e9sine. Salamandre et fleurs. Barcelone."},"content":{"rendered":"<p>Cet aimant en r\u00e9sine, au design vibrant de salamandres et de fleurs, est un souvenir id\u00e9al qui capture l&rsquo;essence artistique de Barcelone. Inspir\u00e9 par la c\u00e9l\u00e8bre esth\u00e9tique des mosa\u00efques de la ville, l&rsquo;aimant pr\u00e9sente deux salamandres aux couleurs intenses : un rouge \u00e9clatant et un vert \u00e9meraude, symbolisant la vitalit\u00e9 de la faune locale et la cr\u00e9ativit\u00e9 qui caract\u00e9rise la m\u00e9tropole. Entour\u00e9es d&rsquo;une joyeuse vari\u00e9t\u00e9 de fleurs aux tons satur\u00e9s, tels que le jaune, le rose et le bleu, les illustrations cr\u00e9ent un magnifique contraste qui \u00e9voque la diversit\u00e9 florale des parcs de Barcelone.<\/p>\n<p>Le mot \u00ab\u00a0Barcelone\u00a0\u00bb se d\u00e9tache au centre, apportant une touche personnelle qui fait de cet objet non seulement un \u00e9l\u00e9ment d\u00e9coratif, mais aussi un souvenir significatif du lieu o\u00f9 il a \u00e9t\u00e9 acquis. Id\u00e9al pour orner votre r\u00e9frig\u00e9rateur ou toute surface m\u00e9tallique, cet aimant est, en plus d&rsquo;\u00eatre pratique, un hommage au riche patrimoine culturel que repr\u00e9sente Barcelone, o\u00f9 chaque coin de rue raconte une histoire.<\/p>\n<p>Chez Ol\u00e9 Mosaic, nous proposons une large gamme de souvenirs de qualit\u00e9 en gros, et cet aimant salamandre est une excellente option pour les boutiques de cadeaux touristiques \u00e0 la recherche de produits authentiques et repr\u00e9sentatifs. En tant que distributeurs de souvenirs, nous garantissons l&rsquo;authenticit\u00e9 de chaque pi\u00e8ce, en faisant un souvenir exceptionnel de la vibrante culture barcelonaise.<\/p>\n","protected":false},"excerpt":{"rendered":"<p>Aimant au design de salamandres et de fleurs, inspir\u00e9 par l&rsquo;esth\u00e9tique vibrante de Barcelone. Ce souvenir color\u00e9 pr\u00e9sente un style qui \u00e9voque les c\u00e9l\u00e8bres mosa\u00efques de la ville, avec des salamandres dans les tons rouge et vert, entour\u00e9es de fleurs dans une vari\u00e9t\u00e9 de couleurs \u00e9clatantes. Le mot \u00ab\u00a0Barcelone\u00a0\u00bb se d\u00e9tache au centre, faisant de cet aimant une pi\u00e8ce id\u00e9ale pour se souvenir de la diversit\u00e9 culturelle et artistique de la ville. Parfait pour d\u00e9corer votre r\u00e9frig\u00e9rateur ou toute surface m\u00e9tallique.<\/p>\n","protected":false},"featured_media":9348,"template":"","meta":{"_acf_changed":false},"product_brand":[],"product_cat":[697],"product_tag":[530],"class_list":{"0":"post-31102","1":"product","2":"type-product","3":"status-publish","4":"has-post-thumbnail","6":"product_cat-aimants","7":"product_tag-animaux","8":"pa_ciudad-barcelona","9":"pa_motivo-salamandres","10":"pa_pais-espana","12":"first","13":"instock","14":"shipping-taxable","15":"product-type-simple"},"acf":[],"_links":{"self":[{"href":"https:\/\/olemosaic.com\/fr\/wp-json\/wp\/v2\/product\/31102","targetHints":{"allow":["GET"]}}],"collection":[{"href":"https:\/\/olemosaic.com\/fr\/wp-json\/wp\/v2\/product"}],"about":[{"href":"https:\/\/olemosaic.com\/fr\/wp-json\/wp\/v2\/types\/product"}],"wp:featuredmedia":[{"embeddable":true,"href":"https:\/\/olemosaic.com\/fr\/wp-json\/wp\/v2\/media\/9348"}],"wp:attachment":[{"href":"https:\/\/olemosaic.com\/fr\/wp-json\/wp\/v2\/media?parent=31102"}],"wp:term":[{"taxonomy":"product_brand","embeddable":true,"href":"https:\/\/olemosaic.com\/fr\/wp-json\/wp\/v2\/product_brand?post=31102"},{"taxonomy":"product_cat","embeddable":true,"href":"https:\/\/olemosaic.com\/fr\/wp-json\/wp\/v2\/product_cat?post=31102"},{"taxonomy":"product_tag","embeddable":true,"href":"https:\/\/olemosaic.com\/fr\/wp-json\/wp\/v2\/product_tag?post=31102"}],"curies":[{"name":"wp","href":"https:\/\/api.w.org\/{rel}","templated":true}]}}