{"id":31101,"date":"2025-02-20T23:32:54","date_gmt":"2025-02-20T22:32:54","guid":{"rendered":"http:\/\/olemosaic.com\/producto\/iman-de-resina-panoramica-barcelona\/"},"modified":"2025-07-25T20:14:36","modified_gmt":"2025-07-25T18:14:36","slug":"aimant-resine-panoramique-barcelone","status":"publish","type":"product","link":"https:\/\/olemosaic.com\/fr\/produit\/aimant-resine-panoramique-barcelone\/","title":{"rendered":"Aimant en r\u00e9sine. Panoramique. Barcelone."},"content":{"rendered":"<p>Cet aimant en r\u00e9sine en forme de fen\u00eatre est un souvenir charmant qui capture l&rsquo;essence de Barcelone, l&rsquo;une des villes les plus embl\u00e9matiques d&rsquo;Espagne. Avec un design vibrant montrant une vue panoramique de ses monuments les plus iconiques, cet aimant souligne la majest\u00e9 de la Sagrada Familia, l&rsquo;architecture color\u00e9e du Parc G\u00fcell et d&rsquo;autres \u00e9l\u00e9ments repr\u00e9sentatifs de la ville, le tout d\u00e9cor\u00e9 de couleurs joyeuses et d&rsquo;un style \u00e9voquant la technique de la mosa\u00efque, si caract\u00e9ristique de l&rsquo;\u0153uvre d&rsquo;Antoni Gaud\u00ed. L&rsquo;inscription \u00ab\u00a0Barcelona\u00a0\u00bb dans la partie sup\u00e9rieure ajoute une touche distinctive, faisant de ce produit une v\u00e9ritable c\u00e9l\u00e9bration de la culture catalane.<\/p>\n<p>Chaque d\u00e9tail de cet aimant est soigneusement \u00e9labor\u00e9, des formes stylis\u00e9es des b\u00e2timents aux couleurs vives qui semblent prendre vie. Son design unique en fait un excellent souvenir pour les touristes souhaitant emporter un petit morceau de Barcelone chez eux. Cet aimant n&rsquo;est pas seulement un objet fonctionnel pour d\u00e9corer le r\u00e9frig\u00e9rateur, mais aussi une pi\u00e8ce artistique repr\u00e9sentant le patrimoine culturel de la ville, id\u00e9al pour ceux qui recherchent des souvenirs authentiques et de qualit\u00e9.<\/p>\n<p>Chez Ol\u00e9 Mosaic, nous nous sp\u00e9cialisons dans la distribution de souvenirs en gros, et cet aimant avec la vue panoramique de Barcelone est une option parfaite pour les boutiques de cadeaux touristiques souhaitant offrir des produits qui refl\u00e8tent la richesse culturelle de l&rsquo;Espagne. Avec cet aimant, chaque achat est une invitation \u00e0 red\u00e9couvrir la beaut\u00e9 et l&rsquo;art de Barcelone.<\/p>\n","protected":false},"excerpt":{"rendered":"<p>Aimant en forme de fen\u00eatre offrant une charmante vue panoramique de Barcelone. Cet aimant se distingue par son design vibrant, incluant des monuments embl\u00e9matiques tels que la Sagrada Familia et le Parc G\u00fcell, repr\u00e9sent\u00e9s avec des couleurs joyeuses et des d\u00e9tails de style mosa\u00efque. Le mot \u00ab\u00a0Barcelona\u00a0\u00bb couronne la partie sup\u00e9rieure, ajoutant une touche distinctive. Id\u00e9al pour se souvenir de la beaut\u00e9 de cette ville m\u00e9diterran\u00e9enne.<\/p>\n","protected":false},"featured_media":9346,"template":"","meta":{"_acf_changed":false},"product_brand":[],"product_cat":[697],"product_tag":[],"class_list":{"0":"post-31101","1":"product","2":"type-product","3":"status-publish","4":"has-post-thumbnail","6":"product_cat-aimants","7":"pa_ciudad-barcelona","8":"pa_motivo-panoramas","9":"pa_pais-espana","11":"first","12":"instock","13":"shipping-taxable","14":"product-type-simple"},"acf":[],"_links":{"self":[{"href":"https:\/\/olemosaic.com\/fr\/wp-json\/wp\/v2\/product\/31101","targetHints":{"allow":["GET"]}}],"collection":[{"href":"https:\/\/olemosaic.com\/fr\/wp-json\/wp\/v2\/product"}],"about":[{"href":"https:\/\/olemosaic.com\/fr\/wp-json\/wp\/v2\/types\/product"}],"wp:featuredmedia":[{"embeddable":true,"href":"https:\/\/olemosaic.com\/fr\/wp-json\/wp\/v2\/media\/9346"}],"wp:attachment":[{"href":"https:\/\/olemosaic.com\/fr\/wp-json\/wp\/v2\/media?parent=31101"}],"wp:term":[{"taxonomy":"product_brand","embeddable":true,"href":"https:\/\/olemosaic.com\/fr\/wp-json\/wp\/v2\/product_brand?post=31101"},{"taxonomy":"product_cat","embeddable":true,"href":"https:\/\/olemosaic.com\/fr\/wp-json\/wp\/v2\/product_cat?post=31101"},{"taxonomy":"product_tag","embeddable":true,"href":"https:\/\/olemosaic.com\/fr\/wp-json\/wp\/v2\/product_tag?post=31101"}],"curies":[{"name":"wp","href":"https:\/\/api.w.org\/{rel}","templated":true}]}}