{"id":31100,"date":"2025-02-20T23:32:54","date_gmt":"2025-02-20T22:32:54","guid":{"rendered":"http:\/\/olemosaic.com\/producto\/iman-de-resina-isla-tenerife\/"},"modified":"2025-07-25T20:22:18","modified_gmt":"2025-07-25T18:22:18","slug":"aimant-resine-ile-tenerife","status":"publish","type":"product","link":"https:\/\/olemosaic.com\/fr\/produit\/aimant-resine-ile-tenerife\/","title":{"rendered":"Aimant en r\u00e9sine. \u00cele. Tenerife."},"content":{"rendered":"<p>Cet aimant en r\u00e9sine en forme de l&rsquo;\u00eele de Tenerife est un souvenir vibrant qui \u00e9voque la riche diversit\u00e9 naturelle de cette destination des Canaries. Son design color\u00e9 se distingue par la repr\u00e9sentation artistique de l\u00e9zards dans des tons rouges, bleus et verts, qui resplendissent sur un fond noir mettant en valeur leur beaut\u00e9. Le mot \u00ab\u00a0Tenerife\u00a0\u00bb est imprim\u00e9 dans un style moderne et frappant, capturant l&rsquo;essence contemporaine du tourisme sur cette \u00eele renomm\u00e9e.<\/p>\n<p>Chaque l\u00e9zard, m\u00e9ticuleusement sculpt\u00e9, symbolise la flore et la faune uniques qui caract\u00e9risent Tenerife, un d\u00e9tail qui ravira tant les touristes que les amoureux de la nature. Cet aimant n&rsquo;est pas seulement un objet fonctionnel pour d\u00e9corer votre r\u00e9frig\u00e9rateur, mais aussi une repr\u00e9sentation authentique de la culture canarienne, devenant un excellent souvenir qui capture l&rsquo;essence d&rsquo;un voyage m\u00e9morable.<\/p>\n<p>Chez Ol\u00e9 Mosaic, nous nous sp\u00e9cialisons dans la distribution de souvenirs en gros, et cet aimant de Tenerife est une option id\u00e9ale pour les boutiques de cadeaux touristiques cherchant \u00e0 offrir des produits authentiques et repr\u00e9sentatifs de la r\u00e9gion. Avec chaque achat, les consommateurs n&rsquo;obtiennent pas seulement un objet d\u00e9coratif, mais aussi un morceau de Tenerife, parfait pour se souvenir de la beaut\u00e9 de cette \u00eele magique.<\/p>\n","protected":false},"excerpt":{"rendered":"<p>Aimant en forme de l&rsquo;\u00eele de Tenerife, mettant en avant des motifs typiques du lieu. Cet aimant color\u00e9 pr\u00e9sente des d\u00e9tails de l\u00e9zards dans des tons vibrants, tels que le rouge, le bleu et le vert, sur un fond noir qui rehausse leur beaut\u00e9. Le mot \u00ab\u00a0Tenerife\u00a0\u00bb est imprim\u00e9 avec une typographie frappante et moderne. Id\u00e9al pour ajouter une touche de l&rsquo;\u00eele canarienne \u00e0 votre r\u00e9frig\u00e9rateur, \u00e9voquant sa riche flore et faune. Parfait comme souvenir ou cadeau.<\/p>\n","protected":false},"featured_media":10424,"template":"","meta":{"_acf_changed":false},"product_brand":[],"product_cat":[697],"product_tag":[],"class_list":{"0":"post-31100","1":"product","2":"type-product","3":"status-publish","4":"has-post-thumbnail","6":"product_cat-aimants","7":"pa_ciudad-tenerife","8":"pa_motivo-iles","9":"pa_pais-espana","11":"first","12":"instock","13":"shipping-taxable","14":"product-type-simple"},"acf":[],"_links":{"self":[{"href":"https:\/\/olemosaic.com\/fr\/wp-json\/wp\/v2\/product\/31100","targetHints":{"allow":["GET"]}}],"collection":[{"href":"https:\/\/olemosaic.com\/fr\/wp-json\/wp\/v2\/product"}],"about":[{"href":"https:\/\/olemosaic.com\/fr\/wp-json\/wp\/v2\/types\/product"}],"wp:featuredmedia":[{"embeddable":true,"href":"https:\/\/olemosaic.com\/fr\/wp-json\/wp\/v2\/media\/10424"}],"wp:attachment":[{"href":"https:\/\/olemosaic.com\/fr\/wp-json\/wp\/v2\/media?parent=31100"}],"wp:term":[{"taxonomy":"product_brand","embeddable":true,"href":"https:\/\/olemosaic.com\/fr\/wp-json\/wp\/v2\/product_brand?post=31100"},{"taxonomy":"product_cat","embeddable":true,"href":"https:\/\/olemosaic.com\/fr\/wp-json\/wp\/v2\/product_cat?post=31100"},{"taxonomy":"product_tag","embeddable":true,"href":"https:\/\/olemosaic.com\/fr\/wp-json\/wp\/v2\/product_tag?post=31100"}],"curies":[{"name":"wp","href":"https:\/\/api.w.org\/{rel}","templated":true}]}}