{"id":31099,"date":"2025-02-20T23:32:54","date_gmt":"2025-02-20T22:32:54","guid":{"rendered":"http:\/\/olemosaic.com\/producto\/iman-de-resina-patio-mallorca\/"},"modified":"2025-07-25T18:58:01","modified_gmt":"2025-07-25T16:58:01","slug":"aimant-resine-patio-majorque","status":"publish","type":"product","link":"https:\/\/olemosaic.com\/fr\/produit\/aimant-resine-patio-majorque\/","title":{"rendered":"Aimant en r\u00e9sine. Patio. Majorque."},"content":{"rendered":"<p>Cet aimant en r\u00e9sine en forme d&rsquo;\u00e9ventail est un charmant souvenir qui capture l&rsquo;essence vibrante de Majorque, id\u00e9al pour les touristes \u00e0 la recherche d&rsquo;un souvenir authentique et repr\u00e9sentatif de l&rsquo;\u00eele. L&rsquo;illustration montre une danseuse de flamenco avec une robe \u00e0 pois rouges, effectuant une danse captivante, tandis qu&rsquo;un danseur accompagne la sc\u00e8ne avec \u00e9l\u00e9gance. Ces personnages sont entour\u00e9s de magnifiques fleurs en pots, qui apportent une touche de couleur et de fra\u00eecheur, ainsi que d&rsquo;\u00e9l\u00e9ments d\u00e9coratifs \u00e9voquant la tradition espagnole, comme une guitare et des lanternes, sur un fond de mosa\u00efque rappelant les pittoresques patios typiques de Majorque.<\/p>\n<p>Le mot \u00ab MALLORCA \u00bb, \u00e9crit avec une typographie \u00e9l\u00e9gante, s&rsquo;int\u00e8gre harmonieusement dans cette composition, rehaussant le caract\u00e8re distinctif de l&rsquo;aimant. Les couleurs vibrantes et les d\u00e9tails complexes refl\u00e8tent non seulement la riche culture de l&rsquo;\u00eele, mais \u00e9voquent \u00e9galement la chaleur et l&rsquo;hospitalit\u00e9 de ses habitants. Cet aimant n&rsquo;est pas seulement un objet d\u00e9coratif, mais aussi un rappel significatif des exp\u00e9riences v\u00e9cues dans cette belle r\u00e9gion.<\/p>\n<p>Chez Ol\u00e9 Mosaic, nous sommes fiers de proposer des souvenirs de Majorque authentiques et de qualit\u00e9, parfaits pour les boutiques de cadeaux touristiques. Cet aimant en r\u00e9sine est non seulement id\u00e9al pour ramener un morceau de Majorque chez soi, mais repr\u00e9sente \u00e9galement une excellente option pour les boutiques cherchant \u00e0 diversifier leur offre avec des produits v\u00e9ritablement repr\u00e9sentatifs de la culture espagnole.<\/p>\n","protected":false},"excerpt":{"rendered":"<p>Aimant en forme d&rsquo;\u00e9ventail, inspir\u00e9 par l&rsquo;ambiance vibrante d&rsquo;un patio typique de Majorque. Cet aimant attrayant pr\u00e9sente une illustration color\u00e9e d&rsquo;une danseuse de flamenco en robe \u00e0 pois et d&rsquo;un danseur, entour\u00e9s de fleurs en pots et d&rsquo;\u00e9l\u00e9ments d\u00e9coratifs tels qu&rsquo;une guitare et des lanternes. Le mot \u00ab MALLORCA \u00bb se distingue par une typographie \u00e9l\u00e9gante, compl\u00e9tant les d\u00e9tails artistiques et la palette de couleurs vives qui \u00e9voquent l&rsquo;essence culturelle de l&rsquo;\u00eele.<\/p>\n","protected":false},"featured_media":9531,"template":"","meta":{"_acf_changed":false},"product_brand":[],"product_cat":[697],"product_tag":[],"class_list":{"0":"post-31099","1":"product","2":"type-product","3":"status-publish","4":"has-post-thumbnail","6":"product_cat-aimants","7":"pa_ciudad-mallorca","8":"pa_motivo-cours-interieures","9":"pa_pais-espana","11":"first","12":"instock","13":"shipping-taxable","14":"product-type-simple"},"acf":[],"_links":{"self":[{"href":"https:\/\/olemosaic.com\/fr\/wp-json\/wp\/v2\/product\/31099","targetHints":{"allow":["GET"]}}],"collection":[{"href":"https:\/\/olemosaic.com\/fr\/wp-json\/wp\/v2\/product"}],"about":[{"href":"https:\/\/olemosaic.com\/fr\/wp-json\/wp\/v2\/types\/product"}],"wp:featuredmedia":[{"embeddable":true,"href":"https:\/\/olemosaic.com\/fr\/wp-json\/wp\/v2\/media\/9531"}],"wp:attachment":[{"href":"https:\/\/olemosaic.com\/fr\/wp-json\/wp\/v2\/media?parent=31099"}],"wp:term":[{"taxonomy":"product_brand","embeddable":true,"href":"https:\/\/olemosaic.com\/fr\/wp-json\/wp\/v2\/product_brand?post=31099"},{"taxonomy":"product_cat","embeddable":true,"href":"https:\/\/olemosaic.com\/fr\/wp-json\/wp\/v2\/product_cat?post=31099"},{"taxonomy":"product_tag","embeddable":true,"href":"https:\/\/olemosaic.com\/fr\/wp-json\/wp\/v2\/product_tag?post=31099"}],"curies":[{"name":"wp","href":"https:\/\/api.w.org\/{rel}","templated":true}]}}