{"id":31098,"date":"2025-02-20T23:32:54","date_gmt":"2025-02-20T22:32:54","guid":{"rendered":"http:\/\/olemosaic.com\/producto\/iman-de-resina-letrero-mallorca\/"},"modified":"2025-07-25T18:43:51","modified_gmt":"2025-07-25T16:43:51","slug":"aimant-resine-enseigne-majorque","status":"publish","type":"product","link":"https:\/\/olemosaic.com\/fr\/produit\/aimant-resine-enseigne-majorque\/","title":{"rendered":"Aimant en r\u00e9sine. Enseigne. Majorque."},"content":{"rendered":"<p>Cet aimant en r\u00e9sine avec l&rsquo;inscription \u00ab\u00a0MALLORCA\u00a0\u00bb est un souvenir vibrant et color\u00e9 qui capture l&rsquo;essence unique de cette \u00eele des Bal\u00e9ares. Son design moderne, avec des lettres d\u00e9cor\u00e9es de divers motifs et couleurs, \u00e9voque la c\u00e9l\u00e8bre mosa\u00efque typique de la r\u00e9gion, faisant de ce produit une repr\u00e9sentation parfaite de la culture majorquine. Chaque lettre est con\u00e7ue avec un style amusant et dynamique, utilisant des tons intenses qui \u00e9voquent la chaleur et la joie de l&rsquo;environnement m\u00e9diterran\u00e9en.<\/p>\n<p>Le fond de l&rsquo;aimant pr\u00e9sente un style de tesselles, ajoutant une touche artistique qui souligne le lien de Majorque avec son vaste h\u00e9ritage culturel et artistique. Ce souvenir ne sert pas seulement de rappel, mais orne \u00e9galement toute surface m\u00e9tallique, des r\u00e9frig\u00e9rateurs aux tableaux blancs, rappelant constamment \u00e0 ceux qui le voient les beaux paysages et l&rsquo;ambiance vibrante de l&rsquo;\u00eele.<\/p>\n<p>Parfait pour les touristes souhaitant emporter un petit morceau de Majorque, cet aimant est une excellente option pour les boutiques de cadeaux touristiques. Chez Ol\u00e9 Mosaic, en tant que grossiste de souvenirs, nous garantissons que chaque pi\u00e8ce respire l&rsquo;authenticit\u00e9 et la qualit\u00e9, offrant \u00e0 vos clients des produits repr\u00e9sentatifs de la riche diversit\u00e9 culturelle de l&rsquo;Espagne. Avec cet aimant de Majorque, vous n&rsquo;acqu\u00e9rez pas seulement un bel \u00e9l\u00e9ment d\u00e9coratif, mais aussi un morceau de l&rsquo;\u00e2me de cette \u00eele magnifique.<\/p>\n","protected":false},"excerpt":{"rendered":"<p>Aimant avec une enseigne color\u00e9e mettant en avant le mot \u00ab\u00a0MALLORCA\u00a0\u00bb, repr\u00e9sentant l&rsquo;essence vibrante de cette \u00eele des Bal\u00e9ares. Avec un design moderne, les lettres sont d\u00e9cor\u00e9es de divers motifs et couleurs \u00e9voquant la mosa\u00efque typique de la r\u00e9gion. Le fond, au style de tesselles, apporte une touche artistique. Cet aimant est le souvenir parfait qui capture la beaut\u00e9 et le caract\u00e8re de Majorque, id\u00e9al pour orner toute surface m\u00e9tallique.<\/p>\n","protected":false},"featured_media":9523,"template":"","meta":{"_acf_changed":false},"product_brand":[],"product_cat":[697],"product_tag":[],"class_list":{"0":"post-31098","1":"product","2":"type-product","3":"status-publish","4":"has-post-thumbnail","6":"product_cat-aimants","7":"pa_ciudad-mallorca","8":"pa_motivo-panneaux-villes","9":"pa_pais-espana","11":"first","12":"instock","13":"shipping-taxable","14":"product-type-simple"},"acf":[],"_links":{"self":[{"href":"https:\/\/olemosaic.com\/fr\/wp-json\/wp\/v2\/product\/31098","targetHints":{"allow":["GET"]}}],"collection":[{"href":"https:\/\/olemosaic.com\/fr\/wp-json\/wp\/v2\/product"}],"about":[{"href":"https:\/\/olemosaic.com\/fr\/wp-json\/wp\/v2\/types\/product"}],"wp:featuredmedia":[{"embeddable":true,"href":"https:\/\/olemosaic.com\/fr\/wp-json\/wp\/v2\/media\/9523"}],"wp:attachment":[{"href":"https:\/\/olemosaic.com\/fr\/wp-json\/wp\/v2\/media?parent=31098"}],"wp:term":[{"taxonomy":"product_brand","embeddable":true,"href":"https:\/\/olemosaic.com\/fr\/wp-json\/wp\/v2\/product_brand?post=31098"},{"taxonomy":"product_cat","embeddable":true,"href":"https:\/\/olemosaic.com\/fr\/wp-json\/wp\/v2\/product_cat?post=31098"},{"taxonomy":"product_tag","embeddable":true,"href":"https:\/\/olemosaic.com\/fr\/wp-json\/wp\/v2\/product_tag?post=31098"}],"curies":[{"name":"wp","href":"https:\/\/api.w.org\/{rel}","templated":true}]}}