{"id":31071,"date":"2025-02-20T23:32:53","date_gmt":"2025-02-20T22:32:53","guid":{"rendered":"http:\/\/olemosaic.com\/producto\/iman-de-resina-punt-de-trobada-barcelona-65-cm\/"},"modified":"2025-07-25T20:22:11","modified_gmt":"2025-07-25T18:22:11","slug":"aimant-resine-punt-de-trobada-barcelone-6-5-cm","status":"publish","type":"product","link":"https:\/\/olemosaic.com\/fr\/produit\/aimant-resine-punt-de-trobada-barcelone-6-5-cm\/","title":{"rendered":"Aimant en r\u00e9sine. Punt de trobada. Barcelone. 6,5 cm."},"content":{"rendered":"<p>Cet aimant en r\u00e9sine, avec un design inspir\u00e9 de la c\u00e9l\u00e8bre mosa\u00efque du \u00ab Punt de Trobada \u00bb de Barcelone, est un souvenir vibrant et authentique de la capitale catalane. D&rsquo;un diam\u00e8tre de 6,5 cm, cet aimant circulaire pr\u00e9sente une palette de couleurs qui capture l&rsquo;essence artistique de la ville, combinant des bleus profonds, des rouges intenses, des jaunes \u00e9clatants et des verts frais sur un fond blanc. Les formes abstraites et les lignes fluides du design \u00e9voquent la cr\u00e9ativit\u00e9 et le dynamisme de Barcelone, offrant un effet visuel qui attire le regard. Le texte \u00ab Barcelone \u00bb se d\u00e9tache en gras, soulignant le lien de ce souvenir avec la ville iconique.<\/p>\n<p>Cet aimant n&rsquo;est pas seulement fonctionnel, il sert \u00e9galement de pi\u00e8ce d&rsquo;art rappelant le riche h\u00e9ritage culturel et le style unique des mosa\u00efques de Barcelone, refl\u00e9tant l&rsquo;influence de grands artistes comme Antoni Gaud\u00ed. Id\u00e9al pour les touristes \u00e0 la recherche de souvenirs authentiques, ce produit d&rsquo;Ol\u00e9 Mosaic est une excellente option pour les boutiques de cadeaux touristiques souhaitant proposer des articles repr\u00e9sentatifs et artisanaux. \u00c0 travers cet aimant, les visiteurs peuvent emporter un petit morceau de la chaleur et de la cr\u00e9ativit\u00e9 de Barcelone, devenant un souvenir embl\u00e9matique de la ville.<\/p>\n","protected":false},"excerpt":{"rendered":"<p>Aimant avec un design \u00e9voquant la c\u00e9l\u00e8bre mosa\u00efque du \u00ab Punt de Trobada \u00bb de Barcelone. Cet aimant circulaire de 6,5 cm pr\u00e9sente un jeu de couleurs vibrant, avec des bleus, des rouges, des jaunes et des verts sur un fond blanc. La d\u00e9coration se distingue par ses formes abstraites et ses lignes fluides, qui cr\u00e9ent un effet visuel dynamique, tandis que le texte \u00ab Barcelone \u00bb en gras souligne le lien avec la ville. Un souvenir id\u00e9al qui capture l&rsquo;essence artistique de la capitale catalane.<\/p>\n","protected":false},"featured_media":9330,"template":"","meta":{"_acf_changed":false},"product_brand":[],"product_cat":[697],"product_tag":[],"class_list":{"0":"post-31071","1":"product","2":"type-product","3":"status-publish","4":"has-post-thumbnail","6":"product_cat-aimants","7":"pa_ciudad-barcelona","8":"pa_motivo-punt-de-trobada","9":"pa_pais-espana","11":"first","12":"instock","13":"shipping-taxable","14":"product-type-simple"},"acf":[],"_links":{"self":[{"href":"https:\/\/olemosaic.com\/fr\/wp-json\/wp\/v2\/product\/31071","targetHints":{"allow":["GET"]}}],"collection":[{"href":"https:\/\/olemosaic.com\/fr\/wp-json\/wp\/v2\/product"}],"about":[{"href":"https:\/\/olemosaic.com\/fr\/wp-json\/wp\/v2\/types\/product"}],"wp:featuredmedia":[{"embeddable":true,"href":"https:\/\/olemosaic.com\/fr\/wp-json\/wp\/v2\/media\/9330"}],"wp:attachment":[{"href":"https:\/\/olemosaic.com\/fr\/wp-json\/wp\/v2\/media?parent=31071"}],"wp:term":[{"taxonomy":"product_brand","embeddable":true,"href":"https:\/\/olemosaic.com\/fr\/wp-json\/wp\/v2\/product_brand?post=31071"},{"taxonomy":"product_cat","embeddable":true,"href":"https:\/\/olemosaic.com\/fr\/wp-json\/wp\/v2\/product_cat?post=31071"},{"taxonomy":"product_tag","embeddable":true,"href":"https:\/\/olemosaic.com\/fr\/wp-json\/wp\/v2\/product_tag?post=31071"}],"curies":[{"name":"wp","href":"https:\/\/api.w.org\/{rel}","templated":true}]}}