{"id":31068,"date":"2025-02-20T23:32:53","date_gmt":"2025-02-20T22:32:53","guid":{"rendered":"http:\/\/olemosaic.com\/producto\/iman-de-resina-bailaora-alicante-75-cm\/"},"modified":"2025-07-25T18:53:58","modified_gmt":"2025-07-25T16:53:58","slug":"aimant-resine-danseuse-flamenco-alicante-7-5-cm","status":"publish","type":"product","link":"https:\/\/olemosaic.com\/fr\/produit\/aimant-resine-danseuse-flamenco-alicante-7-5-cm\/","title":{"rendered":"Aimant en r\u00e9sine. Danseuse de flamenco. Alicante. 7,5 cm."},"content":{"rendered":"<p>Cet aimant en r\u00e9sine capture l&rsquo;essence vibrante du folklore espagnol, pr\u00e9sentant deux danseuses de flamenco, symbole iconique de la culture andalouse, dans une repr\u00e9sentation color\u00e9e caract\u00e9ristique de la r\u00e9gion d&rsquo;Alicante. D&rsquo;une taille de 7,5 cm, cet aimant montre les danseuses v\u00eatues de costumes de flamenco orn\u00e9s de tons intenses de rouge, vert et bleu, qui soulignent leur \u00e9l\u00e9gance et leur dynamisme. Les d\u00e9tails peints \u00e0 la main refl\u00e8tent le d\u00e9vouement et l&rsquo;art mis dans chaque pi\u00e8ce, faisant de cet aimant un souvenir authentique et repr\u00e9sentatif.<\/p>\n<p>Le fond de l&rsquo;aimant simule une mosa\u00efque, \u00e9voquant la beaut\u00e9 architecturale de la Costa Blanca et l&rsquo;art traditionnel de l&rsquo;azulejo espagnol, devenu un signe distinctif de cette r\u00e9gion. Cette pi\u00e8ce devient ainsi un excellent souvenir d&rsquo;Alicante, un rappel de l&rsquo;esprit passionn\u00e9 du flamenco et du d\u00e9vouement de ses artistes.<\/p>\n<p>Chez Ol\u00e9 Mosaic, nous sommes sp\u00e9cialistes de la distribution de souvenirs en gros, offrant des produits authentiques qui se connectent \u00e0 la culture locale. Cet aimant ne d\u00e9core pas seulement la maison, mais transporte aussi un morceau de la tradition espagnole, devenant un cadeau parfait pour les touristes qui cherchent \u00e0 emporter un morceau de l&rsquo;\u00e2me d&rsquo;Alicante. En tant que grossistes de souvenirs, nous garantissons la qualit\u00e9 et la pertinence culturelle de chacun de nos produits.<\/p>\n","protected":false},"excerpt":{"rendered":"<p>Aimant capturant l&rsquo;essence du folklore espagnol avec deux danseuses v\u00eatues de costumes de flamenco vibrants. D&rsquo;une taille de 7,5 cm, cet aimant pr\u00e9sente les danseuses avec des d\u00e9tails peints \u00e0 la main et une palette de couleurs vives, o\u00f9 se distinguent le rouge, le vert et le bleu. Le fond simule une mosa\u00efque \u00e9voquant la beaut\u00e9 et la culture d&rsquo;Alicante. Un souvenir parfait pour apporter la magie du flamenco dans n&rsquo;importe quel foyer.<\/p>\n","protected":false},"featured_media":13808,"template":"","meta":{"_acf_changed":false},"product_brand":[],"product_cat":[697],"product_tag":[],"class_list":{"0":"post-31068","1":"product","2":"type-product","3":"status-publish","4":"has-post-thumbnail","6":"product_cat-aimants","7":"pa_ciudad-alicante","8":"pa_motivo-danseurs","9":"pa_pais-espana","11":"first","12":"instock","13":"shipping-taxable","14":"product-type-simple"},"acf":[],"_links":{"self":[{"href":"https:\/\/olemosaic.com\/fr\/wp-json\/wp\/v2\/product\/31068","targetHints":{"allow":["GET"]}}],"collection":[{"href":"https:\/\/olemosaic.com\/fr\/wp-json\/wp\/v2\/product"}],"about":[{"href":"https:\/\/olemosaic.com\/fr\/wp-json\/wp\/v2\/types\/product"}],"wp:featuredmedia":[{"embeddable":true,"href":"https:\/\/olemosaic.com\/fr\/wp-json\/wp\/v2\/media\/13808"}],"wp:attachment":[{"href":"https:\/\/olemosaic.com\/fr\/wp-json\/wp\/v2\/media?parent=31068"}],"wp:term":[{"taxonomy":"product_brand","embeddable":true,"href":"https:\/\/olemosaic.com\/fr\/wp-json\/wp\/v2\/product_brand?post=31068"},{"taxonomy":"product_cat","embeddable":true,"href":"https:\/\/olemosaic.com\/fr\/wp-json\/wp\/v2\/product_cat?post=31068"},{"taxonomy":"product_tag","embeddable":true,"href":"https:\/\/olemosaic.com\/fr\/wp-json\/wp\/v2\/product_tag?post=31068"}],"curies":[{"name":"wp","href":"https:\/\/api.w.org\/{rel}","templated":true}]}}