{"id":31066,"date":"2025-02-20T23:32:52","date_gmt":"2025-02-20T22:32:52","guid":{"rendered":"http:\/\/olemosaic.com\/producto\/iman-de-pvc-panoramica-granada\/"},"modified":"2025-07-25T18:33:48","modified_gmt":"2025-07-25T16:33:48","slug":"aimant-pvc-panoramique-grenade","status":"publish","type":"product","link":"https:\/\/olemosaic.com\/fr\/produit\/aimant-pvc-panoramique-grenade\/","title":{"rendered":"Aimant en PVC. Panoramique. Grenade."},"content":{"rendered":"<p>Cet aimant en PVC pr\u00e9sente une vue panoramique color\u00e9e de Grenade, capturant l&rsquo;essence vibrante de cette fascinante ville andalouse. Son design attrayant comprend des \u00e9l\u00e9ments iconiques repr\u00e9sentant la richesse culturelle de la r\u00e9gion, tels qu&rsquo;une guitare, un dragon embl\u00e9matique, une danseuse de flamenco en mouvement et la majestueuse Alhambra en arri\u00e8re-plan. Chaque lettre de \u00ab\u00a0GRANADA\u00a0\u00bb est m\u00e9ticuleusement d\u00e9cor\u00e9e, combinant des motifs qui \u00e9voquent le folklore local, offrant une touche de joie et de splendeur. La palette de couleurs vibrantes utilis\u00e9e dans l&rsquo;illustration souligne non seulement la beaut\u00e9 de la ville, mais refl\u00e8te \u00e9galement la chaleur et l&rsquo;hospitalit\u00e9 de ses habitants.<\/p>\n<p>Cet aimant n&rsquo;est pas seulement une pi\u00e8ce d\u00e9corative id\u00e9ale pour n&rsquo;importe quel espace, mais il devient \u00e9galement un souvenir inoubliable de l&rsquo;une des villes les plus embl\u00e9matiques d&rsquo;Espagne. La repr\u00e9sentation du flamenco et de l&rsquo;architecture historique de l&rsquo;Alhambra ajoute une valeur culturelle unique, faisant de cet aimant un souvenir repr\u00e9sentatif que les touristes appr\u00e9cieront et garderont en m\u00e9moire. Chez Ol\u00e9 Mosaic, en tant qu&rsquo;experts dans la distribution de souvenirs en gros, nous garantissons que cet aimant est une excellente option pour les boutiques de cadeaux touristiques \u00e0 la recherche d&rsquo;objets authentiques et charg\u00e9s de sens. C&rsquo;est le souvenir parfait pour ceux qui souhaitent emporter un morceau de Grenade chez eux, c\u00e9l\u00e9brant la riche histoire et la culture de cette merveilleuse ville andalouse.<\/p>\n","protected":false},"excerpt":{"rendered":"<p>Aimant en PVC avec une vue panoramique color\u00e9e de Grenade qui encapsule l&rsquo;essence de la ville. Ce design attrayant comprend des \u00e9l\u00e9ments iconiques tels qu&rsquo;une guitare, un dragon, une danseuse de flamenco et la majestueuse Alhambra, le tout enrichi de couleurs vibrantes qui capturent la richesse culturelle et le folklore de la r\u00e9gion. Id\u00e9al pour d\u00e9corer n&rsquo;importe quel espace et se souvenir de la beaut\u00e9 de Grenade.<\/p>\n","protected":false},"featured_media":8827,"template":"","meta":{"_acf_changed":false},"product_brand":[],"product_cat":[697],"product_tag":[],"class_list":{"0":"post-31066","1":"product","2":"type-product","3":"status-publish","4":"has-post-thumbnail","6":"product_cat-aimants","7":"pa_ciudad-granada","8":"pa_motivo-lalhambra","9":"pa_motivo-panoramas","10":"pa_pais-espana","12":"first","13":"instock","14":"shipping-taxable","15":"product-type-simple"},"acf":[],"_links":{"self":[{"href":"https:\/\/olemosaic.com\/fr\/wp-json\/wp\/v2\/product\/31066","targetHints":{"allow":["GET"]}}],"collection":[{"href":"https:\/\/olemosaic.com\/fr\/wp-json\/wp\/v2\/product"}],"about":[{"href":"https:\/\/olemosaic.com\/fr\/wp-json\/wp\/v2\/types\/product"}],"wp:featuredmedia":[{"embeddable":true,"href":"https:\/\/olemosaic.com\/fr\/wp-json\/wp\/v2\/media\/8827"}],"wp:attachment":[{"href":"https:\/\/olemosaic.com\/fr\/wp-json\/wp\/v2\/media?parent=31066"}],"wp:term":[{"taxonomy":"product_brand","embeddable":true,"href":"https:\/\/olemosaic.com\/fr\/wp-json\/wp\/v2\/product_brand?post=31066"},{"taxonomy":"product_cat","embeddable":true,"href":"https:\/\/olemosaic.com\/fr\/wp-json\/wp\/v2\/product_cat?post=31066"},{"taxonomy":"product_tag","embeddable":true,"href":"https:\/\/olemosaic.com\/fr\/wp-json\/wp\/v2\/product_tag?post=31066"}],"curies":[{"name":"wp","href":"https:\/\/api.w.org\/{rel}","templated":true}]}}