{"id":31064,"date":"2025-02-20T22:32:52","date_gmt":"2025-02-20T22:32:52","guid":{"rendered":"http:\/\/olemosaic.com\/producto\/iman-de-pvc-salamandra-gran-canaria\/"},"modified":"2025-07-25T18:54:00","modified_gmt":"2025-07-25T16:54:00","slug":"aimant-pvc-salamandre-gran-canaria","status":"publish","type":"product","link":"https:\/\/olemosaic.com\/fr\/produit\/aimant-pvc-salamandre-gran-canaria\/","title":{"rendered":"Aimant en PVC. Salamandre. Gran Canaria."},"content":{"rendered":"<p>Cet aimant en PVC en forme de salamandre est une repr\u00e9sentation vibrante du folklore color\u00e9 de Gran Canaria. Son design captivant pr\u00e9sente une mosa\u00efque de tons bleus, verts, rouges et jaunes, \u00e9voquant la riche biodiversit\u00e9 de ces magnifiques \u00eeles. La figure du l\u00e9zard, embl\u00e9matique de la faune canarienne, est orn\u00e9e de l&rsquo;inscription \u00ab\u00a0Gran Canaria\u00a0\u00bb en couleurs \u00e9clatantes, rehaussant encore l&rsquo;essence de la culture locale et la joie de ses traditions. Cet aimant n&rsquo;est pas seulement un objet d\u00e9coratif id\u00e9al pour les r\u00e9frig\u00e9rateurs, mais il sert \u00e9galement de souvenir tangible de l&rsquo;exp\u00e9rience et de la beaut\u00e9 de Gran Canaria.<\/p>\n<p>La salamandre, symbole d&rsquo;adaptabilit\u00e9 et de connexion avec la nature, refl\u00e8te l&rsquo;esprit joyeux des \u00eeles et leur environnement unique. Ce souvenir, qui capture l&rsquo;essence de Gran Canaria, est parfait pour les touristes qui cherchent \u00e0 emporter un morceau de la culture canarienne chez eux. Chez Ol\u00e9 Mosaic, notre engagement est d&rsquo;offrir des souvenirs authentiques qui repr\u00e9sentent le riche h\u00e9ritage de chaque r\u00e9gion. Cet aimant de salamandre est une excellente option pour les boutiques de cadeaux touristiques qui recherchent des produits de qualit\u00e9, se distinguant comme un incontournable de la collection de souvenirs de Gran Canaria. Avec son design attrayant et sa pertinence culturelle, c&rsquo;est un cadeau id\u00e9al pour se souvenir de ces moments sp\u00e9ciaux dans les \u00eeles.<\/p>\n","protected":false},"excerpt":{"rendered":"<p>Aimant en PVC en forme de salamandre repr\u00e9sentant le folklore color\u00e9 de Gran Canaria. Cet aimant se distingue par son design vibrant, avec des mosa\u00efques aux tons bleus, verts, rouges et jaunes qui \u00e9voquent la riche biodiversit\u00e9 des \u00eeles. Le mot \u00ab\u00a0Gran Canaria\u00a0\u00bb est imprim\u00e9 en couleurs vives sur le corps du l\u00e9zard, capturant l&rsquo;essence de la culture locale. Id\u00e9al pour d\u00e9corer le r\u00e9frig\u00e9rateur et se souvenir de vos voyages dans les \u00eeles.<\/p>\n","protected":false},"featured_media":12067,"template":"","meta":{"_acf_changed":false},"product_brand":[],"product_cat":[697],"product_tag":[530],"class_list":{"0":"post-31064","1":"product","2":"type-product","3":"status-publish","4":"has-post-thumbnail","6":"product_cat-aimants","7":"product_tag-animaux","8":"pa_ciudad-gran-canaria","9":"pa_motivo-salamandres","10":"pa_pais-espana","12":"first","13":"instock","14":"shipping-taxable","15":"product-type-simple"},"acf":[],"_links":{"self":[{"href":"https:\/\/olemosaic.com\/fr\/wp-json\/wp\/v2\/product\/31064","targetHints":{"allow":["GET"]}}],"collection":[{"href":"https:\/\/olemosaic.com\/fr\/wp-json\/wp\/v2\/product"}],"about":[{"href":"https:\/\/olemosaic.com\/fr\/wp-json\/wp\/v2\/types\/product"}],"wp:featuredmedia":[{"embeddable":true,"href":"https:\/\/olemosaic.com\/fr\/wp-json\/wp\/v2\/media\/12067"}],"wp:attachment":[{"href":"https:\/\/olemosaic.com\/fr\/wp-json\/wp\/v2\/media?parent=31064"}],"wp:term":[{"taxonomy":"product_brand","embeddable":true,"href":"https:\/\/olemosaic.com\/fr\/wp-json\/wp\/v2\/product_brand?post=31064"},{"taxonomy":"product_cat","embeddable":true,"href":"https:\/\/olemosaic.com\/fr\/wp-json\/wp\/v2\/product_cat?post=31064"},{"taxonomy":"product_tag","embeddable":true,"href":"https:\/\/olemosaic.com\/fr\/wp-json\/wp\/v2\/product_tag?post=31064"}],"curies":[{"name":"wp","href":"https:\/\/api.w.org\/{rel}","templated":true}]}}