{"id":31063,"date":"2025-02-20T22:32:52","date_gmt":"2025-02-20T22:32:52","guid":{"rendered":"http:\/\/olemosaic.com\/producto\/iman-de-pvc-salamandra\/"},"modified":"2025-07-25T19:02:24","modified_gmt":"2025-07-25T17:02:24","slug":"aimant-pvc-salamandre","status":"publish","type":"product","link":"https:\/\/olemosaic.com\/fr\/produit\/aimant-pvc-salamandre\/","title":{"rendered":"Aimant en PVC. Salamandre."},"content":{"rendered":"<p>Cet aimant en PVC en forme de salamandre est un souvenir vibrant qui capture l&rsquo;essence du folklore espagnol dans une pi\u00e8ce unique et color\u00e9e. Avec un design qui \u00e9voque la richesse de la biodiversit\u00e9 ib\u00e9rique, cet aimant pr\u00e9sente une palette de couleurs \u00e9clatantes comprenant des tons verts, bleus et rouges, dispos\u00e9s dans une structure g\u00e9om\u00e9trique simulant une mosa\u00efque, un \u00e9l\u00e9ment caract\u00e9ristique de l&rsquo;art et de la culture de l&rsquo;Espagne. La figure stylis\u00e9e de la salamandre, cr\u00e9ature embl\u00e9matique de diverses traditions, se distingue par ses d\u00e9tails soign\u00e9s et sa finition brillante, ce qui en fait un \u00e9l\u00e9ment d\u00e9coratif attrayant id\u00e9al pour n&rsquo;importe quel r\u00e9frig\u00e9rateur.<\/p>\n<p>Cet aimant n&rsquo;est pas seulement une excellente option pour orner votre maison, mais il agit \u00e9galement comme un rappel constant de la nature joyeuse et color\u00e9e de l&rsquo;Espagne. La salamandre, tr\u00e8s appr\u00e9ci\u00e9e dans la culture ib\u00e9rique, symbolise l&rsquo;adaptabilit\u00e9 et la connexion avec l&rsquo;environnement, faisant de cet aimant un cadeau significatif pour ceux qui souhaitent emporter un morceau d&rsquo;Espagne. Chez Ol\u00e9 Mosaic, nous sommes fiers de distribuer des souvenirs authentiques qui refl\u00e8tent la tradition et la culture de notre terre. Cet aimant est un choix parfait pour les boutiques de cadeaux touristiques qui cherchent \u00e0 offrir des souvenirs de qualit\u00e9, soulignant la valeur culturelle et l&rsquo;artisanat de chaque pi\u00e8ce.<\/p>\n","protected":false},"excerpt":{"rendered":"<p>Aimant en PVC en forme de salamandre, avec un design vibrant et color\u00e9 caract\u00e9ristique du folklore espagnol. Cet aimant attrayant pr\u00e9sente une palette de couleurs \u00e9clatantes, comme le vert, le bleu et le rouge, dispos\u00e9es de mani\u00e8re g\u00e9om\u00e9trique, simulant une mosa\u00efque. Il est id\u00e9al pour d\u00e9corer votre r\u00e9frig\u00e9rateur et se souvenir de la biodiversit\u00e9 et de la culture de l&rsquo;Espagne. Un souvenir parfait qui capture l&rsquo;essence joyeuse et color\u00e9e de la faune ib\u00e9rique.<\/p>\n","protected":false},"featured_media":7571,"template":"","meta":{"_acf_changed":false},"product_brand":[],"product_cat":[697],"product_tag":[530],"class_list":{"0":"post-31063","1":"product","2":"type-product","3":"status-publish","4":"has-post-thumbnail","6":"product_cat-aimants","7":"product_tag-animaux","8":"pa_motivo-salamandres","10":"first","11":"instock","12":"shipping-taxable","13":"product-type-simple"},"acf":[],"_links":{"self":[{"href":"https:\/\/olemosaic.com\/fr\/wp-json\/wp\/v2\/product\/31063","targetHints":{"allow":["GET"]}}],"collection":[{"href":"https:\/\/olemosaic.com\/fr\/wp-json\/wp\/v2\/product"}],"about":[{"href":"https:\/\/olemosaic.com\/fr\/wp-json\/wp\/v2\/types\/product"}],"wp:featuredmedia":[{"embeddable":true,"href":"https:\/\/olemosaic.com\/fr\/wp-json\/wp\/v2\/media\/7571"}],"wp:attachment":[{"href":"https:\/\/olemosaic.com\/fr\/wp-json\/wp\/v2\/media?parent=31063"}],"wp:term":[{"taxonomy":"product_brand","embeddable":true,"href":"https:\/\/olemosaic.com\/fr\/wp-json\/wp\/v2\/product_brand?post=31063"},{"taxonomy":"product_cat","embeddable":true,"href":"https:\/\/olemosaic.com\/fr\/wp-json\/wp\/v2\/product_cat?post=31063"},{"taxonomy":"product_tag","embeddable":true,"href":"https:\/\/olemosaic.com\/fr\/wp-json\/wp\/v2\/product_tag?post=31063"}],"curies":[{"name":"wp","href":"https:\/\/api.w.org\/{rel}","templated":true}]}}