{"id":31062,"date":"2025-02-20T22:32:52","date_gmt":"2025-02-20T22:32:52","guid":{"rendered":"http:\/\/olemosaic.com\/producto\/iman-de-pvc-salamandra-lanzarote\/"},"modified":"2025-07-25T19:13:10","modified_gmt":"2025-07-25T17:13:10","slug":"aimant-pvc-salamandre-lanzarote","status":"publish","type":"product","link":"https:\/\/olemosaic.com\/fr\/produit\/aimant-pvc-salamandre-lanzarote\/","title":{"rendered":"Aimant en PVC. Salamandre. Lanzarote."},"content":{"rendered":"<p>Cet aimant en PVC en forme de salamandre est un charmant souvenir, inspir\u00e9 par la nature vibrante de Lanzarote. Cet attrayant souvenir pr\u00e9sente un design color\u00e9, d\u00e9cor\u00e9 de mosa\u00efques aux tons bleus, verts, rouges et jaunes, \u00e9voquant l&rsquo;art et la culture locale de cette belle \u00eele des Canaries. La salamandre, symbole caract\u00e9ristique de la faune de Lanzarote, se situe au centre de l&rsquo;aimant, prenant vie gr\u00e2ce \u00e0 son design color\u00e9 et joyeux. L&rsquo;inscription \u00ab\u00a0Lanzarote\u00a0\u00bb se d\u00e9tache en lettres brillantes, ajoutant une touche d&rsquo;authenticit\u00e9 et de connexion avec la r\u00e9gion.<\/p>\n<p>Cet aimant n&rsquo;est pas seulement un \u00e9l\u00e9ment d\u00e9coratif pratique pour orner votre r\u00e9frig\u00e9rateur, mais il capture \u00e9galement l&rsquo;essence de Lanzarote, un lieu connu pour son impressionnant paysage volcanique et sa riche biodiversit\u00e9. La salamandre repr\u00e9sente l&rsquo;adaptabilit\u00e9 et le charme de la faune locale, devenant un excellent rappel de la singularit\u00e9 de l&rsquo;\u00eele. De plus, sa fabrication en PVC garantit durabilit\u00e9 et r\u00e9sistance, ce qui le rend parfait comme souvenir de vos aventures \u00e0 Lanzarote.<\/p>\n<p>Chez Ol\u00e9 Mosaic, nous sommes sp\u00e9cialistes de la distribution de souvenirs en gros, et cet aimant de salamandre est un choix parfait pour les boutiques de cadeaux touristiques qui cherchent \u00e0 offrir \u00e0 leurs clients un souvenir authentique et repr\u00e9sentatif de Lanzarote. Avec cet aimant color\u00e9, les touristes pourront emporter un petit morceau de la culture et de la beaut\u00e9 canarienne chez eux.<\/p>\n","protected":false},"excerpt":{"rendered":"<p>Aimant en PVC en forme de salamandre, inspir\u00e9 par la nature vibrante de Lanzarote. Cet attrayant souvenir pr\u00e9sente un design color\u00e9 avec des mosa\u00efques aux tons bleus, verts, rouges et jaunes qui \u00e9voquent l&rsquo;art et la culture locale. La salamandre, symbole de la faune canarienne, porte l&rsquo;inscription \u00ab\u00a0Lanzarote\u00a0\u00bb mise en valeur par des lettres brillantes. Id\u00e9al pour d\u00e9corer votre r\u00e9frig\u00e9rateur ou comme souvenir de cette magnifique \u00eele.<\/p>\n","protected":false},"featured_media":12068,"template":"","meta":{"_acf_changed":false},"product_brand":[],"product_cat":[697],"product_tag":[530],"class_list":{"0":"post-31062","1":"product","2":"type-product","3":"status-publish","4":"has-post-thumbnail","6":"product_cat-aimants","7":"product_tag-animaux","8":"pa_ciudad-lanzarote","9":"pa_motivo-salamandres","10":"pa_pais-espana","12":"first","13":"instock","14":"shipping-taxable","15":"product-type-simple"},"acf":[],"_links":{"self":[{"href":"https:\/\/olemosaic.com\/fr\/wp-json\/wp\/v2\/product\/31062","targetHints":{"allow":["GET"]}}],"collection":[{"href":"https:\/\/olemosaic.com\/fr\/wp-json\/wp\/v2\/product"}],"about":[{"href":"https:\/\/olemosaic.com\/fr\/wp-json\/wp\/v2\/types\/product"}],"wp:featuredmedia":[{"embeddable":true,"href":"https:\/\/olemosaic.com\/fr\/wp-json\/wp\/v2\/media\/12068"}],"wp:attachment":[{"href":"https:\/\/olemosaic.com\/fr\/wp-json\/wp\/v2\/media?parent=31062"}],"wp:term":[{"taxonomy":"product_brand","embeddable":true,"href":"https:\/\/olemosaic.com\/fr\/wp-json\/wp\/v2\/product_brand?post=31062"},{"taxonomy":"product_cat","embeddable":true,"href":"https:\/\/olemosaic.com\/fr\/wp-json\/wp\/v2\/product_cat?post=31062"},{"taxonomy":"product_tag","embeddable":true,"href":"https:\/\/olemosaic.com\/fr\/wp-json\/wp\/v2\/product_tag?post=31062"}],"curies":[{"name":"wp","href":"https:\/\/api.w.org\/{rel}","templated":true}]}}