{"id":31051,"date":"2025-02-20T22:32:52","date_gmt":"2025-02-20T22:32:52","guid":{"rendered":"http:\/\/olemosaic.com\/producto\/iman-de-pvc-salamandra-mallorca\/"},"modified":"2025-07-25T19:28:18","modified_gmt":"2025-07-25T17:28:18","slug":"aimant-pvc-salamandre-majorque","status":"publish","type":"product","link":"https:\/\/olemosaic.com\/fr\/produit\/aimant-pvc-salamandre-majorque\/","title":{"rendered":"Aimant en PVC. Salamandre. Majorque."},"content":{"rendered":"<p>Cet aimant en PVC en forme de salamandre est un souvenir color\u00e9 et joyeux qui repr\u00e9sente la faune typique de Majorque, id\u00e9al pour se souvenir de la beaut\u00e9 naturelle de l&rsquo;\u00eele. Avec un design vibrant, cet aimant capture l&rsquo;essence du patrimoine majorquin \u00e0 travers ses motifs de mosa\u00efque dans des tons de bleu, vert, rouge et jaune, qui \u00e9voquent la fra\u00eecheur et la diversit\u00e9 du paysage m\u00e9diterran\u00e9en. Le mot \u00ab\u00a0MAJORQUE\u00a0\u00bb est imprim\u00e9 en lettres color\u00e9es sur le corps de la salamandre, ajoutant une touche amusante et attrayante qui en fait une pi\u00e8ce id\u00e9ale pour d\u00e9corer n&rsquo;importe quel r\u00e9frig\u00e9rateur ou surface magn\u00e9tique.<\/p>\n<p>Ce charmant souvenir n&rsquo;est pas seulement un objet fonctionnel, il encapsule \u00e9galement la merveilleuse biodiversit\u00e9 qu&rsquo;offre Majorque, en faisant un souvenir culturel significatif pour les touristes. \u00c0 travers son design, l&rsquo;aimant refl\u00e8te la beaut\u00e9 et la singularit\u00e9 de la faune majorquine, en faisant un article indispensable pour ceux qui souhaitent ramener un morceau de l&rsquo;\u00eele chez eux. Chez Ol\u00e9 Mosaic, en tant que distributeurs de souvenirs en gros, nous proposons des produits authentiques qui c\u00e9l\u00e8brent la riche culture et la nature de l&rsquo;Espagne, cet aimant salamandre \u00e9tant une excellente option pour les boutiques de cadeaux touristiques \u00e0 la recherche d&rsquo;articles frappants et pleins de sens.<\/p>\n","protected":false},"excerpt":{"rendered":"<p>Aimant en PVC en forme de salamandre, repr\u00e9sentant la faune typique de Majorque. Cet aimant, plein de couleurs, pr\u00e9sente un design vibrant avec des motifs de mosa\u00efque dans des tons de bleu, vert, rouge et jaune, ce qui lui donne un aspect frais et frappant. Le mot \u00ab\u00a0MAJORQUE\u00a0\u00bb est imprim\u00e9 en lettres color\u00e9es sur le corps de l&rsquo;animal, faisant de ce souvenir la pi\u00e8ce parfaite pour se souvenir de la beaut\u00e9 de l&rsquo;\u00eele. Id\u00e9al pour d\u00e9corer votre r\u00e9frig\u00e9rateur et ramener un morceau de Majorque chez vous.<\/p>\n","protected":false},"featured_media":12074,"template":"","meta":{"_acf_changed":false},"product_brand":[],"product_cat":[697],"product_tag":[530],"class_list":{"0":"post-31051","1":"product","2":"type-product","3":"status-publish","4":"has-post-thumbnail","6":"product_cat-aimants","7":"product_tag-animaux","8":"pa_ciudad-mallorca","9":"pa_motivo-salamandres","10":"pa_pais-espana","12":"first","13":"instock","14":"shipping-taxable","15":"product-type-simple"},"acf":[],"_links":{"self":[{"href":"https:\/\/olemosaic.com\/fr\/wp-json\/wp\/v2\/product\/31051","targetHints":{"allow":["GET"]}}],"collection":[{"href":"https:\/\/olemosaic.com\/fr\/wp-json\/wp\/v2\/product"}],"about":[{"href":"https:\/\/olemosaic.com\/fr\/wp-json\/wp\/v2\/types\/product"}],"wp:featuredmedia":[{"embeddable":true,"href":"https:\/\/olemosaic.com\/fr\/wp-json\/wp\/v2\/media\/12074"}],"wp:attachment":[{"href":"https:\/\/olemosaic.com\/fr\/wp-json\/wp\/v2\/media?parent=31051"}],"wp:term":[{"taxonomy":"product_brand","embeddable":true,"href":"https:\/\/olemosaic.com\/fr\/wp-json\/wp\/v2\/product_brand?post=31051"},{"taxonomy":"product_cat","embeddable":true,"href":"https:\/\/olemosaic.com\/fr\/wp-json\/wp\/v2\/product_cat?post=31051"},{"taxonomy":"product_tag","embeddable":true,"href":"https:\/\/olemosaic.com\/fr\/wp-json\/wp\/v2\/product_tag?post=31051"}],"curies":[{"name":"wp","href":"https:\/\/api.w.org\/{rel}","templated":true}]}}