{"id":31048,"date":"2025-02-20T23:32:51","date_gmt":"2025-02-20T22:32:51","guid":{"rendered":"http:\/\/olemosaic.com\/producto\/iman-de-pvc-panoramica-madrid-2\/"},"modified":"2025-07-25T18:52:24","modified_gmt":"2025-07-25T16:52:24","slug":"aimant-pvc-panoramique-madrid-2","status":"publish","type":"product","link":"https:\/\/olemosaic.com\/fr\/produit\/aimant-pvc-panoramique-madrid-2\/","title":{"rendered":"Aimant en PVC. Panoramique. Puerta del Sol. Madrid."},"content":{"rendered":"<p>Cet aimant en PVC avec une vue panoramique vibrante de Madrid est un souvenir incontournable qui capture l&rsquo;essence et le dynamisme de la capitale espagnole. Avec le nom \u00ab\u00a0MADRID\u00a0\u00bb en grandes lettres frappantes, cet aimant est visuellement percutant et con\u00e7u pour attirer l&rsquo;attention. Chaque lettre de ce souvenir color\u00e9 abrite des illustrations embl\u00e9matiques, de l&#8217;embl\u00e9matique Puerta del Sol aux repr\u00e9sentations de parcs c\u00e9l\u00e8bres et de figures du folklore madril\u00e8ne, comme les costumes traditionnels \u00e9voquant la culture locale. L&rsquo;utilisation de tons vifs et de d\u00e9tails pleins de vie fait de cet aimant non seulement un objet d\u00e9coratif, mais aussi une pi\u00e8ce c\u00e9l\u00e9brant la diversit\u00e9 culturelle et le patrimoine de Madrid.<\/p>\n<p>Ce souvenir repr\u00e9sente le lien \u00e9motionnel avec la ville, ce qui en fait le cadeau parfait pour ceux qui souhaitent ramener un morceau de Madrid chez eux. Les touristes pourront l&rsquo;exposer sur leur r\u00e9frig\u00e9rateur comme un rappel constant de leur visite, tandis que les boutiques de cadeaux touristiques y trouveront une excellente occasion d&rsquo;offrir \u00e0 leurs clients un produit authentique et culturellement pertinent. Chez Ol\u00e9 Mosaic, nous sommes fiers de distribuer des souvenirs de qualit\u00e9 et cet aimant est un ajout magnifique \u00e0 votre collection de souvenirs de Madrid, id\u00e9al pour attirer ceux qui recherchent l&rsquo;authenticit\u00e9 dans leurs achats.<\/p>\n","protected":false},"excerpt":{"rendered":"<p>Aimant en PVC avec une vue panoramique vibrante de Madrid. Ce souvenir color\u00e9 pr\u00e9sente le nom \u00ab\u00a0MADRID\u00a0\u00bb en grandes lettres frappantes. Chaque lettre comprend des illustrations embl\u00e9matiques de la ville, telles que la Puerta del Sol, des parcs embl\u00e9matiques et des figures repr\u00e9sentatives du folklore madril\u00e8ne. Le design, plein de couleurs, refl\u00e8te l&rsquo;esprit dynamique de la capitale espagnole, en faisant un excellent souvenir ou cadeau pour les amoureux de la ville.<\/p>\n","protected":false},"featured_media":11322,"template":"","meta":{"_acf_changed":false},"product_brand":[],"product_cat":[697],"product_tag":[],"class_list":{"0":"post-31048","1":"product","2":"type-product","3":"status-publish","4":"has-post-thumbnail","6":"product_cat-aimants","7":"pa_ciudad-madrid","8":"pa_motivo-panoramas","9":"pa_pais-espana","11":"first","12":"instock","13":"shipping-taxable","14":"product-type-simple"},"acf":[],"_links":{"self":[{"href":"https:\/\/olemosaic.com\/fr\/wp-json\/wp\/v2\/product\/31048","targetHints":{"allow":["GET"]}}],"collection":[{"href":"https:\/\/olemosaic.com\/fr\/wp-json\/wp\/v2\/product"}],"about":[{"href":"https:\/\/olemosaic.com\/fr\/wp-json\/wp\/v2\/types\/product"}],"wp:featuredmedia":[{"embeddable":true,"href":"https:\/\/olemosaic.com\/fr\/wp-json\/wp\/v2\/media\/11322"}],"wp:attachment":[{"href":"https:\/\/olemosaic.com\/fr\/wp-json\/wp\/v2\/media?parent=31048"}],"wp:term":[{"taxonomy":"product_brand","embeddable":true,"href":"https:\/\/olemosaic.com\/fr\/wp-json\/wp\/v2\/product_brand?post=31048"},{"taxonomy":"product_cat","embeddable":true,"href":"https:\/\/olemosaic.com\/fr\/wp-json\/wp\/v2\/product_cat?post=31048"},{"taxonomy":"product_tag","embeddable":true,"href":"https:\/\/olemosaic.com\/fr\/wp-json\/wp\/v2\/product_tag?post=31048"}],"curies":[{"name":"wp","href":"https:\/\/api.w.org\/{rel}","templated":true}]}}