{"id":31039,"date":"2025-02-20T22:32:50","date_gmt":"2025-02-20T22:32:50","guid":{"rendered":"http:\/\/olemosaic.com\/producto\/iman-de-pvc-panoramica-barcelona\/"},"modified":"2025-07-25T20:39:17","modified_gmt":"2025-07-25T18:39:17","slug":"aimant-pvc-panoramique-barcelone","status":"publish","type":"product","link":"https:\/\/olemosaic.com\/fr\/produit\/aimant-pvc-panoramique-barcelone\/","title":{"rendered":"Aimant en PVC. Panoramique. Barcelone."},"content":{"rendered":"<p>Cet aimant en PVC avec une vue panoramique color\u00e9e de Barcelone est le moyen id\u00e9al de ramener un morceau de la vibrante culture catalane chez soi. Il pr\u00e9sente le nom \u00ab Barcelone \u00bb en grandes lettres, chacune orn\u00e9e d&rsquo;illustrations embl\u00e9matiques repr\u00e9sentant l&rsquo;essence de la ville, comme l&rsquo;impressionnante Sagrada Familia avec ses tours caract\u00e9ristiques, le magique Parc G\u00fcell avec ses mosa\u00efques color\u00e9es et la belle plage m\u00e9diterran\u00e9enne qui invite \u00e0 profiter du soleil. Le design se distingue par sa palette de couleurs \u00e9clatantes et son attention impressionnante aux d\u00e9tails, ce qui en fait un objet attrayant qui capte l&rsquo;attention de tout visiteur.<\/p>\n<p>Cet aimant ne fonctionne pas seulement comme un simple souvenir, mais devient un v\u00e9ritable symbole du patrimoine culturel de Barcelone, refl\u00e9tant son atmosph\u00e8re dynamique et sa riche histoire architecturale. C&rsquo;est un souvenir id\u00e9al pour ceux qui recherchent une pi\u00e8ce unique qui encapsule les moments magiques v\u00e9cus dans la ville. Chez Ol\u00e9 Mosaic, nous nous engageons dans la distribution de souvenirs en gros qui c\u00e9l\u00e8brent l&rsquo;authenticit\u00e9 et la pertinence culturelle. Cet aimant panoramique de Barcelone est un excellent choix pour les boutiques de cadeaux touristiques souhaitant proposer des produits m\u00e9morables et artistiquement repr\u00e9sentatifs. Apportant une touche de joie et de couleur, cet aimant deviendra un souvenir pr\u00e9cieux pour les touristes visitant cette ville magnifique.<\/p>\n","protected":false},"excerpt":{"rendered":"<p>Aimant en PVC avec une vue panoramique color\u00e9e de Barcelone. Cet aimant distinctif pr\u00e9sente le nom \u00ab\u00a0Barcelone\u00a0\u00bb en grandes lettres, d\u00e9cor\u00e9es d&rsquo;illustrations repr\u00e9sentatives de la ville, telles que la Sagrada Familia, le Parc G\u00fcell et la plage, refl\u00e9tant l&rsquo;atmosph\u00e8re culturelle et architecturale vibrante de la r\u00e9gion. Avec un design attrayant et plein de d\u00e9tails, c&rsquo;est le souvenir parfait pour ramener un morceau de Barcelone \u00e0 la maison.<\/p>\n","protected":false},"featured_media":11324,"template":"","meta":{"_acf_changed":false},"product_brand":[],"product_cat":[697],"product_tag":[],"class_list":{"0":"post-31039","1":"product","2":"type-product","3":"status-publish","4":"has-post-thumbnail","6":"product_cat-aimants","7":"pa_ciudad-barcelona","8":"pa_motivo-panoramas","9":"pa_pais-espana","11":"first","12":"instock","13":"shipping-taxable","14":"product-type-simple"},"acf":[],"_links":{"self":[{"href":"https:\/\/olemosaic.com\/fr\/wp-json\/wp\/v2\/product\/31039","targetHints":{"allow":["GET"]}}],"collection":[{"href":"https:\/\/olemosaic.com\/fr\/wp-json\/wp\/v2\/product"}],"about":[{"href":"https:\/\/olemosaic.com\/fr\/wp-json\/wp\/v2\/types\/product"}],"wp:featuredmedia":[{"embeddable":true,"href":"https:\/\/olemosaic.com\/fr\/wp-json\/wp\/v2\/media\/11324"}],"wp:attachment":[{"href":"https:\/\/olemosaic.com\/fr\/wp-json\/wp\/v2\/media?parent=31039"}],"wp:term":[{"taxonomy":"product_brand","embeddable":true,"href":"https:\/\/olemosaic.com\/fr\/wp-json\/wp\/v2\/product_brand?post=31039"},{"taxonomy":"product_cat","embeddable":true,"href":"https:\/\/olemosaic.com\/fr\/wp-json\/wp\/v2\/product_cat?post=31039"},{"taxonomy":"product_tag","embeddable":true,"href":"https:\/\/olemosaic.com\/fr\/wp-json\/wp\/v2\/product_tag?post=31039"}],"curies":[{"name":"wp","href":"https:\/\/api.w.org\/{rel}","templated":true}]}}