{"id":31038,"date":"2025-02-20T22:32:50","date_gmt":"2025-02-20T22:32:50","guid":{"rendered":"http:\/\/olemosaic.com\/producto\/iman-de-pvc-panoramica-mallorca\/"},"modified":"2025-07-25T20:34:58","modified_gmt":"2025-07-25T18:34:58","slug":"aimant-pvc-panoramique-majorque","status":"publish","type":"product","link":"https:\/\/olemosaic.com\/fr\/produit\/aimant-pvc-panoramique-majorque\/","title":{"rendered":"Aimant en PVC. Panoramique. Majorque."},"content":{"rendered":"<p>Cet aimant en PVC avec une vue panoramique attrayante de Majorque est un souvenir vibrant qui capture l&rsquo;essence de cette magnifique \u00eele m\u00e9diterran\u00e9enne. Le mot \u00ab\u00a0MAJORQUE\u00a0\u00bb se distingue par de grandes lettres frappantes, chacune d\u00e9cor\u00e9e d&rsquo;illustrations repr\u00e9sentant des \u00e9l\u00e9ments embl\u00e9matiques tels que le soleil radieux, des palmiers luxuriants, un moulin traditionnel, un tramway pittoresque et de charmantes sc\u00e8nes de plages. Ces illustrations sont m\u00e9ticuleusement con\u00e7ues, montrant la richesse culturelle et le paysage spectaculaire de Majorque.<\/p>\n<p>L&rsquo;aimant n&rsquo;est pas seulement un accessoire pratique pour garder vos notes ou souvenirs en vue sur le r\u00e9frig\u00e9rateur, mais il sert \u00e9galement d&rsquo;excellent souvenir de Majorque, id\u00e9al pour ceux qui souhaitent emporter un morceau de l&rsquo;\u00eele. La combinaison de couleurs vibrantes et de d\u00e9tails soign\u00e9s offre une touche joyeuse et m\u00e9diterran\u00e9enne, en faisant une magnifique pi\u00e8ce d\u00e9corative.<\/p>\n<p>Chez Ol\u00e9 Mosaic, nous sommes des distributeurs de souvenirs en gros, et cet aimant est une excellente option pour les boutiques de cadeaux touristiques cherchant \u00e0 offrir des souvenirs authentiques et repr\u00e9sentatifs de Majorque. Il est parfait pour les touristes qui cherchent un moyen de se souvenir de leur visite sur l&rsquo;\u00eele et de profiter d&rsquo;une touche de sa beaut\u00e9 chez eux. Sans aucun doute, il s&rsquo;agit d&rsquo;une pi\u00e8ce qui souligne la culture et le charme de Majorque, en faisant un achat essentiel.<\/p>\n","protected":false},"excerpt":{"rendered":"<p>Aimant en PVC avec une vue panoramique attrayante de Majorque, mettant en avant des \u00e9l\u00e9ments embl\u00e9matiques de l&rsquo;\u00eele. Cet aimant color\u00e9 pr\u00e9sente, en grandes lettres frappantes, le mot \u00ab\u00a0MAJORQUE\u00a0\u00bb, chaque lettre \u00e9tant d\u00e9cor\u00e9e de d\u00e9tails repr\u00e9sentatifs tels que le soleil radieux, un moulin, des palmiers, un tramway typique et des sc\u00e8nes de plages. Id\u00e9al pour se souvenir du charme de l&rsquo;\u00eele et d\u00e9corer n&rsquo;importe quel espace avec une touche m\u00e9diterran\u00e9enne.<\/p>\n","protected":false},"featured_media":8825,"template":"","meta":{"_acf_changed":false},"product_brand":[],"product_cat":[697],"product_tag":[],"class_list":{"0":"post-31038","1":"product","2":"type-product","3":"status-publish","4":"has-post-thumbnail","6":"product_cat-aimants","7":"pa_ciudad-mallorca","8":"pa_motivo-panoramas","9":"pa_pais-espana","11":"first","12":"instock","13":"shipping-taxable","14":"product-type-simple"},"acf":[],"_links":{"self":[{"href":"https:\/\/olemosaic.com\/fr\/wp-json\/wp\/v2\/product\/31038","targetHints":{"allow":["GET"]}}],"collection":[{"href":"https:\/\/olemosaic.com\/fr\/wp-json\/wp\/v2\/product"}],"about":[{"href":"https:\/\/olemosaic.com\/fr\/wp-json\/wp\/v2\/types\/product"}],"wp:featuredmedia":[{"embeddable":true,"href":"https:\/\/olemosaic.com\/fr\/wp-json\/wp\/v2\/media\/8825"}],"wp:attachment":[{"href":"https:\/\/olemosaic.com\/fr\/wp-json\/wp\/v2\/media?parent=31038"}],"wp:term":[{"taxonomy":"product_brand","embeddable":true,"href":"https:\/\/olemosaic.com\/fr\/wp-json\/wp\/v2\/product_brand?post=31038"},{"taxonomy":"product_cat","embeddable":true,"href":"https:\/\/olemosaic.com\/fr\/wp-json\/wp\/v2\/product_cat?post=31038"},{"taxonomy":"product_tag","embeddable":true,"href":"https:\/\/olemosaic.com\/fr\/wp-json\/wp\/v2\/product_tag?post=31038"}],"curies":[{"name":"wp","href":"https:\/\/api.w.org\/{rel}","templated":true}]}}