{"id":31036,"date":"2025-02-20T22:32:50","date_gmt":"2025-02-20T22:32:50","guid":{"rendered":"http:\/\/olemosaic.com\/producto\/iman-de-pvc-panoramica-santiago\/"},"modified":"2025-07-25T19:13:32","modified_gmt":"2025-07-25T17:13:32","slug":"aimant-pvc-panoramique-santiago","status":"publish","type":"product","link":"https:\/\/olemosaic.com\/fr\/produit\/aimant-pvc-panoramique-santiago\/","title":{"rendered":"Aimant en PVC. Panoramique. Saint-Jacques-de-Compostelle."},"content":{"rendered":"<p>Cet aimant en PVC, avec la vue panoramique color\u00e9e de Saint-Jacques-de-Compostelle, est un rappel vibrant du riche patrimoine culturel de cette charmante ville galicienne. Avec le mot \u00ab\u00a0Santiago\u00a0\u00bb en lettres grandes et frappantes, ce souvenir se distingue par son design attrayant et son souci du d\u00e9tail. Des ic\u00f4nes embl\u00e9matiques, telles que l&rsquo;imposante cath\u00e9drale de Saint-Jacques et un p\u00e8lerin avec son b\u00e2ton de voyage, sont magnifiquement illustr\u00e9es, transmettant l&rsquo;essence de la c\u00e9l\u00e8bre route de p\u00e8lerinage, le Chemin de Saint-Jacques.<\/p>\n<p>Les \u00e9l\u00e9ments architecturaux et les symboles galiciens, peints dans des tons vibrants de bleu, rouge et vert, \u00e9voquent non seulement l&rsquo;histoire de la ville, mais aussi son folklore et ses traditions. Cet aimant fonctionne non seulement comme un objet d\u00e9coratif, mais aussi comme un morceau de l&rsquo;histoire de Saint-Jacques, reliant les visiteurs \u00e0 leur exp\u00e9rience unique dans la ville. De plus, son mat\u00e9riau en PVC le rend durable et r\u00e9sistant, id\u00e9al pour l&rsquo;exposer sur toute surface m\u00e9tallique, comme un r\u00e9frig\u00e9rateur, servant de rappel constant d&rsquo;un voyage inoubliable.<\/p>\n<p>Chez Ol\u00e9 Mosaic, nous sommes fiers de proposer des souvenirs authentiques qui capturent l&rsquo;essence de leurs lieux d&rsquo;origine. Cet aimant de Saint-Jacques est une excellente option pour les boutiques de cadeaux touristiques \u00e0 la recherche de produits de qualit\u00e9, repr\u00e9sentatifs et pleins de sens culturel. Avec son design attrayant et sa pertinence culturelle, cet aimant se positionne comme un cadeau id\u00e9al tant pour les touristes que pour ceux qui veulent ramener un morceau de Saint-Jacques chez eux.<\/p>\n","protected":false},"excerpt":{"rendered":"<p>Aimant en PVC avec une vue panoramique color\u00e9e de Saint-Jacques-de-Compostelle, capturant l&rsquo;essence culturelle de la ville. Cet aimant pr\u00e9sente le mot \u00ab\u00a0Santiago\u00a0\u00bb en lettres grandes et vibrantes, accompagn\u00e9 d&rsquo;ic\u00f4nes embl\u00e9matiques comme la cath\u00e9drale et le c\u00e9l\u00e8bre p\u00e8lerin. Les d\u00e9tails incluent des \u00e9l\u00e9ments architecturaux et des symboles, peints dans des tons brillants de bleu, rouge et vert, qui \u00e9voquent l&rsquo;histoire et le folklore de cette ville galicienne. Parfait pour se souvenir d&rsquo;un voyage inoubliable.<\/p>\n","protected":false},"featured_media":8829,"template":"","meta":{"_acf_changed":false},"product_brand":[],"product_cat":[697],"product_tag":[],"class_list":{"0":"post-31036","1":"product","2":"type-product","3":"status-publish","4":"has-post-thumbnail","6":"product_cat-aimants","7":"pa_ciudad-santiago-de-compostela","8":"pa_motivo-panoramas","9":"pa_pais-espana","11":"first","12":"instock","13":"shipping-taxable","14":"product-type-simple"},"acf":[],"_links":{"self":[{"href":"https:\/\/olemosaic.com\/fr\/wp-json\/wp\/v2\/product\/31036","targetHints":{"allow":["GET"]}}],"collection":[{"href":"https:\/\/olemosaic.com\/fr\/wp-json\/wp\/v2\/product"}],"about":[{"href":"https:\/\/olemosaic.com\/fr\/wp-json\/wp\/v2\/types\/product"}],"wp:featuredmedia":[{"embeddable":true,"href":"https:\/\/olemosaic.com\/fr\/wp-json\/wp\/v2\/media\/8829"}],"wp:attachment":[{"href":"https:\/\/olemosaic.com\/fr\/wp-json\/wp\/v2\/media?parent=31036"}],"wp:term":[{"taxonomy":"product_brand","embeddable":true,"href":"https:\/\/olemosaic.com\/fr\/wp-json\/wp\/v2\/product_brand?post=31036"},{"taxonomy":"product_cat","embeddable":true,"href":"https:\/\/olemosaic.com\/fr\/wp-json\/wp\/v2\/product_cat?post=31036"},{"taxonomy":"product_tag","embeddable":true,"href":"https:\/\/olemosaic.com\/fr\/wp-json\/wp\/v2\/product_tag?post=31036"}],"curies":[{"name":"wp","href":"https:\/\/api.w.org\/{rel}","templated":true}]}}