{"id":31035,"date":"2025-02-20T22:32:50","date_gmt":"2025-02-20T22:32:50","guid":{"rendered":"http:\/\/olemosaic.com\/producto\/iman-de-pvc-salamandra-fuerteventura\/"},"modified":"2025-07-25T19:12:24","modified_gmt":"2025-07-25T17:12:24","slug":"aimant-pvc-salamandre-fuerteventura","status":"publish","type":"product","link":"https:\/\/olemosaic.com\/fr\/produit\/aimant-pvc-salamandre-fuerteventura\/","title":{"rendered":"Aimant en PVC. Salamandre. Fuerteventura."},"content":{"rendered":"<p>Cet aimant en PVC en forme de salamandre est un souvenir color\u00e9 qui capture l&rsquo;essence de la biodiversit\u00e9 de Fuerteventura, l&rsquo;une des magnifiques \u00eeles Canaries. Avec son design vibrant, cet aimant affiche une palette de tons bleus, verts et jaunes, cr\u00e9ant une repr\u00e9sentation visuelle joyeuse et caract\u00e9ristique de la riche faune locale. La salamandre, qui symbolise le lien avec la nature et l&rsquo;environnement unique de l&rsquo;\u00eele, est pr\u00e9sent\u00e9e dans un style ludique qui attire l&rsquo;attention de ceux qui recherchent des souvenirs authentiques.<\/p>\n<p>Mettant en avant l&rsquo;inscription \u00ab\u00a0Fuerteventura\u00a0\u00bb dans une typographie amusante, cet aimant n&rsquo;est pas seulement un article d\u00e9coratif, mais aussi un t\u00e9moignage de l&rsquo;esprit insulaire, id\u00e9al pour d\u00e9corer les r\u00e9frig\u00e9rateurs ou d&rsquo;autres espaces. Chaque d\u00e9tail de la salamandre est soigneusement \u00e9labor\u00e9, de sa queue ondulante \u00e0 ses pattes stylis\u00e9es, ce qui fait de cet aimant une pi\u00e8ce attrayante et amusante.<\/p>\n<p>Parfait pour les touristes qui souhaitent ramener un morceau de Fuerteventura chez eux, ce souvenir se distingue par son authenticit\u00e9 et sa pertinence culturelle, repr\u00e9sentant la joie et la beaut\u00e9 de la r\u00e9gion. Chez Ol\u00e9 Mosaic, nous proposons une large gamme de souvenirs en gros, et cet aimant de salamandre est une excellente option pour les boutiques de cadeaux touristiques qui souhaitent offrir des produits repr\u00e9sentatifs et de qualit\u00e9.<\/p>\n","protected":false},"excerpt":{"rendered":"<p>Aimant en PVC en forme de salamandre, repr\u00e9sentant la biodiversit\u00e9 de Fuerteventura. Cet aimant color\u00e9 se distingue par son design vibrant, avec une mosa\u00efque de tons bleus, verts et jaunes, \u00e9voquant l&rsquo;esth\u00e9tique des Canaries. L&rsquo;inscription \u00ab\u00a0Fuerteventura\u00a0\u00bb dans un style d\u00e9contract\u00e9 attire l&rsquo;attention et refl\u00e8te la joie de l&rsquo;\u00eele. Chaque d\u00e9tail de la salamandre est soigneusement \u00e9labor\u00e9, ce qui en fait un souvenir attrayant et un rappel parfait de cette belle r\u00e9gion.<\/p>\n","protected":false},"featured_media":12070,"template":"","meta":{"_acf_changed":false},"product_brand":[],"product_cat":[697],"product_tag":[530],"class_list":{"0":"post-31035","1":"product","2":"type-product","3":"status-publish","4":"has-post-thumbnail","6":"product_cat-aimants","7":"product_tag-animaux","8":"pa_ciudad-fuerteventura","9":"pa_motivo-salamandres","10":"pa_pais-espana","12":"first","13":"instock","14":"shipping-taxable","15":"product-type-simple"},"acf":[],"_links":{"self":[{"href":"https:\/\/olemosaic.com\/fr\/wp-json\/wp\/v2\/product\/31035","targetHints":{"allow":["GET"]}}],"collection":[{"href":"https:\/\/olemosaic.com\/fr\/wp-json\/wp\/v2\/product"}],"about":[{"href":"https:\/\/olemosaic.com\/fr\/wp-json\/wp\/v2\/types\/product"}],"wp:featuredmedia":[{"embeddable":true,"href":"https:\/\/olemosaic.com\/fr\/wp-json\/wp\/v2\/media\/12070"}],"wp:attachment":[{"href":"https:\/\/olemosaic.com\/fr\/wp-json\/wp\/v2\/media?parent=31035"}],"wp:term":[{"taxonomy":"product_brand","embeddable":true,"href":"https:\/\/olemosaic.com\/fr\/wp-json\/wp\/v2\/product_brand?post=31035"},{"taxonomy":"product_cat","embeddable":true,"href":"https:\/\/olemosaic.com\/fr\/wp-json\/wp\/v2\/product_cat?post=31035"},{"taxonomy":"product_tag","embeddable":true,"href":"https:\/\/olemosaic.com\/fr\/wp-json\/wp\/v2\/product_tag?post=31035"}],"curies":[{"name":"wp","href":"https:\/\/api.w.org\/{rel}","templated":true}]}}