{"id":31034,"date":"2025-02-20T22:32:49","date_gmt":"2025-02-20T22:32:49","guid":{"rendered":"http:\/\/olemosaic.com\/producto\/iman-de-metal-delfin-azul-11-cm\/"},"modified":"2025-07-25T19:44:37","modified_gmt":"2025-07-25T17:44:37","slug":"aimant-metal-dauphin-bleu-11-cm","status":"publish","type":"product","link":"https:\/\/olemosaic.com\/fr\/produit\/aimant-metal-dauphin-bleu-11-cm\/","title":{"rendered":"Aimant en m\u00e9tal. Dauphin. Bleu. 11 cm."},"content":{"rendered":"<p>Ce vibrant aimant m\u00e9tallique, inspir\u00e9 par la beaut\u00e9 des c\u00f4tes espagnoles, est une repr\u00e9sentation unique de la faune marine m\u00e9diterran\u00e9enne. Avec des dimensions de 11 cm, l&rsquo;aimant se distingue par sa technique de mosa\u00efque, montrant un groupe de dauphins dans des tons bleus et blancs qui semblent danser dans un oc\u00e9an de nuances. Le fond bleu marine simule la profondeur de la mer, tandis que les dauphins, con\u00e7us avec pr\u00e9cision, \u00e9voquent l&rsquo;\u00e9l\u00e9gance et l&rsquo;agilit\u00e9 de ces magnifiques mammif\u00e8res marins, entour\u00e9s d&rsquo;un environnement marin color\u00e9.<\/p>\n<p>Les \u00e9l\u00e9ments d\u00e9coratifs, tels que les coraux rouge\u00e2tres et les poissons tropicaux, ajoutent de la vitalit\u00e9 au design, faisant de cet aimant une pi\u00e8ce non seulement d\u00e9corative, mais aussi \u00e9ducative sur la biodiversit\u00e9 de la M\u00e9diterran\u00e9e. Ce souvenir n&rsquo;est pas seulement un rappel des vacances \u00e0 la c\u00f4te, mais un symbole de l&rsquo;amour pour la nature et la vie marine.<\/p>\n<p>Chez Ol\u00e9 Mosaic, nous distribuons des souvenirs authentiques en gros et cet aimant de dauphins est une excellente option pour les boutiques de cadeaux touristiques recherchant des produits qui capturent l&rsquo;essence de la mer. Offrir ou acqu\u00e9rir cet aimant est une fa\u00e7on parfaite de ramener chez soi un petit morceau du charme du littoral espagnol, id\u00e9al pour ceux qui souhaitent ch\u00e9rir leurs souvenirs de vacances.<\/p>\n","protected":false},"excerpt":{"rendered":"<p>Aimant m\u00e9tallique provenant des c\u00f4tes espagnoles, d\u00e9cor\u00e9 d&rsquo;un design vibrant de dauphins sur un fond bleu marine. Cet aimant de 11 cm se distingue par sa technique de mosa\u00efque, o\u00f9 les dauphins sont repr\u00e9sent\u00e9s dans des tons bleus et blancs, entour\u00e9s d&rsquo;\u00e9l\u00e9ments marins color\u00e9s tels que des coraux et des poissons. C&rsquo;est une pi\u00e8ce id\u00e9ale pour apporter un petit morceau de mer dans votre maison et se souvenir de la beaut\u00e9 de la faune marine.<\/p>\n","protected":false},"featured_media":8954,"template":"","meta":{"_acf_changed":false},"product_brand":[],"product_cat":[697],"product_tag":[530],"class_list":{"0":"post-31034","1":"product","2":"type-product","3":"status-publish","4":"has-post-thumbnail","6":"product_cat-aimants","7":"product_tag-animaux","8":"pa_motivo-dauphins","10":"first","11":"instock","12":"shipping-taxable","13":"product-type-simple"},"acf":[],"_links":{"self":[{"href":"https:\/\/olemosaic.com\/fr\/wp-json\/wp\/v2\/product\/31034","targetHints":{"allow":["GET"]}}],"collection":[{"href":"https:\/\/olemosaic.com\/fr\/wp-json\/wp\/v2\/product"}],"about":[{"href":"https:\/\/olemosaic.com\/fr\/wp-json\/wp\/v2\/types\/product"}],"wp:featuredmedia":[{"embeddable":true,"href":"https:\/\/olemosaic.com\/fr\/wp-json\/wp\/v2\/media\/8954"}],"wp:attachment":[{"href":"https:\/\/olemosaic.com\/fr\/wp-json\/wp\/v2\/media?parent=31034"}],"wp:term":[{"taxonomy":"product_brand","embeddable":true,"href":"https:\/\/olemosaic.com\/fr\/wp-json\/wp\/v2\/product_brand?post=31034"},{"taxonomy":"product_cat","embeddable":true,"href":"https:\/\/olemosaic.com\/fr\/wp-json\/wp\/v2\/product_cat?post=31034"},{"taxonomy":"product_tag","embeddable":true,"href":"https:\/\/olemosaic.com\/fr\/wp-json\/wp\/v2\/product_tag?post=31034"}],"curies":[{"name":"wp","href":"https:\/\/api.w.org\/{rel}","templated":true}]}}