{"id":31033,"date":"2025-02-20T23:32:49","date_gmt":"2025-02-20T22:32:49","guid":{"rendered":"http:\/\/olemosaic.com\/producto\/iman-de-metal-toro-sevilla-plata-8-cm-2\/"},"modified":"2025-07-25T23:59:02","modified_gmt":"2025-07-25T21:59:02","slug":"aimant-metal-taureau-seville-argent-8-cm-2","status":"publish","type":"product","link":"https:\/\/olemosaic.com\/fr\/produit\/aimant-metal-taureau-seville-argent-8-cm-2\/","title":{"rendered":"Aimant en m\u00e9tal. Taureau. S\u00e9ville. Espagne. Argent. 8 cm."},"content":{"rendered":"<p>Cet aimant m\u00e9tallique, repr\u00e9sentant un taureau, est un v\u00e9ritable hommage \u00e0 la riche culture andalouse, et particuli\u00e8rement \u00e0 l&rsquo;essence vibrante de S\u00e9ville. Avec ses 8 cm, il pr\u00e9sente un design color\u00e9 et moderne qui combine une technique de mosa\u00efque peinte \u00e0 la main, id\u00e9ale pour les amateurs d&rsquo;artisanat. Les tons intenses de rouge, jaune et orange du taureau capturent non seulement la force de l&rsquo;animal, maar refl\u00e8tent \u00e9galement la passion qui caract\u00e9rise la vie en Andalousie.<\/p>\n<p>Le mot \u00ab\u00a0SEVILLA\u00a0\u00bb est imprim\u00e9 de mani\u00e8re pro\u00e9minente, reliant directement cet aimant \u00e0 la ville des festivals et de la tradition flamenca. Cet objet ne sert pas seulement d&rsquo;aimant pratique pour le r\u00e9frig\u00e9rateur, mais constitue \u00e9galement une pi\u00e8ce d\u00e9corative \u00e9voquant les corridas et l&rsquo;histoire culturelle de la r\u00e9gion. La technique de mosa\u00efque utilis\u00e9e pour sa cr\u00e9ation apporte une texture visuelle unique, faisant de chaque aimant une pi\u00e8ce singuli\u00e8re.<\/p>\n<p>Chez Ol\u00e9 Mosaic, nous nous sp\u00e9cialisons dans la distribution de souvenirs en gros, et cet aimant de taureau est un choix parfait pour les touristes \u00e0 la recherche de souvenirs authentiques de S\u00e9ville. Il repr\u00e9sente un souvenir attrayant alliant qualit\u00e9, artisanat et une touche de culture andalouse, id\u00e9al pour les boutiques de cadeaux touristiques souhaitant proposer des produits authentiques et m\u00e9morables. En tant que grossistes d&rsquo;aimants, nous veillons \u00e0 ce que chaque pi\u00e8ce soit le reflet du riche patrimoine culturel que S\u00e9ville a \u00e0 offrir.<\/p>\n","protected":false},"excerpt":{"rendered":"<p>Aimant m\u00e9tallique avec l&rsquo;image d&rsquo;un taureau, con\u00e7u dans un style color\u00e9 et moderne qui \u00e9voque la passion de S\u00e9ville. D&rsquo;une taille de 8 cm, cet aimant se distingue par sa technique de mosa\u00efque au design artisanal, peinte \u00e0 la main, qui combine des tons rouges, jaunes et oranges pour cr\u00e9er une finition vibrante et attrayante. Le mot \u00ab\u00a0SEVILLA\u00a0\u00bb appara\u00eet en \u00e9vidence, soulignant le lien avec la riche culture andalouse. Id\u00e9al pour les collectionneurs ou comme souvenir de voyage.<\/p>\n","protected":false},"featured_media":9991,"template":"","meta":{"_acf_changed":false},"product_brand":[],"product_cat":[697],"product_tag":[530],"class_list":{"0":"post-31033","1":"product","2":"type-product","3":"status-publish","4":"has-post-thumbnail","6":"product_cat-aimants","7":"product_tag-animaux","8":"pa_ciudad-sevilla","9":"pa_motivo-taureaux","10":"pa_pais-espana","12":"first","13":"instock","14":"shipping-taxable","15":"product-type-simple"},"acf":[],"_links":{"self":[{"href":"https:\/\/olemosaic.com\/fr\/wp-json\/wp\/v2\/product\/31033","targetHints":{"allow":["GET"]}}],"collection":[{"href":"https:\/\/olemosaic.com\/fr\/wp-json\/wp\/v2\/product"}],"about":[{"href":"https:\/\/olemosaic.com\/fr\/wp-json\/wp\/v2\/types\/product"}],"wp:featuredmedia":[{"embeddable":true,"href":"https:\/\/olemosaic.com\/fr\/wp-json\/wp\/v2\/media\/9991"}],"wp:attachment":[{"href":"https:\/\/olemosaic.com\/fr\/wp-json\/wp\/v2\/media?parent=31033"}],"wp:term":[{"taxonomy":"product_brand","embeddable":true,"href":"https:\/\/olemosaic.com\/fr\/wp-json\/wp\/v2\/product_brand?post=31033"},{"taxonomy":"product_cat","embeddable":true,"href":"https:\/\/olemosaic.com\/fr\/wp-json\/wp\/v2\/product_cat?post=31033"},{"taxonomy":"product_tag","embeddable":true,"href":"https:\/\/olemosaic.com\/fr\/wp-json\/wp\/v2\/product_tag?post=31033"}],"curies":[{"name":"wp","href":"https:\/\/api.w.org\/{rel}","templated":true}]}}