{"id":31016,"date":"2025-02-20T23:32:49","date_gmt":"2025-02-20T22:32:49","guid":{"rendered":"http:\/\/olemosaic.com\/producto\/iman-de-metal-bailaora-madrid-negro-8-cm-3\/"},"modified":"2025-07-25T18:40:37","modified_gmt":"2025-07-25T16:40:37","slug":"aimant-metal-danseuse-flamenco-madrid-noir-8-cm-3","status":"publish","type":"product","link":"https:\/\/olemosaic.com\/fr\/produit\/aimant-metal-danseuse-flamenco-madrid-noir-8-cm-3\/","title":{"rendered":"Aimant en m\u00e9tal. Danseuse de flamenco. Robe rouge et jaune. Madrid. Noir. 8 cm."},"content":{"rendered":"<p>Cet aimant m\u00e9tallique repr\u00e9sente une \u00e9l\u00e9gante danseuse de flamenco, capturant l&rsquo;essence vibrante de Madrid. Avec ses 8 cm, ce souvenir attrayant met en valeur la figure de la danseuse dans une pose dynamique, \u00e9voquant l&rsquo;\u00e9nergie et la passion de cet art espagnol embl\u00e9matique. Sa robe rouge, orn\u00e9e de d\u00e9tails jaunes, souligne la beaut\u00e9 et le drame du flamenco, tandis que le fond noir offre un contraste parfait qui accentue les couleurs \u00e9clatantes de la tenue. Le mot \u00ab\u00a0MADRID\u00a0\u00bb est pr\u00e9sent\u00e9 en lettres color\u00e9es, renfor\u00e7ant le lien culturel avec la capitale espagnole et en faisant un souvenir repr\u00e9sentatif de son riche h\u00e9ritage flamenco.<\/p>\n<p>Cet aimant n&rsquo;est pas seulement un objet d\u00e9coratif, mais une excellente fa\u00e7on d&rsquo;apporter un morceau de la culture espagnole dans votre maison, rappelant \u00e0 tous l&rsquo;exp\u00e9rience v\u00e9cue lors de votre visite. Id\u00e9al pour les touristes ou comme cadeau pour ceux qui souhaitent se souvenir de leur s\u00e9jour \u00e0 Madrid, ce souvenir encapsule l&rsquo;authenticit\u00e9 et l&rsquo;esprit festif de la ville. Chez Ol\u00e9 Mosaic, nous sommes fiers de proposer des souvenirs de flamenco en gros, garantissant la qualit\u00e9 et des designs qui c\u00e9l\u00e8brent la tradition culturelle espagnole. Cet aimant de danseuse est un choix parfait pour les boutiques de cadeaux touristiques \u00e0 la recherche de produits distinctifs et m\u00e9morables.<\/p>\n","protected":false},"excerpt":{"rendered":"<p>Aimant m\u00e9tallique repr\u00e9sentant une \u00e9l\u00e9gante danseuse de flamenco, avec une robe rouge vibrante orn\u00e9e de d\u00e9tails jaunes. Cet aimant de 8 cm \u00e9voque l&rsquo;esprit de Madrid en montrant la danseuse dans une pose dynamique, sur un fond noir qui fait ressortir sa silhouette et les couleurs de sa tenue. Avec le mot \u00ab\u00a0MADRID\u00a0\u00bb en lettres color\u00e9es, ce souvenir est id\u00e9al pour apporter un morceau de la culture espagnole chez vous.<\/p>\n","protected":false},"featured_media":6969,"template":"","meta":{"_acf_changed":false},"product_brand":[],"product_cat":[697],"product_tag":[],"class_list":{"0":"post-31016","1":"product","2":"type-product","3":"status-publish","4":"has-post-thumbnail","6":"product_cat-aimants","7":"pa_ciudad-madrid","8":"pa_motivo-danseurs","9":"pa_pais-espana","11":"first","12":"instock","13":"shipping-taxable","14":"product-type-simple"},"acf":[],"_links":{"self":[{"href":"https:\/\/olemosaic.com\/fr\/wp-json\/wp\/v2\/product\/31016","targetHints":{"allow":["GET"]}}],"collection":[{"href":"https:\/\/olemosaic.com\/fr\/wp-json\/wp\/v2\/product"}],"about":[{"href":"https:\/\/olemosaic.com\/fr\/wp-json\/wp\/v2\/types\/product"}],"wp:featuredmedia":[{"embeddable":true,"href":"https:\/\/olemosaic.com\/fr\/wp-json\/wp\/v2\/media\/6969"}],"wp:attachment":[{"href":"https:\/\/olemosaic.com\/fr\/wp-json\/wp\/v2\/media?parent=31016"}],"wp:term":[{"taxonomy":"product_brand","embeddable":true,"href":"https:\/\/olemosaic.com\/fr\/wp-json\/wp\/v2\/product_brand?post=31016"},{"taxonomy":"product_cat","embeddable":true,"href":"https:\/\/olemosaic.com\/fr\/wp-json\/wp\/v2\/product_cat?post=31016"},{"taxonomy":"product_tag","embeddable":true,"href":"https:\/\/olemosaic.com\/fr\/wp-json\/wp\/v2\/product_tag?post=31016"}],"curies":[{"name":"wp","href":"https:\/\/api.w.org\/{rel}","templated":true}]}}