{"id":31014,"date":"2025-02-20T22:32:49","date_gmt":"2025-02-20T22:32:49","guid":{"rendered":"http:\/\/olemosaic.com\/producto\/iman-de-metal-gato-fuerteventura-plata-8-cm\/"},"modified":"2025-07-25T19:33:29","modified_gmt":"2025-07-25T17:33:29","slug":"aimant-metal-chat-fuerteventura-argent-8-cm","status":"publish","type":"product","link":"https:\/\/olemosaic.com\/fr\/produit\/aimant-metal-chat-fuerteventura-argent-8-cm\/","title":{"rendered":"Aimant en m\u00e9tal. Chat. Fuerteventura. Argent. 8 cm."},"content":{"rendered":"<p>Cet aimant m\u00e9tallique repr\u00e9sente un chat vibrant, inspir\u00e9 par la tradition color\u00e9e de Fuerteventura, l&rsquo;une des magnifiques \u00eeles Canaries. D&rsquo;une taille de 8 cm, cet aimant se distingue par son design artistique en mosa\u00efque, utilisant une palette de couleurs intenses comprenant des bleus, des verts, des rouges et des jaunes. La repr\u00e9sentation du chat, encadr\u00e9e par un fond aux effets subtils de craquelure, ajoute une touche distinctive qui capture l&rsquo;essence de l&rsquo;\u00eele. Les couleurs lumineuses et la forme stylis\u00e9e du chat \u00e9voquent la joie et la vitalit\u00e9 de la culture locale, faisant de ce produit bien plus qu&rsquo;un simple accessoire d\u00e9coratif ; c&rsquo;est un authentique souvenir de Fuerteventura.<\/p>\n<p>Cet aimant ne sert pas seulement \u00e0 organiser vos souvenirs, mais il rend \u00e9galement hommage \u00e0 la riche faune et flore des \u00eeles Canaries. C&rsquo;est un excellent choix pour les touristes qui souhaitent ramener un petit morceau de Fuerteventura chez eux. Ce souvenir est id\u00e9al pour ceux qui recherchent une repr\u00e9sentation authentique et color\u00e9e de la r\u00e9gion. Chez Ol\u00e9 Mosaic, en tant que grossistes d&rsquo;aimants, nous proposons des produits de qualit\u00e9 qui refl\u00e8tent la beaut\u00e9 et le folklore canarien, parfaits pour les boutiques de cadeaux touristiques qui appr\u00e9cient l&rsquo;artisanat et le lien culturel.<\/p>\n","protected":false},"excerpt":{"rendered":"<p>Aimant m\u00e9tallique avec la repr\u00e9sentation d&rsquo;un chat, inspir\u00e9 par la tradition color\u00e9e de Fuerteventura. Cet aimant de 8 cm se distingue par son design vibrant en mosa\u00efque, avec une palette de couleurs comprenant des bleus, des verts, des rouges et des jaunes. Le fond pr\u00e9sente un subtil effet de craquelure qui rehausse l&rsquo;image du chat aux tons joyeux, ajoutant une touche artistique et distinctive. Parfait pour se souvenir de l&rsquo;essence de cette magnifique \u00eele canarienne.<\/p>\n","protected":false},"featured_media":12845,"template":"","meta":{"_acf_changed":false},"product_brand":[],"product_cat":[697],"product_tag":[530],"class_list":{"0":"post-31014","1":"product","2":"type-product","3":"status-publish","4":"has-post-thumbnail","6":"product_cat-aimants","7":"product_tag-animaux","8":"pa_ciudad-fuerteventura","9":"pa_motivo-chats","10":"pa_pais-espana","12":"first","13":"instock","14":"shipping-taxable","15":"product-type-simple"},"acf":[],"_links":{"self":[{"href":"https:\/\/olemosaic.com\/fr\/wp-json\/wp\/v2\/product\/31014","targetHints":{"allow":["GET"]}}],"collection":[{"href":"https:\/\/olemosaic.com\/fr\/wp-json\/wp\/v2\/product"}],"about":[{"href":"https:\/\/olemosaic.com\/fr\/wp-json\/wp\/v2\/types\/product"}],"wp:featuredmedia":[{"embeddable":true,"href":"https:\/\/olemosaic.com\/fr\/wp-json\/wp\/v2\/media\/12845"}],"wp:attachment":[{"href":"https:\/\/olemosaic.com\/fr\/wp-json\/wp\/v2\/media?parent=31014"}],"wp:term":[{"taxonomy":"product_brand","embeddable":true,"href":"https:\/\/olemosaic.com\/fr\/wp-json\/wp\/v2\/product_brand?post=31014"},{"taxonomy":"product_cat","embeddable":true,"href":"https:\/\/olemosaic.com\/fr\/wp-json\/wp\/v2\/product_cat?post=31014"},{"taxonomy":"product_tag","embeddable":true,"href":"https:\/\/olemosaic.com\/fr\/wp-json\/wp\/v2\/product_tag?post=31014"}],"curies":[{"name":"wp","href":"https:\/\/api.w.org\/{rel}","templated":true}]}}