{"id":31013,"date":"2025-02-20T22:32:49","date_gmt":"2025-02-20T22:32:49","guid":{"rendered":"http:\/\/olemosaic.com\/producto\/iman-de-metal-alhambra-granada-8-cm\/"},"modified":"2025-07-25T18:33:48","modified_gmt":"2025-07-25T16:33:48","slug":"aimant-metal-alhambra-grenade-8-cm","status":"publish","type":"product","link":"https:\/\/olemosaic.com\/fr\/produit\/aimant-metal-alhambra-grenade-8-cm\/","title":{"rendered":"Aimant en m\u00e9tal. Alhambra. Grenade. 8 cm."},"content":{"rendered":"<p>Cet aimant m\u00e9tallique repr\u00e9sente l&rsquo;imposante Alhambra de Grenade, un souvenir id\u00e9al pour ceux qui souhaitent emporter avec eux un morceau de la riche histoire andalouse. D&rsquo;une taille de 8 cm, il se distingue par son illustration stylis\u00e9e qui capture la beaut\u00e9 de la c\u00e9l\u00e8bre cour principale de l&rsquo;Alhambra, orn\u00e9e de sa fontaine embl\u00e9matique, entour\u00e9e d&rsquo;arches majestueuses et de jardins luxuriants. Les d\u00e9tails aux tons vibrants, tels que les bleus et les verts, soulignent les structures architecturales, \u00e9voquant l&rsquo;essence du patrimoine andalou. Ce design est non seulement visuellement attrayant, mais il rend \u00e9galement hommage \u00e0 la fusion des cultures et des styles artistiques qui caract\u00e9risent Grenade.<\/p>\n<p>Cet aimant, au-del\u00e0 d&rsquo;\u00eatre un accessoire fonctionnel, est un symbole de l&rsquo;histoire et de la culture de la ville, id\u00e9al pour les amateurs d&rsquo;art et d&rsquo;histoire \u00e0 la recherche de souvenirs authentiques. Chez Ol\u00e9 Mosaic, en tant que distributeurs de souvenirs en gros, nous proposons des produits qui refl\u00e8tent l&rsquo;authenticit\u00e9 et la valeur culturelle de l&rsquo;Espagne, comme cet aimant de l&rsquo;Alhambra, qui deviendra une pi\u00e8ce unique dans toute boutique de cadeaux touristiques. Ajouter cet aimant \u00e0 votre collection est une excellente fa\u00e7on de se souvenir de la beaut\u00e9 intemporelle de Grenade, capturant un moment de l&rsquo;histoire qui dure \u00e9ternellement.<\/p>\n","protected":false},"excerpt":{"rendered":"<p>Aimant m\u00e9tallique de 8 cm repr\u00e9sentant l&rsquo;impressionnante Alhambra de Grenade. Cet aimant color\u00e9 pr\u00e9sente une illustration stylis\u00e9e de la cour avec sa c\u00e9l\u00e8bre fontaine, entour\u00e9e d&rsquo;arches et de jardins. Les d\u00e9tails aux tons vibrants soulignent les structures architecturales majestueuses, capturant l&rsquo;essence du patrimoine andalou. Id\u00e9al pour les amateurs d&rsquo;histoire et de culture, ce souvenir est parfait pour se rappeler la beaut\u00e9 de Grenade.<\/p>\n","protected":false},"featured_media":7399,"template":"","meta":{"_acf_changed":false},"product_brand":[],"product_cat":[697],"product_tag":[],"class_list":{"0":"post-31013","1":"product","2":"type-product","3":"status-publish","4":"has-post-thumbnail","6":"product_cat-aimants","7":"pa_ciudad-granada","8":"pa_motivo-lalhambra","9":"pa_pais-espana","11":"first","12":"instock","13":"shipping-taxable","14":"product-type-simple"},"acf":[],"_links":{"self":[{"href":"https:\/\/olemosaic.com\/fr\/wp-json\/wp\/v2\/product\/31013","targetHints":{"allow":["GET"]}}],"collection":[{"href":"https:\/\/olemosaic.com\/fr\/wp-json\/wp\/v2\/product"}],"about":[{"href":"https:\/\/olemosaic.com\/fr\/wp-json\/wp\/v2\/types\/product"}],"wp:featuredmedia":[{"embeddable":true,"href":"https:\/\/olemosaic.com\/fr\/wp-json\/wp\/v2\/media\/7399"}],"wp:attachment":[{"href":"https:\/\/olemosaic.com\/fr\/wp-json\/wp\/v2\/media?parent=31013"}],"wp:term":[{"taxonomy":"product_brand","embeddable":true,"href":"https:\/\/olemosaic.com\/fr\/wp-json\/wp\/v2\/product_brand?post=31013"},{"taxonomy":"product_cat","embeddable":true,"href":"https:\/\/olemosaic.com\/fr\/wp-json\/wp\/v2\/product_cat?post=31013"},{"taxonomy":"product_tag","embeddable":true,"href":"https:\/\/olemosaic.com\/fr\/wp-json\/wp\/v2\/product_tag?post=31013"}],"curies":[{"name":"wp","href":"https:\/\/api.w.org\/{rel}","templated":true}]}}