{"id":31012,"date":"2025-02-20T23:32:48","date_gmt":"2025-02-20T22:32:48","guid":{"rendered":"http:\/\/olemosaic.com\/producto\/iman-de-metal-sagrada-familia-barcelona-negro-8-cm-11\/"},"modified":"2025-07-25T20:18:43","modified_gmt":"2025-07-25T18:18:43","slug":"aimant-metal-sagrada-familia-barcelone-noir-8-cm-11","status":"publish","type":"product","link":"https:\/\/olemosaic.com\/fr\/produit\/aimant-metal-sagrada-familia-barcelone-noir-8-cm-11\/","title":{"rendered":"Aimant en m\u00e9tal. Sagrada Familia. Gaud\u00ed. Barcelone. Noir. 8 cm."},"content":{"rendered":"<p>Cet aimant m\u00e9tallique repr\u00e9sente l&#8217;embl\u00e9matique Sagrada Familia de Barcelone, chef-d&rsquo;\u0153uvre de l&rsquo;architecte Antoni Gaud\u00ed, et constitue le souvenir parfait de la cit\u00e9 comtale. D&rsquo;une taille de 8 cm, l&rsquo;aimant se distingue par son design vibrant, avec une palette de couleurs vari\u00e9es sur un fond noir. L&rsquo;illustration capture la majest\u00e9 de la Sagrada Familia, montrant ses tours distinctives aux formes g\u00e9om\u00e9triques et ses d\u00e9tails ornementaux qui \u00e9voquent la riche tradition du modernisme catalan.<\/p>\n<p>Chaque d\u00e9tail de l&rsquo;aimant refl\u00e8te la cr\u00e9ativit\u00e9 et la singularit\u00e9 de Gaud\u00ed, avec des lignes fluides et des couleurs qui semblent danser sur la surface, invitant \u00e0 appr\u00e9cier la beaut\u00e9 architecturale qui a fait de cette cath\u00e9drale l&rsquo;un des monuments les plus reconnaissables au monde. La repr\u00e9sentation artistique est un hommage \u00e0 la culture catalane et \u00e0 l&rsquo;h\u00e9ritage de Gaud\u00ed, faisant de cet aimant un souvenir authentique et significatif.<\/p>\n<p>Chez Ol\u00e9 Mosaic, nous sommes sp\u00e9cialis\u00e9s dans la distribution de souvenirs en gros, et cet aimant est un choix id\u00e9al pour les boutiques de cadeaux touristiques cherchant \u00e0 proposer des souvenirs uniques de Barcelone. Avec son attrait visuel et sa valeur culturelle, cet aimant est un excellent article pour ceux qui souhaitent emporter un morceau de l&rsquo;architecture embl\u00e9matique de la ville. En tant que grossistes de souvenirs, nous garantissons la qualit\u00e9 et l&rsquo;authenticit\u00e9 de chaque produit que nous proposons.<\/p>\n","protected":false},"excerpt":{"rendered":"<p>Aimant en m\u00e9tal repr\u00e9sentant l&#8217;embl\u00e9matique Sagrada Familia de Barcelone. Son design vibrant, aux tons vari\u00e9s sur fond noir, se distingue par une illustration color\u00e9e de 8 cm qui capture la majest\u00e9 de l&rsquo;\u0153uvre de Gaud\u00ed. Il combine des formes g\u00e9om\u00e9triques et des d\u00e9tails ornementaux \u00e9voquant l&rsquo;architecture moderniste catalane, ce qui en fait un souvenir parfait de la beaut\u00e9 de la cit\u00e9 comtale.<\/p>\n","protected":false},"featured_media":11388,"template":"","meta":{"_acf_changed":false},"product_brand":[],"product_cat":[697],"product_tag":[],"class_list":{"0":"post-31012","1":"product","2":"type-product","3":"status-publish","4":"has-post-thumbnail","6":"product_cat-aimants","7":"pa_ciudad-barcelona","8":"pa_motivo-sagrada-familia","9":"pa_pais-espana","11":"first","12":"instock","13":"shipping-taxable","14":"product-type-simple"},"acf":[],"_links":{"self":[{"href":"https:\/\/olemosaic.com\/fr\/wp-json\/wp\/v2\/product\/31012","targetHints":{"allow":["GET"]}}],"collection":[{"href":"https:\/\/olemosaic.com\/fr\/wp-json\/wp\/v2\/product"}],"about":[{"href":"https:\/\/olemosaic.com\/fr\/wp-json\/wp\/v2\/types\/product"}],"wp:featuredmedia":[{"embeddable":true,"href":"https:\/\/olemosaic.com\/fr\/wp-json\/wp\/v2\/media\/11388"}],"wp:attachment":[{"href":"https:\/\/olemosaic.com\/fr\/wp-json\/wp\/v2\/media?parent=31012"}],"wp:term":[{"taxonomy":"product_brand","embeddable":true,"href":"https:\/\/olemosaic.com\/fr\/wp-json\/wp\/v2\/product_brand?post=31012"},{"taxonomy":"product_cat","embeddable":true,"href":"https:\/\/olemosaic.com\/fr\/wp-json\/wp\/v2\/product_cat?post=31012"},{"taxonomy":"product_tag","embeddable":true,"href":"https:\/\/olemosaic.com\/fr\/wp-json\/wp\/v2\/product_tag?post=31012"}],"curies":[{"name":"wp","href":"https:\/\/api.w.org\/{rel}","templated":true}]}}