{"id":31006,"date":"2025-02-20T23:32:48","date_gmt":"2025-02-20T22:32:48","guid":{"rendered":"http:\/\/olemosaic.com\/producto\/iman-de-metal-sagrada-familia-barcelona-negro-8-cm-10\/"},"modified":"2025-07-25T20:13:27","modified_gmt":"2025-07-25T18:13:27","slug":"aimant-metal-sagrada-familia-barcelone-style-moderne-noir-8-cm","status":"publish","type":"product","link":"https:\/\/olemosaic.com\/fr\/produit\/aimant-metal-sagrada-familia-barcelone-style-moderne-noir-8-cm\/","title":{"rendered":"Aimant en m\u00e9tal. Sagrada Familia. Style moderne. Barcelone. Noir. 8 cm."},"content":{"rendered":"<p>Cet aimant m\u00e9tallique repr\u00e9sente l&rsquo;iconique Sagrada Familia de Barcelone, un embl\u00e8me incontestable du g\u00e9nie d&rsquo;Antoni Gaud\u00ed. D&rsquo;une dimension de 8 cm, cet attrayant souvenir se distingue par son design vibrant qui capte instantan\u00e9ment l&rsquo;attention. Le fond noir fait ressortir les d\u00e9tails architecturaux \u00e9labor\u00e9s de la basilique, repr\u00e9sent\u00e9s avec habilet\u00e9 dans des tons chauds et brillants, imitant la technique du vitrail moderne. D\u00e9cor\u00e9 d&rsquo;une symphonie de couleurs et de motifs \u00e9voquant la diversit\u00e9 culturelle de Barcelone, cet aimant n&rsquo;est pas seulement un accessoire d\u00e9coratif, mais une pi\u00e8ce authentique qui c\u00e9l\u00e8bre le patrimoine architectural de la ville.<\/p>\n<p>Le mot \u00ab\u00a0Barcelone\u00a0\u00bb s&rsquo;int\u00e8gre \u00e9l\u00e9gamment dans la partie sup\u00e9rieure de l&rsquo;aimant, ajoutant une touche distinctive et attrayante qui en fait un cadeau id\u00e9al. Cet aimant de la Sagrada Familia est un souvenir parfait pour les touristes cherchant \u00e0 ramener chez eux une partie de la majest\u00e9 de ce chef-d&rsquo;\u0153uvre. Chez Ol\u00e9 Mosaic, nous sommes distributeurs de souvenirs en gros et proposons cet aimant comme une option id\u00e9ale pour les boutiques de cadeaux touristiques souhaitant offrir des produits authentiques et de qualit\u00e9. Les souvenirs de Barcelone, comme cet aimant, sont des souvenirs repr\u00e9sentatifs qui refl\u00e8tent l&rsquo;essence de la ville, constituant un excellent choix pour se rem\u00e9morer des moments sp\u00e9ciaux.<\/p>\n","protected":false},"excerpt":{"rendered":"<p>Aimant m\u00e9tallique repr\u00e9sentant l&rsquo;iconique Sagrada Familia de Barcelone, avec un design vibrant et color\u00e9. Cet aimant de 8 cm se distingue par son fond noir, qui fait ressortir les d\u00e9tails architecturaux \u00e9labor\u00e9s de la basilique, repr\u00e9sent\u00e9s dans des tons chauds et brillants, imitant la technique du vitrail moderne. Le mot \u00ab\u00a0Barcelone\u00a0\u00bb s&rsquo;int\u00e8gre dans la partie sup\u00e9rieure, ajoutant une touche distinctive et attrayante, parfaite comme souvenir de la majest\u00e9 de ce chef-d&rsquo;\u0153uvre de Gaud\u00ed.<\/p>\n","protected":false},"featured_media":11368,"template":"","meta":{"_acf_changed":false},"product_brand":[],"product_cat":[697],"product_tag":[],"class_list":{"0":"post-31006","1":"product","2":"type-product","3":"status-publish","4":"has-post-thumbnail","6":"product_cat-aimants","7":"pa_ciudad-barcelona","8":"pa_motivo-sagrada-familia","9":"pa_pais-espana","11":"first","12":"instock","13":"shipping-taxable","14":"product-type-simple"},"acf":[],"_links":{"self":[{"href":"https:\/\/olemosaic.com\/fr\/wp-json\/wp\/v2\/product\/31006","targetHints":{"allow":["GET"]}}],"collection":[{"href":"https:\/\/olemosaic.com\/fr\/wp-json\/wp\/v2\/product"}],"about":[{"href":"https:\/\/olemosaic.com\/fr\/wp-json\/wp\/v2\/types\/product"}],"wp:featuredmedia":[{"embeddable":true,"href":"https:\/\/olemosaic.com\/fr\/wp-json\/wp\/v2\/media\/11368"}],"wp:attachment":[{"href":"https:\/\/olemosaic.com\/fr\/wp-json\/wp\/v2\/media?parent=31006"}],"wp:term":[{"taxonomy":"product_brand","embeddable":true,"href":"https:\/\/olemosaic.com\/fr\/wp-json\/wp\/v2\/product_brand?post=31006"},{"taxonomy":"product_cat","embeddable":true,"href":"https:\/\/olemosaic.com\/fr\/wp-json\/wp\/v2\/product_cat?post=31006"},{"taxonomy":"product_tag","embeddable":true,"href":"https:\/\/olemosaic.com\/fr\/wp-json\/wp\/v2\/product_tag?post=31006"}],"curies":[{"name":"wp","href":"https:\/\/api.w.org\/{rel}","templated":true}]}}