{"id":31004,"date":"2025-02-20T23:32:48","date_gmt":"2025-02-20T22:32:48","guid":{"rendered":"http:\/\/olemosaic.com\/producto\/iman-de-metal-sagrada-familia-barcelona-negro-8-cm-9\/"},"modified":"2025-07-25T19:49:26","modified_gmt":"2025-07-25T17:49:26","slug":"aimant-metal-sagrada-familia-barcelone-noir-8-cm-fr-4","status":"publish","type":"product","link":"https:\/\/olemosaic.com\/fr\/produit\/aimant-metal-sagrada-familia-barcelone-noir-8-cm-fr-4\/","title":{"rendered":"Aimant en m\u00e9tal. Sagrada Familia. I \u2665 Barcelone. Barcelone. Noir. 8 cm."},"content":{"rendered":"<p>Cet aimant m\u00e9tallique repr\u00e9sente l&#8217;embl\u00e9matique Sagrada Familia de Barcelone, l&rsquo;un des chefs-d&rsquo;\u0153uvre de l&rsquo;architecte Antoni Gaud\u00ed. D&rsquo;une dimension de 8 cm, ce souvenir se distingue par son design vibrant, utilisant des couleurs chaudes et de riches d\u00e9tails de mosa\u00efque, capturant la majest\u00e9 de la c\u00e9l\u00e8bre basilique. Le fond noir fait ressortir parfaitement les teintes brillantes du monument, transformant cette pi\u00e8ce en un \u00e9l\u00e9ment d\u00e9coratif frappant et attrayant. L&rsquo;inscription \u00ab\u00a0I \u2665 Barcelone\u00a0\u00bb appara\u00eet dans une typographie joyeuse, apportant une touche de fra\u00eecheur et de modernit\u00e9, id\u00e9ale pour se souvenir de la beaut\u00e9 et du charme de cette ville catalane.<\/p>\n<p>La Sagrada Familia n&rsquo;est pas seulement un symbole de Barcelone, mais un embl\u00e8me de l&rsquo;innovation architecturale et de la d\u00e9votion artistique espagnoles. Cet aimant est un souvenir parfait du riche h\u00e9ritage culturel qu&rsquo;il repr\u00e9sente, devenant un excellent souvenir pour les touristes \u00e0 la recherche de quelque chose d&rsquo;authentique et de significatif. Chez Ol\u00e9 Mosaic, nous sommes experts dans la distribution de souvenirs en gros, offrant des produits uniques qui refl\u00e8tent l&rsquo;essence de l&rsquo;Espagne. Cet aimant est une excellente option pour les boutiques de cadeaux touristiques souhaitant proposer des souvenirs de haute qualit\u00e9 et d&rsquo;une grande pertinence culturelle, servant de rappels durables de la visite \u00e0 Barcelone.<\/p>\n","protected":false},"excerpt":{"rendered":"<p>Aimant m\u00e9tallique repr\u00e9sentant l&#8217;embl\u00e9matique Sagrada Familia de Barcelone, d&rsquo;une taille de 8 cm. Cet aimant se distingue par son design vibrant aux couleurs chaudes et ses d\u00e9tails en mosa\u00efque, capturant la majest\u00e9 de la c\u00e9l\u00e8bre basilique. Le fond noir contraste parfaitement avec les teintes brillantes du monument et inclut le texte \u00ab\u00a0I \u2665 Barcelone\u00a0\u00bb dans une typographie joyeuse, ce qui en fait un souvenir id\u00e9al pour se souvenir de la beaut\u00e9 de cette ville catalane.<\/p>\n","protected":false},"featured_media":11360,"template":"","meta":{"_acf_changed":false},"product_brand":[],"product_cat":[697],"product_tag":[],"class_list":{"0":"post-31004","1":"product","2":"type-product","3":"status-publish","4":"has-post-thumbnail","6":"product_cat-aimants","7":"pa_ciudad-barcelona","8":"pa_motivo-sagrada-familia","9":"pa_pais-espana","11":"first","12":"instock","13":"shipping-taxable","14":"product-type-simple"},"acf":[],"_links":{"self":[{"href":"https:\/\/olemosaic.com\/fr\/wp-json\/wp\/v2\/product\/31004","targetHints":{"allow":["GET"]}}],"collection":[{"href":"https:\/\/olemosaic.com\/fr\/wp-json\/wp\/v2\/product"}],"about":[{"href":"https:\/\/olemosaic.com\/fr\/wp-json\/wp\/v2\/types\/product"}],"wp:featuredmedia":[{"embeddable":true,"href":"https:\/\/olemosaic.com\/fr\/wp-json\/wp\/v2\/media\/11360"}],"wp:attachment":[{"href":"https:\/\/olemosaic.com\/fr\/wp-json\/wp\/v2\/media?parent=31004"}],"wp:term":[{"taxonomy":"product_brand","embeddable":true,"href":"https:\/\/olemosaic.com\/fr\/wp-json\/wp\/v2\/product_brand?post=31004"},{"taxonomy":"product_cat","embeddable":true,"href":"https:\/\/olemosaic.com\/fr\/wp-json\/wp\/v2\/product_cat?post=31004"},{"taxonomy":"product_tag","embeddable":true,"href":"https:\/\/olemosaic.com\/fr\/wp-json\/wp\/v2\/product_tag?post=31004"}],"curies":[{"name":"wp","href":"https:\/\/api.w.org\/{rel}","templated":true}]}}