{"id":30991,"date":"2025-02-20T23:32:48","date_gmt":"2025-02-20T22:32:48","guid":{"rendered":"http:\/\/olemosaic.com\/producto\/iman-de-metal-bailaora-madrid-negro-8-cm-2\/"},"modified":"2025-07-25T19:26:24","modified_gmt":"2025-07-25T17:26:24","slug":"aimant-metal-danseuse-flamenco-madrid-noir-8-cm-fr","status":"publish","type":"product","link":"https:\/\/olemosaic.com\/fr\/produit\/aimant-metal-danseuse-flamenco-madrid-noir-8-cm-fr\/","title":{"rendered":"Aimant en m\u00e9tal. Danseuse de flamenco. Mosa\u00efque. Madrid. Noir. 8 cm."},"content":{"rendered":"<p>Cet aimant m\u00e9tallique repr\u00e9sente une danseuse de flamenco dans un design vibrant qui capture l&rsquo;essence de Madrid. Avec des dimensions de 8 cm, cette pi\u00e8ce se distingue par sa mosa\u00efque color\u00e9e, o\u00f9 des tons intenses de rouge, bleu et vert donnent vie \u00e0 la robe de la danseuse, \u00e9voquant la richesse du folklore andalou. Le fond noir, en plus de mettre en valeur la figure centrale, apporte une touche moderne \u00e0 l&rsquo;ensemble, tandis que le mot \u00ab\u00a0MADRID\u00a0\u00bb appara\u00eet en grandes lettres vibrantes, ajoutant un \u00e9l\u00e9ment d&rsquo;authenticit\u00e9 et d&rsquo;\u00e9nergie.<\/p>\n<p>La danseuse, avec son geste \u00e9l\u00e9gant et sa coiffure orn\u00e9e d&rsquo;une fleur rouge, symbolise la passion et l&rsquo;art du flamenco, une danse traditionnelle qui, bien qu&rsquo;originaire d&rsquo;Andalousie, a trouv\u00e9 un espace vital dans la culture madril\u00e8ne vibrante. Cet aimant n&rsquo;est pas seulement un article d\u00e9coratif, mais un authentique souvenir de Madrid, parfait pour ceux qui recherchent une repr\u00e9sentation visuelle de la culture espagnole.<\/p>\n<p>Chez Ol\u00e9 Mosaic, en tant que grossistes en souvenirs, nous proposons des produits qui ne sont pas seulement beaux, mais aussi charg\u00e9s de sens culturel. Cet aimant de danseuse de flamenco est une option id\u00e9ale pour les boutiques de cadeaux touristiques souhaitant offrir \u00e0 leurs clients une pi\u00e8ce unique et repr\u00e9sentative de la vie et de l&rsquo;art \u00e0 Madrid.<\/p>\n","protected":false},"excerpt":{"rendered":"<p>Aimant m\u00e9tallique mettant en valeur la figure d&rsquo;une danseuse de flamenco dans un design vibrant qui capture l&rsquo;essence de Madrid. D&rsquo;une taille de 8 cm, il pr\u00e9sente une palette de couleurs intenses sous forme de mosa\u00efque, avec des tons rouges, bleus et verts qui donnent vie \u00e0 la robe de la danseuse. Le fond noir souligne le contour de la figure, tandis que le mot \u00ab\u00a0MADRID\u00a0\u00bb est imprim\u00e9 en grandes lettres color\u00e9es, \u00e9voquant le folklore andalou avec une touche moderne.<\/p>\n","protected":false},"featured_media":6968,"template":"","meta":{"_acf_changed":false},"product_brand":[],"product_cat":[697],"product_tag":[],"class_list":{"0":"post-30991","1":"product","2":"type-product","3":"status-publish","4":"has-post-thumbnail","6":"product_cat-aimants","7":"pa_ciudad-madrid","8":"pa_motivo-danseurs","9":"pa_pais-espana","11":"first","12":"instock","13":"shipping-taxable","14":"product-type-simple"},"acf":[],"_links":{"self":[{"href":"https:\/\/olemosaic.com\/fr\/wp-json\/wp\/v2\/product\/30991","targetHints":{"allow":["GET"]}}],"collection":[{"href":"https:\/\/olemosaic.com\/fr\/wp-json\/wp\/v2\/product"}],"about":[{"href":"https:\/\/olemosaic.com\/fr\/wp-json\/wp\/v2\/types\/product"}],"wp:featuredmedia":[{"embeddable":true,"href":"https:\/\/olemosaic.com\/fr\/wp-json\/wp\/v2\/media\/6968"}],"wp:attachment":[{"href":"https:\/\/olemosaic.com\/fr\/wp-json\/wp\/v2\/media?parent=30991"}],"wp:term":[{"taxonomy":"product_brand","embeddable":true,"href":"https:\/\/olemosaic.com\/fr\/wp-json\/wp\/v2\/product_brand?post=30991"},{"taxonomy":"product_cat","embeddable":true,"href":"https:\/\/olemosaic.com\/fr\/wp-json\/wp\/v2\/product_cat?post=30991"},{"taxonomy":"product_tag","embeddable":true,"href":"https:\/\/olemosaic.com\/fr\/wp-json\/wp\/v2\/product_tag?post=30991"}],"curies":[{"name":"wp","href":"https:\/\/api.w.org\/{rel}","templated":true}]}}