{"id":30990,"date":"2025-02-20T23:32:47","date_gmt":"2025-02-20T22:32:47","guid":{"rendered":"http:\/\/olemosaic.com\/producto\/iman-de-metal-toro-mijas-plata-8-cm-2\/"},"modified":"2025-07-25T19:13:39","modified_gmt":"2025-07-25T17:13:39","slug":"aimant-metal-taureau-mijas-argent-8-cm-fr","status":"publish","type":"product","link":"https:\/\/olemosaic.com\/fr\/produit\/aimant-metal-taureau-mijas-argent-8-cm-fr\/","title":{"rendered":"Aimant en m\u00e9tal. Taureau. Mijas. Espagne. Argent. 8 cm."},"content":{"rendered":"<p>Cet aimant m\u00e9tallique, repr\u00e9sentant un taureau color\u00e9, est un souvenir vibrant et authentique de Mijas, un village embl\u00e9matique de la Costa del Sol. D&rsquo;une taille de 8 cm, cet aimant se distingue par son design en mosa\u00efque, o\u00f9 une palette de tons bleus, verts, rouges et jaunes donne vie \u00e0 la figure du taureau, qui symbolise la force et la tradition dans la culture espagnole. Le fond blanc fait ressortir davantage les couleurs \u00e9clatantes, cr\u00e9ant une pi\u00e8ce attrayante qui est, en m\u00eame temps, un souvenir de la culture andalouse vibrante.<\/p>\n<p>Le nom \u00ab\u00a0MIJAS\u00a0\u00bb appara\u00eet en grandes lettres color\u00e9es, s&rsquo;int\u00e9grant harmonieusement dans le design et offrant une touche de joie qui fera de cet aimant le protagoniste de toute surface magn\u00e9tique. Cet aimant n&rsquo;est pas seulement un accessoire d\u00e9coratif, mais il capture l&rsquo;essence de Mijas et de sa tradition taurine, ce qui en fait un exemple id\u00e9al de souvenir refl\u00e9tant le patrimoine culturel local.<\/p>\n<p>Chez Ol\u00e9 Mosaic, nous nous sp\u00e9cialisons dans la distribution de souvenirs en gros, comme cet aimant m\u00e9tallique, qui est non seulement attrayant mais aussi repr\u00e9sentatif de l&rsquo;h\u00e9ritage andalou. Parfait pour les boutiques de cadeaux touristiques, cet aimant est un excellent rappel d&rsquo;une visite en Espagne et une excellente option pour ceux qui recherchent des souvenirs authentiques et significatifs.<\/p>\n","protected":false},"excerpt":{"rendered":"<p>Aimant m\u00e9tallique avec l&rsquo;image d&rsquo;un taureau color\u00e9, symbole de la tradition \u00e0 Mijas. Cet aimant attrayant de 8 cm pr\u00e9sente un design vibrant en mosa\u00efque, avec des tons bleu, vert, rouge et jaune, qui mettent en valeur la figure du taureau sur un fond blanc. Orn\u00e9 du nom \u00ab\u00a0MIJAS\u00a0\u00bb en grandes lettres color\u00e9es, il allie art et culture dans un souvenir parfait pour \u00e9voquer l&rsquo;essence andalouse. Id\u00e9al pour ajouter une touche de couleur \u00e0 toute surface m\u00e9tallique.<\/p>\n","protected":false},"featured_media":10000,"template":"","meta":{"_acf_changed":false},"product_brand":[],"product_cat":[697],"product_tag":[530],"class_list":{"0":"post-30990","1":"product","2":"type-product","3":"status-publish","4":"has-post-thumbnail","6":"product_cat-aimants","7":"product_tag-animaux","8":"pa_ciudad-mijas","9":"pa_motivo-taureaux","10":"pa_pais-espana","12":"first","13":"instock","14":"shipping-taxable","15":"product-type-simple"},"acf":[],"_links":{"self":[{"href":"https:\/\/olemosaic.com\/fr\/wp-json\/wp\/v2\/product\/30990","targetHints":{"allow":["GET"]}}],"collection":[{"href":"https:\/\/olemosaic.com\/fr\/wp-json\/wp\/v2\/product"}],"about":[{"href":"https:\/\/olemosaic.com\/fr\/wp-json\/wp\/v2\/types\/product"}],"wp:featuredmedia":[{"embeddable":true,"href":"https:\/\/olemosaic.com\/fr\/wp-json\/wp\/v2\/media\/10000"}],"wp:attachment":[{"href":"https:\/\/olemosaic.com\/fr\/wp-json\/wp\/v2\/media?parent=30990"}],"wp:term":[{"taxonomy":"product_brand","embeddable":true,"href":"https:\/\/olemosaic.com\/fr\/wp-json\/wp\/v2\/product_brand?post=30990"},{"taxonomy":"product_cat","embeddable":true,"href":"https:\/\/olemosaic.com\/fr\/wp-json\/wp\/v2\/product_cat?post=30990"},{"taxonomy":"product_tag","embeddable":true,"href":"https:\/\/olemosaic.com\/fr\/wp-json\/wp\/v2\/product_tag?post=30990"}],"curies":[{"name":"wp","href":"https:\/\/api.w.org\/{rel}","templated":true}]}}