{"id":30988,"date":"2025-02-20T23:32:47","date_gmt":"2025-02-20T22:32:47","guid":{"rendered":"http:\/\/olemosaic.com\/producto\/iman-de-metal-sagrada-familia-barcelona-negro-8-cm-8\/"},"modified":"2025-07-25T18:51:38","modified_gmt":"2025-07-25T16:51:38","slug":"aimant-metal-sagrada-familia-barcelone-noir-8-cm-fr-3","status":"publish","type":"product","link":"https:\/\/olemosaic.com\/fr\/produit\/aimant-metal-sagrada-familia-barcelone-noir-8-cm-fr-3\/","title":{"rendered":"Aimant en m\u00e9tal. Sagrada Familia. Architecture. Barcelone. Noir. 8 cm."},"content":{"rendered":"<p>Cet aimant m\u00e9tallique, repr\u00e9sentant l&rsquo;iconique Sagrada Familia de Barcelone, est un souvenir vibrant et moderne, id\u00e9al pour ceux qui souhaitent emporter un morceau de la richesse culturelle de cette ville embl\u00e9matique. Avec des dimensions de 8 cm, cette pi\u00e8ce artistique met en valeur l&rsquo;\u0153uvre extraordinaire d&rsquo;Antoni Gaud\u00ed, capturant sa complexit\u00e9 architecturale \u00e0 travers un design color\u00e9 comprenant des formes g\u00e9om\u00e9triques et des d\u00e9tails repr\u00e9sentatifs du temple. Le fond noir apporte un contraste \u00e9l\u00e9gant qui rehausse les couleurs vibrantes et les lumi\u00e8res complexes soulignant les tours et les fa\u00e7ades de la Sagrada Familia, faisant de cet aimant un objet intrigant et visuellement attrayant.<\/p>\n<p>La phrase \u00ab\u00a0I \u2665 Barcelone\u00a0\u00bb est pr\u00e9sent\u00e9e en lettres frappantes sur la partie sup\u00e9rieure, renfor\u00e7ant le lien \u00e9motionnel des visiteurs avec la ville. Ce souvenir n&rsquo;est pas seulement une excellente option pour les touristes \u00e0 la recherche d&rsquo;un souvenir authentique de Barcelone, mais repr\u00e9sente \u00e9galement un morceau du patrimoine culturel de la r\u00e9gion, refl\u00e9tant l&rsquo;art et la cr\u00e9ativit\u00e9 qui fleurissent dans ses rues. Chez Ol\u00e9 Mosaic, en tant que distributeurs de souvenirs en gros, nous proposons cet aimant comme une alternative parfaite pour les boutiques de cadeaux touristiques qui appr\u00e9cient l&rsquo;authenticit\u00e9 et la qualit\u00e9, constituant un moyen id\u00e9al de se connecter \u00e0 l&rsquo;histoire et \u00e0 l&rsquo;h\u00e9ritage artistique de Barcelone.<\/p>\n","protected":false},"excerpt":{"rendered":"<p>Aimant m\u00e9tallique repr\u00e9sentant l&rsquo;iconique Sagrada Familia de Barcelone, avec un style artistique vibrant. Le design color\u00e9, aux formes g\u00e9om\u00e9triques et motifs architecturaux, met en valeur le c\u00e9l\u00e8bre temple de Gaud\u00ed sur un fond noir. La phrase \u00ab\u00a0I \u2665 Barcelone\u00a0\u00bb, \u00e9crite en lettres frappantes, compl\u00e8te l&rsquo;image, en faisant un souvenir attrayant et moderne, id\u00e9al pour les amoureux de la ville et de sa riche culture.<\/p>\n","protected":false},"featured_media":13539,"template":"","meta":{"_acf_changed":false},"product_brand":[],"product_cat":[697],"product_tag":[],"class_list":{"0":"post-30988","1":"product","2":"type-product","3":"status-publish","4":"has-post-thumbnail","6":"product_cat-aimants","7":"pa_ciudad-barcelona","8":"pa_motivo-sagrada-familia","9":"pa_pais-espana","11":"first","12":"instock","13":"shipping-taxable","14":"product-type-simple"},"acf":[],"_links":{"self":[{"href":"https:\/\/olemosaic.com\/fr\/wp-json\/wp\/v2\/product\/30988","targetHints":{"allow":["GET"]}}],"collection":[{"href":"https:\/\/olemosaic.com\/fr\/wp-json\/wp\/v2\/product"}],"about":[{"href":"https:\/\/olemosaic.com\/fr\/wp-json\/wp\/v2\/types\/product"}],"wp:featuredmedia":[{"embeddable":true,"href":"https:\/\/olemosaic.com\/fr\/wp-json\/wp\/v2\/media\/13539"}],"wp:attachment":[{"href":"https:\/\/olemosaic.com\/fr\/wp-json\/wp\/v2\/media?parent=30988"}],"wp:term":[{"taxonomy":"product_brand","embeddable":true,"href":"https:\/\/olemosaic.com\/fr\/wp-json\/wp\/v2\/product_brand?post=30988"},{"taxonomy":"product_cat","embeddable":true,"href":"https:\/\/olemosaic.com\/fr\/wp-json\/wp\/v2\/product_cat?post=30988"},{"taxonomy":"product_tag","embeddable":true,"href":"https:\/\/olemosaic.com\/fr\/wp-json\/wp\/v2\/product_tag?post=30988"}],"curies":[{"name":"wp","href":"https:\/\/api.w.org\/{rel}","templated":true}]}}