{"id":30971,"date":"2025-02-20T22:32:47","date_gmt":"2025-02-20T22:32:47","guid":{"rendered":"http:\/\/olemosaic.com\/producto\/iman-de-metal-panoramica-bilbao-plata-8-cm\/"},"modified":"2025-07-25T20:42:12","modified_gmt":"2025-07-25T18:42:12","slug":"aimant-metal-panoramique-bilbao-argent-8-cm","status":"publish","type":"product","link":"https:\/\/olemosaic.com\/fr\/produit\/aimant-metal-panoramique-bilbao-argent-8-cm\/","title":{"rendered":"Aimant en m\u00e9tal. Panoramique. Bilbao. Argent. 8 cm."},"content":{"rendered":"<p>Cet aimant m\u00e9tallique pr\u00e9sente une vue panoramique vibrante de Bilbao, capturant l&rsquo;essence de cette ville embl\u00e9matique du Pays Basque dans un format rectangulaire attrayant de 8 cm. Son design color\u00e9, qui se distingue par une mosa\u00efque remplie de formes et de nuances, illustre le c\u00e9l\u00e8bre mus\u00e9e Guggenheim et l&rsquo;iconique pont Euskalduna, symboles architecturaux qui d\u00e9finissent la modernit\u00e9 et le dynamisme de Bilbao. Les grandes lettres clairement visibles qui forment le nom \u00ab\u00a0BILBAO\u00a0\u00bb ajoutent une touche distinctive, transformant cet aimant en un authentique souvenir qui \u00e9voque le souvenir d&rsquo;une visite inoubliable.<\/p>\n<p>L&rsquo;image est r\u00e9alis\u00e9e avec un travail d&rsquo;illustration m\u00e9ticuleux qui met en valeur les couleurs vibrantes du paysage urbain de Bilbao, faisant de cet aimant une pi\u00e8ce non seulement d\u00e9corative, mais aussi un rappel culturel de la richesse artistique de la ville. Les d\u00e9tails visuels pr\u00e9sentent un jeu de lumi\u00e8res qui souligne la beaut\u00e9 architecturale et l&rsquo;atmosph\u00e8re accueillante de Bilbao, en faisant un excellent cadeau pour les touristes \u00e0 la recherche d&rsquo;un souvenir authentique et repr\u00e9sentatif de leur passage dans cette r\u00e9gion.<\/p>\n<p>Chez Ol\u00e9 Mosaic, en tant que grossiste de souvenirs, nous proposons cet aimant de Bilbao, id\u00e9al pour les boutiques de cadeaux touristiques souhaitant offrir des produits authentiques et d&rsquo;une grande pertinence culturelle. Cet aimant n&rsquo;orne pas seulement la maison, mais raconte aussi des histoires et apporte avec lui l&rsquo;esprit vif de Bilbao, devenant un souvenir appr\u00e9ci\u00e9 par tous ceux qui le re\u00e7oivent.<\/p>\n","protected":false},"excerpt":{"rendered":"<p>Aimant m\u00e9tallique avec une vue panoramique vibrante de Bilbao, con\u00e7u sous forme rectangulaire et d&rsquo;une taille de 8 cm. Cet aimant attrayant pr\u00e9sente une mosa\u00efque color\u00e9e qui capture l&rsquo;essence de la ville, incluant le c\u00e9l\u00e8bre Guggenheim et le pont Euskalduna. Avec de grandes lettres mettant en valeur le nom \u00ab\u00a0BILBAO\u00a0\u00bb, l&rsquo;image est un festin visuel de formes et de couleurs, id\u00e9al pour se souvenir d&rsquo;une visite dans cette ville embl\u00e9matique du Pays Basque.<\/p>\n","protected":false},"featured_media":9624,"template":"","meta":{"_acf_changed":false},"product_brand":[],"product_cat":[697],"product_tag":[],"class_list":{"0":"post-30971","1":"product","2":"type-product","3":"status-publish","4":"has-post-thumbnail","6":"product_cat-aimants","7":"pa_ciudad-bilbao","8":"pa_motivo-panoramas","9":"pa_pais-espana","11":"first","12":"instock","13":"shipping-taxable","14":"product-type-simple"},"acf":[],"_links":{"self":[{"href":"https:\/\/olemosaic.com\/fr\/wp-json\/wp\/v2\/product\/30971","targetHints":{"allow":["GET"]}}],"collection":[{"href":"https:\/\/olemosaic.com\/fr\/wp-json\/wp\/v2\/product"}],"about":[{"href":"https:\/\/olemosaic.com\/fr\/wp-json\/wp\/v2\/types\/product"}],"wp:featuredmedia":[{"embeddable":true,"href":"https:\/\/olemosaic.com\/fr\/wp-json\/wp\/v2\/media\/9624"}],"wp:attachment":[{"href":"https:\/\/olemosaic.com\/fr\/wp-json\/wp\/v2\/media?parent=30971"}],"wp:term":[{"taxonomy":"product_brand","embeddable":true,"href":"https:\/\/olemosaic.com\/fr\/wp-json\/wp\/v2\/product_brand?post=30971"},{"taxonomy":"product_cat","embeddable":true,"href":"https:\/\/olemosaic.com\/fr\/wp-json\/wp\/v2\/product_cat?post=30971"},{"taxonomy":"product_tag","embeddable":true,"href":"https:\/\/olemosaic.com\/fr\/wp-json\/wp\/v2\/product_tag?post=30971"}],"curies":[{"name":"wp","href":"https:\/\/api.w.org\/{rel}","templated":true}]}}