{"id":30970,"date":"2025-02-20T23:32:47","date_gmt":"2025-02-20T22:32:47","guid":{"rendered":"http:\/\/olemosaic.com\/producto\/iman-de-metal-panoramica-barcelona-8-cm-13\/"},"modified":"2025-07-25T20:24:57","modified_gmt":"2025-07-25T18:24:57","slug":"aimant-metal-panoramique-barcelone-8-cm-13","status":"publish","type":"product","link":"https:\/\/olemosaic.com\/fr\/produit\/aimant-metal-panoramique-barcelone-8-cm-13\/","title":{"rendered":"Aimant en m\u00e9tal. Panoramique. Sagrada Familia. Barcelone. 8 cm."},"content":{"rendered":"<p>Cet aimant m\u00e9tallique pr\u00e9sente une vue panoramique vibrante de Barcelone, devenant le souvenir parfait pour ceux qui souhaitent emporter avec eux un morceau de cette ville embl\u00e9matique. Avec des dimensions de 8 cm, cet aimant attrayant capture l&rsquo;essence de deux des monuments les plus iconiques de Barcelone : la majestueuse Sagrada Familia et le color\u00e9 Parc G\u00fcell. L&rsquo;illustration se distingue par ses mosa\u00efques caract\u00e9ristiques, refl\u00e9tant le style distinctif de l&rsquo;architecte Antoni Gaud\u00ed, tandis qu&rsquo;un fond bleu intense intensifie les couleurs et les d\u00e9tails des structures.<\/p>\n<p>La phrase \u00ab\u00a0I \u2665 Barcelona\u00a0\u00bb est \u00e9l\u00e9gamment imprim\u00e9e en haut, encapsulant l&rsquo;esprit unique que la ville offre \u00e0 ses visiteurs. Cet aimant n&rsquo;est pas seulement un souvenir pratique, mais aussi un symbole du riche h\u00e9ritage culturel de Barcelone, faisant \u00e9cho \u00e0 ses traditions artistiques et architecturales. Parfait pour les touristes et comme cadeau pour les amoureux de la ville, cet aimant repr\u00e9sente une merveilleuse fa\u00e7on de se souvenir d&rsquo;une visite inoubliable.<\/p>\n<p>Chez Ol\u00e9 Mosaic, nous nous sp\u00e9cialisons dans la distribution de souvenirs en gros, offrant des produits authentiques qui mettent en valeur la beaut\u00e9 et la singularit\u00e9 de chaque r\u00e9gion. Cet aimant de Barcelone est une excellente option pour les boutiques de cadeaux touristiques \u00e0 la recherche de souvenirs de qualit\u00e9, id\u00e9aux pour capturer l&rsquo;essence de la ville et la partager avec le monde. En tant que grossistes de souvenirs, nous garantissons l&rsquo;authenticit\u00e9 et une touche unique dans chaque pi\u00e8ce que nous distribuons.<\/p>\n","protected":false},"excerpt":{"rendered":"<p>Aimant de m\u00e9tal avec une vue panoramique vibrante de Barcelone, de 8 cm. Cet aimant attrayant pr\u00e9sente une illustration color\u00e9e de la Sagrada Familia et du Park G\u00fcell, avec un design qui se distingue par ses mosa\u00efques caract\u00e9ristiques et un fond bleu intense. La phrase \u00ab\u00a0I \u2665 Barcelona\u00a0\u00bb est imprim\u00e9e en haut, capturant l&rsquo;esprit de la ville. Un souvenir id\u00e9al pour se souvenir de votre visite ou comme cadeau pour les amoureux de cette ville embl\u00e9matique.<\/p>\n","protected":false},"featured_media":11411,"template":"","meta":{"_acf_changed":false},"product_brand":[],"product_cat":[697],"product_tag":[],"class_list":{"0":"post-30970","1":"product","2":"type-product","3":"status-publish","4":"has-post-thumbnail","6":"product_cat-aimants","7":"pa_ciudad-barcelona","8":"pa_motivo-panoramas","9":"pa_pais-espana","11":"first","12":"instock","13":"shipping-taxable","14":"product-type-simple"},"acf":[],"_links":{"self":[{"href":"https:\/\/olemosaic.com\/fr\/wp-json\/wp\/v2\/product\/30970","targetHints":{"allow":["GET"]}}],"collection":[{"href":"https:\/\/olemosaic.com\/fr\/wp-json\/wp\/v2\/product"}],"about":[{"href":"https:\/\/olemosaic.com\/fr\/wp-json\/wp\/v2\/types\/product"}],"wp:featuredmedia":[{"embeddable":true,"href":"https:\/\/olemosaic.com\/fr\/wp-json\/wp\/v2\/media\/11411"}],"wp:attachment":[{"href":"https:\/\/olemosaic.com\/fr\/wp-json\/wp\/v2\/media?parent=30970"}],"wp:term":[{"taxonomy":"product_brand","embeddable":true,"href":"https:\/\/olemosaic.com\/fr\/wp-json\/wp\/v2\/product_brand?post=30970"},{"taxonomy":"product_cat","embeddable":true,"href":"https:\/\/olemosaic.com\/fr\/wp-json\/wp\/v2\/product_cat?post=30970"},{"taxonomy":"product_tag","embeddable":true,"href":"https:\/\/olemosaic.com\/fr\/wp-json\/wp\/v2\/product_tag?post=30970"}],"curies":[{"name":"wp","href":"https:\/\/api.w.org\/{rel}","templated":true}]}}