{"id":30968,"date":"2025-02-20T22:32:46","date_gmt":"2025-02-20T22:32:46","guid":{"rendered":"http:\/\/olemosaic.com\/producto\/iman-de-metal-bailaora-sevilla-negro-8-cm\/"},"modified":"2025-07-25T18:41:08","modified_gmt":"2025-07-25T16:41:08","slug":"aimant-metal-danseuse-flamenco-seville-noir-8-cm","status":"publish","type":"product","link":"https:\/\/olemosaic.com\/fr\/produit\/aimant-metal-danseuse-flamenco-seville-noir-8-cm\/","title":{"rendered":"Aimant en m\u00e9tal. Danseuse de Flamenco. S\u00e9ville. Noir. 8 cm."},"content":{"rendered":"<p>Cet aimant m\u00e9tallique pr\u00e9sente une illustration vibrante d&rsquo;une danseuse de flamenco, capturant l&rsquo;essence de l&rsquo;art et de la culture de S\u00e9ville. Avec une taille de 8 cm, cet aimant se distingue par son design spectaculaire, qui combine un fond noir \u00e9l\u00e9gant avec des couleurs brillantes et joyeuses qui donnent vie \u00e0 la robe de la danseuse, qui appara\u00eet dans une pose dynamique et pleine de mouvement. Les couleurs vives, comme le rouge, le bleu et le vert, s&rsquo;entrelacent dans sa robe, \u00e9voquant la joie et la passion du flamenco. Compl\u00e9tant l&rsquo;illustration, le mot \u00ab\u00a0SEVILLA\u00a0\u00bb appara\u00eet en lettres color\u00e9es, en faisant un souvenir parfait pour ceux qui souhaitent emporter un petit morceau d&rsquo;Andalousie.<\/p>\n<p>Cet aimant n&rsquo;est pas seulement un objet d\u00e9coratif ; il repr\u00e9sente la riche tradition culturelle de S\u00e9ville et l&rsquo;influence du flamenco, une manifestation artistique reconnue mondialement. C&rsquo;est un cadeau id\u00e9al pour les touristes \u00e0 la recherche de souvenirs authentiques et repr\u00e9sentatifs de leur voyage, constituant une excellente option pour les boutiques de cadeaux touristiques souhaitant proposer des produits ayant du sens et de la qualit\u00e9. Chez Ol\u00e9 Mosaic, en tant que grossistes de souvenirs, nous garantissons que cet aimant de danseuse est un article attrayant et significatif, parfait pour se souvenir de la magie de S\u00e9ville sur n&rsquo;importe quelle surface magn\u00e9tique.<\/p>\n","protected":false},"excerpt":{"rendered":"<p>Aimant m\u00e9tallique avec une illustration vibrante d&rsquo;une danseuse de flamenco, inspir\u00e9e de la tradition culturelle s\u00e9villane. D&rsquo;une taille de 8 cm, cet aimant se distingue par son fond noir et ses couleurs \u00e9clatantes repr\u00e9sentant la robe de la danseuse, orn\u00e9e de tons vifs comme le rouge, le bleu et le vert. Le mot \u00ab\u00a0SEVILLA\u00a0\u00bb appara\u00eet en lettres color\u00e9es, compl\u00e9tant le design. Id\u00e9al pour se souvenir de l&rsquo;essence de l&rsquo;art flamenco sur n&rsquo;importe quelle surface magn\u00e9tique.<\/p>\n","protected":false},"featured_media":10551,"template":"","meta":{"_acf_changed":false},"product_brand":[],"product_cat":[697],"product_tag":[],"class_list":{"0":"post-30968","1":"product","2":"type-product","3":"status-publish","4":"has-post-thumbnail","6":"product_cat-aimants","7":"pa_ciudad-sevilla","8":"pa_motivo-danseurs","9":"pa_pais-espana","11":"first","12":"instock","13":"shipping-taxable","14":"product-type-simple"},"acf":[],"_links":{"self":[{"href":"https:\/\/olemosaic.com\/fr\/wp-json\/wp\/v2\/product\/30968","targetHints":{"allow":["GET"]}}],"collection":[{"href":"https:\/\/olemosaic.com\/fr\/wp-json\/wp\/v2\/product"}],"about":[{"href":"https:\/\/olemosaic.com\/fr\/wp-json\/wp\/v2\/types\/product"}],"wp:featuredmedia":[{"embeddable":true,"href":"https:\/\/olemosaic.com\/fr\/wp-json\/wp\/v2\/media\/10551"}],"wp:attachment":[{"href":"https:\/\/olemosaic.com\/fr\/wp-json\/wp\/v2\/media?parent=30968"}],"wp:term":[{"taxonomy":"product_brand","embeddable":true,"href":"https:\/\/olemosaic.com\/fr\/wp-json\/wp\/v2\/product_brand?post=30968"},{"taxonomy":"product_cat","embeddable":true,"href":"https:\/\/olemosaic.com\/fr\/wp-json\/wp\/v2\/product_cat?post=30968"},{"taxonomy":"product_tag","embeddable":true,"href":"https:\/\/olemosaic.com\/fr\/wp-json\/wp\/v2\/product_tag?post=30968"}],"curies":[{"name":"wp","href":"https:\/\/api.w.org\/{rel}","templated":true}]}}