{"id":30965,"date":"2025-02-20T22:32:46","date_gmt":"2025-02-20T22:32:46","guid":{"rendered":"http:\/\/olemosaic.com\/producto\/iman-de-metal-buho-8-cm\/"},"modified":"2025-07-25T18:36:24","modified_gmt":"2025-07-25T16:36:24","slug":"aimant-en-metal-hibou-8-cm","status":"publish","type":"product","link":"https:\/\/olemosaic.com\/fr\/produit\/aimant-en-metal-hibou-8-cm\/","title":{"rendered":"Aimant en m\u00e9tal. Hibou. 8 cm."},"content":{"rendered":"<p>Cet aimant m\u00e9tallique pr\u00e9sente un hibou vibrant de 8 cm, con\u00e7u dans un style de mosa\u00efque spectaculaire qui \u00e9voque la riche culture espagnole. La figure color\u00e9e du hibou est orn\u00e9e d&rsquo;une gamme \u00e9blouissante de teintes, allant des rouges intenses aux verts profonds, sur un fond de bleus doux simulant des fragments de c\u00e9ramique \u00e9maill\u00e9e, un \u00e9l\u00e9ment iconique de l&rsquo;art d\u00e9coratif espagnol. Ce design frappant souligne non seulement la beaut\u00e9 de l&rsquo;oiseau nocturne, mais refl\u00e8te \u00e9galement la tradition de la mosa\u00efque, c\u00e9l\u00e8bre dans des villes comme Barcelone, o\u00f9 l&rsquo;art et la nature s&rsquo;entrelacent de mani\u00e8re sublime, comme dans l&rsquo;\u0153uvre de Gaud\u00ed.<\/p>\n<p>Cet aimant n&rsquo;est pas seulement un article d\u00e9coratif, mais un souvenir authentique qui encapsule l&rsquo;essence de l&rsquo;h\u00e9ritage culturel espagnol. Il sert de rappel fonctionnel des merveilles vues et v\u00e9cues lors d&rsquo;une visite en Espagne, ce qui en fait le souvenir parfait pour ceux qui cherchent \u00e0 emporter un petit morceau du pays. Chez Ol\u00e9 Mosaic, nous nous sp\u00e9cialisons dans la distribution de souvenirs en gros, et cet aimant de hibou est une excellente option pour les boutiques de cadeaux touristiques qui cherchent \u00e0 offrir des produits de qualit\u00e9 et de pertinence culturelle. C&rsquo;est un aimant id\u00e9al pour ceux qui souhaitent apporter une touche artistique et color\u00e9e \u00e0 leur maison, et un souvenir inoubliable de leur voyage.<\/p>\n","protected":false},"excerpt":{"rendered":"<p>Aimant m\u00e9tallique de 8 cm avec un design de hibou color\u00e9, style mosa\u00efque, \u00e9voquant la culture espagnole vibrante. Cet aimant attrayant montre un hibou orn\u00e9 d&rsquo;une vari\u00e9t\u00e9 de couleurs vives sur un fond de teintes bleues simulant des fragments de c\u00e9ramique \u00e9maill\u00e9e. Son design frappant capture l&rsquo;essence de l&rsquo;art d\u00e9coratif espagnol, en faisant un souvenir id\u00e9al et fonctionnel pour n&rsquo;importe quel r\u00e9frig\u00e9rateur.<\/p>\n","protected":false},"featured_media":11437,"template":"","meta":{"_acf_changed":false},"product_brand":[],"product_cat":[697],"product_tag":[530],"class_list":{"0":"post-30965","1":"product","2":"type-product","3":"status-publish","4":"has-post-thumbnail","6":"product_cat-aimants","7":"product_tag-animaux","8":"pa_motivo-hiboux","10":"first","11":"instock","12":"shipping-taxable","13":"product-type-simple"},"acf":[],"_links":{"self":[{"href":"https:\/\/olemosaic.com\/fr\/wp-json\/wp\/v2\/product\/30965","targetHints":{"allow":["GET"]}}],"collection":[{"href":"https:\/\/olemosaic.com\/fr\/wp-json\/wp\/v2\/product"}],"about":[{"href":"https:\/\/olemosaic.com\/fr\/wp-json\/wp\/v2\/types\/product"}],"wp:featuredmedia":[{"embeddable":true,"href":"https:\/\/olemosaic.com\/fr\/wp-json\/wp\/v2\/media\/11437"}],"wp:attachment":[{"href":"https:\/\/olemosaic.com\/fr\/wp-json\/wp\/v2\/media?parent=30965"}],"wp:term":[{"taxonomy":"product_brand","embeddable":true,"href":"https:\/\/olemosaic.com\/fr\/wp-json\/wp\/v2\/product_brand?post=30965"},{"taxonomy":"product_cat","embeddable":true,"href":"https:\/\/olemosaic.com\/fr\/wp-json\/wp\/v2\/product_cat?post=30965"},{"taxonomy":"product_tag","embeddable":true,"href":"https:\/\/olemosaic.com\/fr\/wp-json\/wp\/v2\/product_tag?post=30965"}],"curies":[{"name":"wp","href":"https:\/\/api.w.org\/{rel}","templated":true}]}}