{"id":30964,"date":"2025-02-20T22:32:46","date_gmt":"2025-02-20T22:32:46","guid":{"rendered":"http:\/\/olemosaic.com\/producto\/iman-de-metal-panoramica-segovia-plata-8-cm\/"},"modified":"2025-07-25T18:43:59","modified_gmt":"2025-07-25T16:43:59","slug":"aimant-en-metal-panoramique-segovie-argent-8-cm","status":"publish","type":"product","link":"https:\/\/olemosaic.com\/fr\/produit\/aimant-en-metal-panoramique-segovie-argent-8-cm\/","title":{"rendered":"Aimant en m\u00e9tal. Panoramique. S\u00e9govie. Argent. 8 cm."},"content":{"rendered":"<p>Cet aimant m\u00e9tallique panoramique de S\u00e9govie est un souvenir vibrant et captivant qui capture la majest\u00e9 splendide de l&rsquo;Aqueduc, l&rsquo;un des monuments les plus embl\u00e9matiques d&rsquo;Espagne. Avec sa taille de 8 cm, cet aimant attrayant se distingue par son design simulant une mosa\u00efque, utilisant une palette de couleurs vibrantes qui donne vie \u00e0 la repr\u00e9sentation de l&rsquo;aqueduc, compl\u00e9t\u00e9e par les maisons typiques qui caract\u00e9risent la ville, cr\u00e9ant une composition visuelle harmonieuse.<\/p>\n<p>L&rsquo;inscription \u00ab\u00a0SEGOVIA\u00a0\u00bb appara\u00eet en lettres en relief, apportant une touche distinctive qui rend ce souvenir facilement reconnaissable. Cet aimant est id\u00e9al pour orner n&rsquo;importe quelle surface m\u00e9tallique, que ce soit \u00e0 la maison ou au bureau, et sert de rappel tangible de la beaut\u00e9 historique de S\u00e9govie. La ville, d\u00e9clar\u00e9e patrimoine mondial par l&rsquo;UNESCO, est connue non seulement pour son impressionnant aqueduc, mais aussi pour sa riche histoire et son architecture m\u00e9di\u00e9vale.<\/p>\n<p>Chez Ol\u00e9 Mosaic, nous nous consacrons \u00e0 la distribution en gros de souvenirs de qualit\u00e9, comme cet aimant de S\u00e9govie, parfait pour les boutiques de cadeaux touristiques qui cherchent \u00e0 offrir des produits authentiques et significatifs. Cet aimant ne c\u00e9l\u00e8bre pas seulement la richesse culturelle espagnole, mais constitue \u00e9galement une excellente option pour les touristes qui souhaitent emporter avec eux un morceau de l&rsquo;histoire de S\u00e9govie. En tant que grossistes d&rsquo;aimants, nous garantissons que chaque pi\u00e8ce est un reflet authentique du patrimoine local.<\/p>\n","protected":false},"excerpt":{"rendered":"<p>Aimant m\u00e9tallique avec une charmante vue panoramique de l&rsquo;Aqueduc de S\u00e9govie. Cet aimant attrayant de 8 cm pr\u00e9sente un design color\u00e9 simulant une mosa\u00efque aux tons vibrants, soulignant la majest\u00e9 de l&rsquo;aqueduc aux c\u00f4t\u00e9s des maisons typiques de la ville. L&rsquo;inscription \u00ab\u00a0SEGOVIA\u00a0\u00bb se d\u00e9tache en lettres frappantes, ajoutant une touche distinctive. Id\u00e9al pour se souvenir de la beaut\u00e9 de cette ville historique espagnole sur n&rsquo;importe quelle surface m\u00e9tallique.<\/p>\n","protected":false},"featured_media":10451,"template":"","meta":{"_acf_changed":false},"product_brand":[],"product_cat":[697],"product_tag":[],"class_list":{"0":"post-30964","1":"product","2":"type-product","3":"status-publish","4":"has-post-thumbnail","6":"product_cat-aimants","7":"pa_ciudad-segovia","8":"pa_motivo-panoramas","9":"pa_pais-espana","11":"first","12":"instock","13":"shipping-taxable","14":"product-type-simple"},"acf":[],"_links":{"self":[{"href":"https:\/\/olemosaic.com\/fr\/wp-json\/wp\/v2\/product\/30964","targetHints":{"allow":["GET"]}}],"collection":[{"href":"https:\/\/olemosaic.com\/fr\/wp-json\/wp\/v2\/product"}],"about":[{"href":"https:\/\/olemosaic.com\/fr\/wp-json\/wp\/v2\/types\/product"}],"wp:featuredmedia":[{"embeddable":true,"href":"https:\/\/olemosaic.com\/fr\/wp-json\/wp\/v2\/media\/10451"}],"wp:attachment":[{"href":"https:\/\/olemosaic.com\/fr\/wp-json\/wp\/v2\/media?parent=30964"}],"wp:term":[{"taxonomy":"product_brand","embeddable":true,"href":"https:\/\/olemosaic.com\/fr\/wp-json\/wp\/v2\/product_brand?post=30964"},{"taxonomy":"product_cat","embeddable":true,"href":"https:\/\/olemosaic.com\/fr\/wp-json\/wp\/v2\/product_cat?post=30964"},{"taxonomy":"product_tag","embeddable":true,"href":"https:\/\/olemosaic.com\/fr\/wp-json\/wp\/v2\/product_tag?post=30964"}],"curies":[{"name":"wp","href":"https:\/\/api.w.org\/{rel}","templated":true}]}}