{"id":30963,"date":"2025-02-20T23:32:46","date_gmt":"2025-02-20T22:32:46","guid":{"rendered":"http:\/\/olemosaic.com\/producto\/iman-de-metal-panoramica-malaga-plata-8-cm\/"},"modified":"2025-07-25T18:46:53","modified_gmt":"2025-07-25T16:46:53","slug":"aimant-en-metal-panoramique-malaga-argent-8-cm","status":"publish","type":"product","link":"https:\/\/olemosaic.com\/fr\/produit\/aimant-en-metal-panoramique-malaga-argent-8-cm\/","title":{"rendered":"Aimant en m\u00e9tal. Panoramique. Malaga. Argent. 8 cm."},"content":{"rendered":"<p>Cet aimant panoramique en m\u00e9tal de Malaga est un souvenir vibrant qui capture l&rsquo;essence de cette merveilleuse ville andalouse. D&rsquo;une taille de 8 cm, cet accessoire attrayant pr\u00e9sente des illustrations iconiques telles que la c\u00e9l\u00e8bre Plaza de Toros et la majestueuse cath\u00e9drale, le tout encadr\u00e9 dans un design de mosa\u00efque andalouse qui \u00e9voque le riche patrimoine culturel de la r\u00e9gion. Les d\u00e9tails argent\u00e9s et la palette de couleurs vives \u2013 incluant des verts, des rouges et des jaunes \u2013 soulignent la beaut\u00e9 du paysage urbain de Malaga, offrant aux touristes un fragment de l&rsquo;histoire et du folklore de Malaga.<\/p>\n<p>Cet aimant est une excellente option pour ceux qui cherchent \u00e0 ramener chez eux un morceau authentique de cette ville charmante. Son design, qui combine des \u00e9l\u00e9ments architecturaux traditionnels avec un style artistique moderne, en fait un souvenir attrayant et une pi\u00e8ce d\u00e9corative id\u00e9ale pour n&rsquo;importe quel espace. En tant que distributeurs de souvenirs en gros, chez Ol\u00e9 Mosaic, nous proposons cet aimant de Malaga, parfait pour les boutiques de cadeaux touristiques qui souhaitent s&rsquo;approvisionner en produits repr\u00e9sentatifs et de qualit\u00e9. Avec sa connexion culturelle et esth\u00e9tique unique, cet aimant est, sans aucun doute, un souvenir qui vous fera revivre vos moments sp\u00e9ciaux \u00e0 Malaga chaque fois que vous le verrez.<\/p>\n","protected":false},"excerpt":{"rendered":"<p>Aimant m\u00e9tallique avec une vue panoramique color\u00e9e de Malaga, de 8 cm. Cet aimant attrayant pr\u00e9sente des illustrations iconiques de la ville, comme la c\u00e9l\u00e8bre Plaza de Toros et la cath\u00e9drale, le tout encadr\u00e9 dans un design vibrant qui \u00e9voque le style des mosa\u00efques andalouses. Les d\u00e9tails argent\u00e9s et les couleurs vives se distinguent, capturant l&rsquo;essence et le folklore de Malaga, parfait pour se souvenir de cette belle ville.<\/p>\n","protected":false},"featured_media":9626,"template":"","meta":{"_acf_changed":false},"product_brand":[],"product_cat":[697],"product_tag":[],"class_list":{"0":"post-30963","1":"product","2":"type-product","3":"status-publish","4":"has-post-thumbnail","6":"product_cat-aimants","7":"pa_ciudad-malaga","8":"pa_motivo-panoramas","9":"pa_pais-espana","11":"first","12":"instock","13":"shipping-taxable","14":"product-type-simple"},"acf":[],"_links":{"self":[{"href":"https:\/\/olemosaic.com\/fr\/wp-json\/wp\/v2\/product\/30963","targetHints":{"allow":["GET"]}}],"collection":[{"href":"https:\/\/olemosaic.com\/fr\/wp-json\/wp\/v2\/product"}],"about":[{"href":"https:\/\/olemosaic.com\/fr\/wp-json\/wp\/v2\/types\/product"}],"wp:featuredmedia":[{"embeddable":true,"href":"https:\/\/olemosaic.com\/fr\/wp-json\/wp\/v2\/media\/9626"}],"wp:attachment":[{"href":"https:\/\/olemosaic.com\/fr\/wp-json\/wp\/v2\/media?parent=30963"}],"wp:term":[{"taxonomy":"product_brand","embeddable":true,"href":"https:\/\/olemosaic.com\/fr\/wp-json\/wp\/v2\/product_brand?post=30963"},{"taxonomy":"product_cat","embeddable":true,"href":"https:\/\/olemosaic.com\/fr\/wp-json\/wp\/v2\/product_cat?post=30963"},{"taxonomy":"product_tag","embeddable":true,"href":"https:\/\/olemosaic.com\/fr\/wp-json\/wp\/v2\/product_tag?post=30963"}],"curies":[{"name":"wp","href":"https:\/\/api.w.org\/{rel}","templated":true}]}}