{"id":30962,"date":"2025-02-20T23:32:46","date_gmt":"2025-02-20T22:32:46","guid":{"rendered":"http:\/\/olemosaic.com\/producto\/iman-de-metal-panoramica-lisboa-8-cm-4\/"},"modified":"2025-07-25T18:55:00","modified_gmt":"2025-07-25T16:55:00","slug":"aimant-en-metal-panoramique-lisbonne-8-cm-4","status":"publish","type":"product","link":"https:\/\/olemosaic.com\/fr\/produit\/aimant-en-metal-panoramique-lisbonne-8-cm-4\/","title":{"rendered":"Aimant en m\u00e9tal. Panoramique. Lisbonne. Toits. Portugal. 8 cm."},"content":{"rendered":"<p>Cet aimant m\u00e9tallique panoramique de Lisbonne est un v\u00e9ritable symbole de la beaut\u00e9 et du charme de la capitale portugaise. Avec ses 8 cm, il offre une repr\u00e9sentation vibrante des toits embl\u00e9matiques de la ville, o\u00f9 se distinguent des maisons aux tons chauds refl\u00e9tant l&rsquo;architecture unique de Lisbonne. Au centre, brille la coupole de l&rsquo;une de ses \u00e9glises les plus embl\u00e9matiques, un \u00e9l\u00e9ment iconique qui capture l&rsquo;essence du paysage lisbo\u00e8te.<\/p>\n<p>Le design color\u00e9 est encadr\u00e9 par des motifs traditionnels portugais, qui non seulement embellissent l&rsquo;aimant, mais soulignent \u00e9galement le riche h\u00e9ritage culturel de la r\u00e9gion. Ce souvenir est parfait pour ceux qui cherchent \u00e0 ramener chez eux un morceau de Lisbonne, en se rappelant ses rues color\u00e9es et son atmosph\u00e8re vibrante. De plus, sa base m\u00e9tallique solide assure sa durabilit\u00e9, permettant \u00e0 ce souvenir de durer dans le temps.<\/p>\n<p>Ol\u00e9 Mosaic, en tant que distributeur en gros de souvenirs, propose cet aimant de Lisbonne aux boutiques de cadeaux touristiques souhaitant des produits authentiques et repr\u00e9sentatifs du Portugal. Cet aimant n&rsquo;est pas seulement un accessoire d\u00e9coratif, mais un rappel des souvenirs v\u00e9cus dans l&rsquo;une des villes les plus fascinantes d&rsquo;Europe, devenant une excellente option pour ceux qui cherchent \u00e0 se distinguer avec un souvenir de qualit\u00e9.<\/p>\n","protected":false},"excerpt":{"rendered":"<p>Aimant m\u00e9tallique avec une vue panoramique attrayante de Lisbonne, de 8 cm. Ce design color\u00e9 pr\u00e9sente une vue vibrante des toits de la ville, avec des maisons aux tons chauds et un fond bleu radieux. Au centre se d\u00e9tache la coupole d&rsquo;une \u00e9glise embl\u00e9matique, tandis qu&rsquo;autour, une bordure aux motifs traditionnels portugais apporte une touche distinctive. Un souvenir parfait qui capture l&rsquo;essence et la beaut\u00e9 du paysage embl\u00e9matique de Lisbonne.<\/p>\n","protected":false},"featured_media":11198,"template":"","meta":{"_acf_changed":false},"product_brand":[],"product_cat":[697],"product_tag":[],"class_list":{"0":"post-30962","1":"product","2":"type-product","3":"status-publish","4":"has-post-thumbnail","6":"product_cat-aimants","7":"pa_ciudad-lisboa","8":"pa_motivo-panoramas","9":"pa_pais-portugal","11":"first","12":"instock","13":"shipping-taxable","14":"product-type-simple"},"acf":[],"_links":{"self":[{"href":"https:\/\/olemosaic.com\/fr\/wp-json\/wp\/v2\/product\/30962","targetHints":{"allow":["GET"]}}],"collection":[{"href":"https:\/\/olemosaic.com\/fr\/wp-json\/wp\/v2\/product"}],"about":[{"href":"https:\/\/olemosaic.com\/fr\/wp-json\/wp\/v2\/types\/product"}],"wp:featuredmedia":[{"embeddable":true,"href":"https:\/\/olemosaic.com\/fr\/wp-json\/wp\/v2\/media\/11198"}],"wp:attachment":[{"href":"https:\/\/olemosaic.com\/fr\/wp-json\/wp\/v2\/media?parent=30962"}],"wp:term":[{"taxonomy":"product_brand","embeddable":true,"href":"https:\/\/olemosaic.com\/fr\/wp-json\/wp\/v2\/product_brand?post=30962"},{"taxonomy":"product_cat","embeddable":true,"href":"https:\/\/olemosaic.com\/fr\/wp-json\/wp\/v2\/product_cat?post=30962"},{"taxonomy":"product_tag","embeddable":true,"href":"https:\/\/olemosaic.com\/fr\/wp-json\/wp\/v2\/product_tag?post=30962"}],"curies":[{"name":"wp","href":"https:\/\/api.w.org\/{rel}","templated":true}]}}