{"id":30956,"date":"2025-02-20T23:32:45","date_gmt":"2025-02-20T22:32:45","guid":{"rendered":"http:\/\/olemosaic.com\/producto\/iman-de-metal-panoramica-barcelona-negro-8-cm-5\/"},"modified":"2025-07-25T18:58:11","modified_gmt":"2025-07-25T16:58:11","slug":"aimant-en-metal-panoramique-barcelone-noir-8-cm-5","status":"publish","type":"product","link":"https:\/\/olemosaic.com\/fr\/produit\/aimant-en-metal-panoramique-barcelone-noir-8-cm-5\/","title":{"rendered":"Aimant en m\u00e9tal. Panoramique. Sagrada Familia. Barcelone. Noir. 8 cm."},"content":{"rendered":"<p>Cet aimant en m\u00e9tal panoramique de Barcelone est un v\u00e9ritable joyau visuel qui capture l&rsquo;essence vibrante de la cit\u00e9 comtale. D&rsquo;une taille de 8 cm, ce souvenir attrayant se distingue par son design artistique pr\u00e9sentant une repr\u00e9sentation color\u00e9e de certains des monuments les plus embl\u00e9matiques de Barcelone, tels que l&rsquo;iconique Sagrada Familia et le c\u00e9l\u00e8bre Parc G\u00fcell, le tout sur un \u00e9l\u00e9gant fond noir. Les illustrations, qui \u00e9voquent les mosa\u00efques uniques de Gaud\u00ed, montrent une explosion de couleurs qui ravira les amateurs d&rsquo;art et d&rsquo;architecture. Chaque d\u00e9tail, de la majest\u00e9 des tours de la Sagrada Familia aux \u00e9l\u00e9ments d\u00e9coratifs amusants du Parc G\u00fcell, est soigneusement con\u00e7u pour offrir une exp\u00e9rience visuelle percutante et authentique.<\/p>\n<p>Cet aimant n&rsquo;est pas seulement un accessoire d\u00e9coratif pour la maison, mais aussi un souvenir culturel repr\u00e9sentatif de la riche histoire et du patrimoine artistique de Barcelone. Id\u00e9al pour les touristes \u00e0 la recherche d&rsquo;un lien tangible avec la ville ou pour ceux qui souhaitent partager un morceau de Barcelone avec leurs amis et leur famille. Chez Ol\u00e9 Mosaic, nous nous consacrons \u00e0 la distribution de souvenirs en gros, et cet aimant de Barcelone est une option exceptionnelle pour les boutiques de cadeaux touristiques qui souhaitent proposer des produits authentiques et de qualit\u00e9. Avec son design attrayant et sa pertinence culturelle, il devient un souvenir de Barcelone indispensable.<\/p>\n","protected":false},"excerpt":{"rendered":"<p>Aimant m\u00e9tallique avec une vue panoramique attrayante de Barcelone, con\u00e7u avec un style artistique vibrant et color\u00e9 sur un fond noir. Cet aimant de 8 cm pr\u00e9sente des illustrations iconiques telles que la Sagrada Familia et le Park G\u00fcell, repr\u00e9sent\u00e9es dans un style rappelant les mosa\u00efques de Gaud\u00ed. Un souvenir parfait pour \u00e9voquer la beaut\u00e9 de la cit\u00e9 comtale ou pour la partager avec ses amis et sa famille.<\/p>\n","protected":false},"featured_media":11406,"template":"","meta":{"_acf_changed":false},"product_brand":[],"product_cat":[697],"product_tag":[],"class_list":{"0":"post-30956","1":"product","2":"type-product","3":"status-publish","4":"has-post-thumbnail","6":"product_cat-aimants","7":"pa_ciudad-barcelona","8":"pa_motivo-panoramas","9":"pa_pais-espana","11":"first","12":"instock","13":"shipping-taxable","14":"product-type-simple"},"acf":[],"_links":{"self":[{"href":"https:\/\/olemosaic.com\/fr\/wp-json\/wp\/v2\/product\/30956","targetHints":{"allow":["GET"]}}],"collection":[{"href":"https:\/\/olemosaic.com\/fr\/wp-json\/wp\/v2\/product"}],"about":[{"href":"https:\/\/olemosaic.com\/fr\/wp-json\/wp\/v2\/types\/product"}],"wp:featuredmedia":[{"embeddable":true,"href":"https:\/\/olemosaic.com\/fr\/wp-json\/wp\/v2\/media\/11406"}],"wp:attachment":[{"href":"https:\/\/olemosaic.com\/fr\/wp-json\/wp\/v2\/media?parent=30956"}],"wp:term":[{"taxonomy":"product_brand","embeddable":true,"href":"https:\/\/olemosaic.com\/fr\/wp-json\/wp\/v2\/product_brand?post=30956"},{"taxonomy":"product_cat","embeddable":true,"href":"https:\/\/olemosaic.com\/fr\/wp-json\/wp\/v2\/product_cat?post=30956"},{"taxonomy":"product_tag","embeddable":true,"href":"https:\/\/olemosaic.com\/fr\/wp-json\/wp\/v2\/product_tag?post=30956"}],"curies":[{"name":"wp","href":"https:\/\/api.w.org\/{rel}","templated":true}]}}