{"id":30955,"date":"2025-02-20T22:32:45","date_gmt":"2025-02-20T22:32:45","guid":{"rendered":"http:\/\/olemosaic.com\/producto\/iman-de-metal-panoramica-barcelona-azul-8-cm\/"},"modified":"2025-07-25T18:58:08","modified_gmt":"2025-07-25T16:58:08","slug":"aimant-en-metal-panoramique-barcelone-bleu-8-cm","status":"publish","type":"product","link":"https:\/\/olemosaic.com\/fr\/produit\/aimant-en-metal-panoramique-barcelone-bleu-8-cm\/","title":{"rendered":"Aimant en m\u00e9tal. Panoramique. Barcelone. Bleu. 8 cm."},"content":{"rendered":"<p>Cet aimant panoramique en m\u00e9tal de Barcelone est une pi\u00e8ce vibrante qui capture l&rsquo;essence artistique et culturelle de cette ville espagnole embl\u00e9matique. D&rsquo;une taille de 8 cm, l&rsquo;aimant met en avant des \u00e9l\u00e9ments iconiques tels que la majestueuse Sagrada Familia et le color\u00e9 Parc G\u00fcell, tous deux chefs-d&rsquo;\u0153uvre du c\u00e9l\u00e8bre architecte Antoni Gaud\u00ed. Le design joyeux pr\u00e9sente une mosa\u00efque dans des tons bleus, rouges et verts, \u00e9voquant la c\u00e9l\u00e8bre technique du trencad\u00eds qui caract\u00e9rise de nombreuses \u0153uvres de Gaud\u00ed. Le texte \u00ab\u00a0Barcelone\u00a0\u00bb, imprim\u00e9 avec des lettres color\u00e9es sur la partie sup\u00e9rieure, ajoute une touche distinctive qui fait de cet aimant un souvenir parfait de la ville.<\/p>\n<p>Cet aimant n&rsquo;est pas seulement fonctionnel, c&rsquo;est aussi un authentique souvenir qui refl\u00e8te la vibrante culture catalane. La repr\u00e9sentation de la Sagrada Familia, encore en construction, symbolise l&rsquo;ambition et l&rsquo;esprit cr\u00e9atif de Barcelone, tandis que le Parc G\u00fcell repr\u00e9sente l&rsquo;int\u00e9gration de l&rsquo;art dans la nature. Chez Ol\u00e9 Mosaic, nous sommes des distributeurs en gros de souvenirs et cette pi\u00e8ce est id\u00e9ale pour les boutiques de cadeaux touristiques qui cherchent \u00e0 offrir \u00e0 leurs clients un souvenir authentique et repr\u00e9sentatif de Barcelone. Avec son design attrayant et sa signification culturelle, cet aimant est une excellente option pour ceux qui souhaitent emporter un morceau de Barcelone chez eux.<\/p>\n","protected":false},"excerpt":{"rendered":"<p>Aimant m\u00e9tallique avec une vue panoramique color\u00e9e de Barcelone, o\u00f9 se distinguent des \u00e9l\u00e9ments iconiques tels que la Sagrada Familia et le Park G\u00fcell. D&rsquo;une taille de 8 cm, cet aimant pr\u00e9sente un design vibrant dans des tons bleus, rouges et verts, imitant une mosa\u00efque et capturant l&rsquo;essence artistique de la ville. Le mot \u00ab\u00a0Barcelone\u00a0\u00bb est imprim\u00e9 sur la partie sup\u00e9rieure, ajoutant une touche distinctive qui en fait un souvenir parfait de cette ville embl\u00e9matique.<\/p>\n","protected":false},"featured_media":8168,"template":"","meta":{"_acf_changed":false},"product_brand":[],"product_cat":[697],"product_tag":[],"class_list":{"0":"post-30955","1":"product","2":"type-product","3":"status-publish","4":"has-post-thumbnail","6":"product_cat-aimants","7":"pa_ciudad-barcelona","8":"pa_motivo-panoramas","9":"pa_pais-espana","11":"first","12":"instock","13":"shipping-taxable","14":"product-type-simple"},"acf":[],"_links":{"self":[{"href":"https:\/\/olemosaic.com\/fr\/wp-json\/wp\/v2\/product\/30955","targetHints":{"allow":["GET"]}}],"collection":[{"href":"https:\/\/olemosaic.com\/fr\/wp-json\/wp\/v2\/product"}],"about":[{"href":"https:\/\/olemosaic.com\/fr\/wp-json\/wp\/v2\/types\/product"}],"wp:featuredmedia":[{"embeddable":true,"href":"https:\/\/olemosaic.com\/fr\/wp-json\/wp\/v2\/media\/8168"}],"wp:attachment":[{"href":"https:\/\/olemosaic.com\/fr\/wp-json\/wp\/v2\/media?parent=30955"}],"wp:term":[{"taxonomy":"product_brand","embeddable":true,"href":"https:\/\/olemosaic.com\/fr\/wp-json\/wp\/v2\/product_brand?post=30955"},{"taxonomy":"product_cat","embeddable":true,"href":"https:\/\/olemosaic.com\/fr\/wp-json\/wp\/v2\/product_cat?post=30955"},{"taxonomy":"product_tag","embeddable":true,"href":"https:\/\/olemosaic.com\/fr\/wp-json\/wp\/v2\/product_tag?post=30955"}],"curies":[{"name":"wp","href":"https:\/\/api.w.org\/{rel}","templated":true}]}}