{"id":30954,"date":"2025-02-20T23:32:45","date_gmt":"2025-02-20T22:32:45","guid":{"rendered":"http:\/\/olemosaic.com\/producto\/iman-de-metal-panoramica-barcelona-8-cm-11\/"},"modified":"2025-07-25T20:44:23","modified_gmt":"2025-07-25T18:44:23","slug":"aimant-en-metal-panoramique-barcelone-8-cm-11","status":"publish","type":"product","link":"https:\/\/olemosaic.com\/fr\/produit\/aimant-en-metal-panoramique-barcelone-8-cm-11\/","title":{"rendered":"Aimant en m\u00e9tal. Panoramique. Parc G\u00fcell. Barcelone. 8 cm."},"content":{"rendered":"<p>Cet aimant panoramique en m\u00e9tal de Barcelone est un souvenir vibrant qui capture l&rsquo;essence unique de cette ville embl\u00e9matique. Avec des dimensions de 8 cm, cet aimant attrayant pr\u00e9sente une splendide mosa\u00efque inspir\u00e9e de l&rsquo;\u0153uvre du c\u00e9l\u00e8bre architecte Antoni Gaud\u00ed, ajoutant une touche artistique et sp\u00e9ciale \u00e0 tout espace que vous d\u00e9cidez de d\u00e9corer. Dans son design, des \u00e9l\u00e9ments iconiques se distinguent, tels que la majest\u00e9 de la Sagrada Familia et le serpent color\u00e9 du Parc G\u00fcell, tous deux symboles ins\u00e9parables de la culture et de l&rsquo;architecture catalanes. Les tons brillants de rouge, bleu et jaune contrastent avec un fond de tonalit\u00e9s bleues, symbolisant la vision cr\u00e9ative et r\u00e9volutionnaire qui caract\u00e9rise Barcelone.<\/p>\n<p>Cet aimant n&rsquo;est pas seulement un accessoire d\u00e9coratif, mais un v\u00e9ritable reflet de la richesse culturelle de la ville, parfait pour les touristes qui souhaitent ramener un petit morceau de Barcelone chez eux. Chez Ol\u00e9 Mosaic, nous comprenons l&rsquo;importance de proposer des souvenirs authentiques qui racontent des histoires et repr\u00e9sentent l&rsquo;h\u00e9ritage culturel de leur origine. Cet aimant en m\u00e9tal est une option id\u00e9ale pour les boutiques de cadeaux touristiques, car il combine art, fonctionnalit\u00e9 et une touche de nostalgie, devenant un excellent cadeau ou souvenir qui durera dans le temps. En tant que grossiste de souvenirs, nous garantissons une s\u00e9lection de produits qui incarnent l&rsquo;essence de chaque destination.<\/p>\n","protected":false},"excerpt":{"rendered":"<p>Aimant m\u00e9tallique avec une vue panoramique vibrante de Barcelone, de 8 cm. Cet aimant attrayant pr\u00e9sente une repr\u00e9sentation color\u00e9e de la c\u00e9l\u00e8bre mosa\u00efque de Gaud\u00ed, avec des d\u00e9tails iconiques tels que la Sagrada Familia et le Parc G\u00fcell. Les tons brillants rouges, bleus et jaunes ressortent sur un fond bleut\u00e9, capturant l&rsquo;essence artistique et architectonique de la ville. Parfait comme souvenir ou pour d\u00e9corer la maison, il refl\u00e8te la richesse culturelle de Barcelone.<\/p>\n","protected":false},"featured_media":8993,"template":"","meta":{"_acf_changed":false},"product_brand":[],"product_cat":[697],"product_tag":[],"class_list":{"0":"post-30954","1":"product","2":"type-product","3":"status-publish","4":"has-post-thumbnail","6":"product_cat-aimants","7":"pa_ciudad-barcelona","8":"pa_motivo-panoramas","9":"pa_pais-espana","11":"first","12":"instock","13":"shipping-taxable","14":"product-type-simple"},"acf":[],"_links":{"self":[{"href":"https:\/\/olemosaic.com\/fr\/wp-json\/wp\/v2\/product\/30954","targetHints":{"allow":["GET"]}}],"collection":[{"href":"https:\/\/olemosaic.com\/fr\/wp-json\/wp\/v2\/product"}],"about":[{"href":"https:\/\/olemosaic.com\/fr\/wp-json\/wp\/v2\/types\/product"}],"wp:featuredmedia":[{"embeddable":true,"href":"https:\/\/olemosaic.com\/fr\/wp-json\/wp\/v2\/media\/8993"}],"wp:attachment":[{"href":"https:\/\/olemosaic.com\/fr\/wp-json\/wp\/v2\/media?parent=30954"}],"wp:term":[{"taxonomy":"product_brand","embeddable":true,"href":"https:\/\/olemosaic.com\/fr\/wp-json\/wp\/v2\/product_brand?post=30954"},{"taxonomy":"product_cat","embeddable":true,"href":"https:\/\/olemosaic.com\/fr\/wp-json\/wp\/v2\/product_cat?post=30954"},{"taxonomy":"product_tag","embeddable":true,"href":"https:\/\/olemosaic.com\/fr\/wp-json\/wp\/v2\/product_tag?post=30954"}],"curies":[{"name":"wp","href":"https:\/\/api.w.org\/{rel}","templated":true}]}}