{"id":30952,"date":"2025-02-20T22:32:44","date_gmt":"2025-02-20T22:32:44","guid":{"rendered":"http:\/\/olemosaic.com\/producto\/iman-de-metal-gato-gran-canaria-8-cm\/"},"modified":"2025-07-25T20:20:19","modified_gmt":"2025-07-25T18:20:19","slug":"aimant-en-metal-chat-gran-canaria-8-cm","status":"publish","type":"product","link":"https:\/\/olemosaic.com\/fr\/produit\/aimant-en-metal-chat-gran-canaria-8-cm\/","title":{"rendered":"Aimant en m\u00e9tal. Chat. Gran Canaria. 8 cm."},"content":{"rendered":"<p>Cet aimant m\u00e9tallique, inspir\u00e9 du c\u00e9l\u00e8bre chat en mosa\u00efque de Gran Canaria, est un souvenir vibrant et color\u00e9 qui capture l&rsquo;essence artistique de l&rsquo;\u00eele. D&rsquo;une taille de 8 cm, il pr\u00e9sente un design exquis qui \u00e9mule la technique de la mosa\u00efque, un art traditionnel profond\u00e9ment enracin\u00e9 dans la culture canarienne. La figure du chat, symbole d&rsquo;ing\u00e9niosit\u00e9 et de curiosit\u00e9, est m\u00e9ticuleusement con\u00e7ue avec une palette vari\u00e9e de couleurs \u00e9clatantes, allant du bleu au jaune, rouge et vert, \u00e9voquant la joie et l&rsquo;atmosph\u00e8re chaleureuse de Gran Canaria.<\/p>\n<p>Le fond bleu c\u00e9leste compl\u00e8te parfaitement le corps du chat, permettant \u00e0 l&rsquo;art de la mosa\u00efque de ressortir de mani\u00e8re charmante et caract\u00e9ristique. Les bords de l&rsquo;aimant sont finis avec un design \u00e9l\u00e9gant, qui ajoute une touche suppl\u00e9mentaire de sophistication et d&rsquo;originalit\u00e9. Cet aimant est non seulement id\u00e9al pour d\u00e9corer n&rsquo;importe quel espace, que ce soit \u00e0 la maison ou au bureau, mais il fonctionne \u00e9galement comme un excellent souvenir de Gran Canaria, offrant aux touristes une petite pi\u00e8ce de culture locale qui rappellera chaque visite.<\/p>\n<p>Chez Ol\u00e9 Mosaic, nous nous sp\u00e9cialisons dans la distribution de souvenirs en gros, et cet aimant de chat canarien se distingue comme une option id\u00e9ale pour les boutiques de cadeaux touristiques \u00e0 la recherche de produits authentiques avec une signification culturelle. C&rsquo;est un souvenir repr\u00e9sentatif qui capte l&rsquo;essence de Gran Canaria et qui est parfait pour ceux qui recherchent des souvenirs uniques de leur voyage.<\/p>\n","protected":false},"excerpt":{"rendered":"<p>Aimant en m\u00e9tal inspir\u00e9 du c\u00e9l\u00e8bre chat en mosa\u00efque de Gran Canaria. D&rsquo;une taille de 8 cm, cet aimant pr\u00e9sente un design vibrant et color\u00e9, avec une palette vari\u00e9e qui \u00e9voque l&rsquo;art et la culture de l&rsquo;\u00eele. Le fond bleu compl\u00e8te le chat, avec une finition qui imite le style d&rsquo;une mosa\u00efque, ce qui lui conf\u00e8re un caract\u00e8re distinctif. Id\u00e9al pour d\u00e9corer vos espaces ou comme souvenir de cette belle r\u00e9gion.<\/p>\n","protected":false},"featured_media":12843,"template":"","meta":{"_acf_changed":false},"product_brand":[],"product_cat":[697],"product_tag":[530],"class_list":{"0":"post-30952","1":"product","2":"type-product","3":"status-publish","4":"has-post-thumbnail","6":"product_cat-aimants","7":"product_tag-animaux","8":"pa_ciudad-gran-canaria","9":"pa_motivo-chats","10":"pa_pais-espana","12":"first","13":"instock","14":"shipping-taxable","15":"product-type-simple"},"acf":[],"_links":{"self":[{"href":"https:\/\/olemosaic.com\/fr\/wp-json\/wp\/v2\/product\/30952","targetHints":{"allow":["GET"]}}],"collection":[{"href":"https:\/\/olemosaic.com\/fr\/wp-json\/wp\/v2\/product"}],"about":[{"href":"https:\/\/olemosaic.com\/fr\/wp-json\/wp\/v2\/types\/product"}],"wp:featuredmedia":[{"embeddable":true,"href":"https:\/\/olemosaic.com\/fr\/wp-json\/wp\/v2\/media\/12843"}],"wp:attachment":[{"href":"https:\/\/olemosaic.com\/fr\/wp-json\/wp\/v2\/media?parent=30952"}],"wp:term":[{"taxonomy":"product_brand","embeddable":true,"href":"https:\/\/olemosaic.com\/fr\/wp-json\/wp\/v2\/product_brand?post=30952"},{"taxonomy":"product_cat","embeddable":true,"href":"https:\/\/olemosaic.com\/fr\/wp-json\/wp\/v2\/product_cat?post=30952"},{"taxonomy":"product_tag","embeddable":true,"href":"https:\/\/olemosaic.com\/fr\/wp-json\/wp\/v2\/product_tag?post=30952"}],"curies":[{"name":"wp","href":"https:\/\/api.w.org\/{rel}","templated":true}]}}