{"id":30941,"date":"2025-02-20T22:32:44","date_gmt":"2025-02-20T22:32:44","guid":{"rendered":"http:\/\/olemosaic.com\/producto\/iman-de-metal-bailaora-marbella-plata-8-cm\/"},"modified":"2025-07-25T18:52:54","modified_gmt":"2025-07-25T16:52:54","slug":"aimant-metal-danseuse-flamenco-marbella-argent-8-cm","status":"publish","type":"product","link":"https:\/\/olemosaic.com\/fr\/produit\/aimant-metal-danseuse-flamenco-marbella-argent-8-cm\/","title":{"rendered":"Aimant en m\u00e9tal. Danseuse de flamenco. Marbella. Argent. 8 cm."},"content":{"rendered":"<p>Cet aimant m\u00e9tallique, illustr\u00e9 d&rsquo;une vibrante danseuse de flamenco (bailaora), est un v\u00e9ritable hommage au folklore andalou et repr\u00e9sente le charme de Marbella. Avec ses 8 cm, ce bel aimant se distingue par son design color\u00e9 et sa finition argent\u00e9e, qui lui conf\u00e8re une touche \u00e9l\u00e9gante et contemporaine. La figure de la danseuse, captur\u00e9e dans un mouvement dynamique, porte une robe pleine de tons vibrants qui \u00e9voquent la joie et la passion du flamenco, un art traditionnel profond\u00e9ment enracin\u00e9 dans la culture espagnole.<\/p>\n<p>Le fond de l&rsquo;aimant pr\u00e9sente une mosa\u00efque qui refl\u00e8te l&rsquo;h\u00e9ritage artistique de la r\u00e9gion, faisant \u00e9cho aux fa\u00e7ades color\u00e9es andalouses. Ce souvenir n&rsquo;est pas seulement un objet d\u00e9coratif, mais aussi un rappel tangible de la riche culture et des traditions de Marbella, parfait pour ceux qui souhaitent emporter un morceau de cette belle ville. Dans le cadre de l&rsquo;offre d&rsquo;Ol\u00e9 Mosaic, cet aimant de danseuse est id\u00e9al pour les boutiques de cadeaux touristiques \u00e0 la recherche de produits authentiques et repr\u00e9sentatifs de l&rsquo;Espagne. Les souvenirs de Marbella, comme cet aimant, sont un excellent choix pour les touristes qui souhaitent conserver un souvenir significatif de leur visite, en plus d&rsquo;\u00eatre un cadeau attrayant pour les amis et la famille. Avec cet aimant, chaque fois que vous le regarderez, vous revivrez les charmes du flamenco et la chaleur du sud de l&rsquo;Espagne.<\/p>\n","protected":false},"excerpt":{"rendered":"<p>Aimant m\u00e9tallique illustr\u00e9 d&rsquo;une vibrante danseuse de flamenco v\u00eatue d&rsquo;une robe aux couleurs rendant hommage au folklore andalou, repr\u00e9sentant le charme de Marbella. D&rsquo;une taille de 8 cm, cet aimant se distingue par son design color\u00e9 et sa finition argent\u00e9e, \u00e9voquant les mosa\u00efques et la joie de la culture flamenca. La figure de la danseuse, captur\u00e9e en mouvement, ajoute une touche artistique et festive \u00e0 toute surface magn\u00e9tique.<\/p>\n","protected":false},"featured_media":10548,"template":"","meta":{"_acf_changed":false},"product_brand":[],"product_cat":[697],"product_tag":[],"class_list":{"0":"post-30941","1":"product","2":"type-product","3":"status-publish","4":"has-post-thumbnail","6":"product_cat-aimants","7":"pa_ciudad-marbella","8":"pa_motivo-danseurs","9":"pa_pais-espana","11":"first","12":"instock","13":"shipping-taxable","14":"product-type-simple"},"acf":[],"_links":{"self":[{"href":"https:\/\/olemosaic.com\/fr\/wp-json\/wp\/v2\/product\/30941","targetHints":{"allow":["GET"]}}],"collection":[{"href":"https:\/\/olemosaic.com\/fr\/wp-json\/wp\/v2\/product"}],"about":[{"href":"https:\/\/olemosaic.com\/fr\/wp-json\/wp\/v2\/types\/product"}],"wp:featuredmedia":[{"embeddable":true,"href":"https:\/\/olemosaic.com\/fr\/wp-json\/wp\/v2\/media\/10548"}],"wp:attachment":[{"href":"https:\/\/olemosaic.com\/fr\/wp-json\/wp\/v2\/media?parent=30941"}],"wp:term":[{"taxonomy":"product_brand","embeddable":true,"href":"https:\/\/olemosaic.com\/fr\/wp-json\/wp\/v2\/product_brand?post=30941"},{"taxonomy":"product_cat","embeddable":true,"href":"https:\/\/olemosaic.com\/fr\/wp-json\/wp\/v2\/product_cat?post=30941"},{"taxonomy":"product_tag","embeddable":true,"href":"https:\/\/olemosaic.com\/fr\/wp-json\/wp\/v2\/product_tag?post=30941"}],"curies":[{"name":"wp","href":"https:\/\/api.w.org\/{rel}","templated":true}]}}